{"id":1257,"date":"2017-05-09T19:53:25","date_gmt":"2017-05-09T16:53:25","guid":{"rendered":"http:\/\/patsosescape.com\/?page_id=1257"},"modified":"2021-04-30T17:51:54","modified_gmt":"2021-04-30T14:51:54","slug":"climbing-routes-patsos-gorge","status":"publish","type":"page","link":"https:\/\/patsosescape.com\/pl\/climbing-routes-patsos-gorge\/","title":{"rendered":"Wspinaczka w w\u0105wozie Patsos"},"content":{"rendered":"<h1><strong><u>POLE WSPINACZKI SKA\u0141OWEJ - w w\u0105wozie Patsos (AMARI, Rethymnon Kreta)<br \/>\n<\/u><\/strong><\/h1>\n<p>Dla tych z naszych przyjaci\u00f3\u0142, kt\u00f3rzy chcieliby cieszy\u0107 si\u0119 wspinaczk\u0105 na ska\u0142\u0119, mogli to zrobi\u0107. Pole wspinaczkowe po\u0142o\u017cone jest w wyj\u0105tkowym i niespotykanym naturalnym pi\u0119knie <strong>W\u0105w\u00f3z Patsos<\/strong>. 2 km samochodem od ma\u0142ego tradycyjnego <strong>tawerna Patsos<\/strong> do parkingu (bezp\u0142atnie). Od parkingu 500m pieszo.<\/p>\n<p>Wi\u0119cej informacji o tym, jak dotr\u0105 do tego miejsca, mo\u017cna uzyska\u0107 (bezp\u0142atnie) w ma\u0142ej tradycyjnej tawernie Patsos.<\/p>\n<p>Warunkiem koniecznym jest posiadanie w\u0142asnego sprz\u0119tu wspinaczkowego.<\/p>\n<p>Zobacz poni\u017cszy film:<\/p>\n<div class=\"themeblvd-video-wrapper\">\n<div class=\"video-inner\"><iframe loading=\"lazy\" title=\"\u0391\u039d\u0391\u03a1\u03a1\u0399\u03a7\u0397\u03a3\u0395\u0399\u03a3 \u03a3\u03a4\u039f \u03a6\u0391\u03a1\u0391\u0393\u0393\u0399 \u03a4\u0397\u03a3 \u03a0\u0391\u03a4\u03a3\u039f\u03a5\" width=\"940\" height=\"705\" src=\"https:\/\/www.youtube.com\/embed\/Te3L0TI0Rp4?feature=oembed&#038;wmode=transparent\" frameborder=\"0\" allow=\"accelerometer; autoplay; clipboard-write; encrypted-media; gyroscope; picture-in-picture\" allowfullscreen><\/iframe><\/div>\n<\/div>\n<p>&nbsp;<\/p>\n<h3><strong>Najlepsze zaj\u0119cia na \u015bwie\u017cym powietrzu i wycieczki na Krecie<\/strong><\/h3>\n<ul>\n<li id=\"menu-item-2815\" class=\"menu-item menu-item-type-custom menu-item-object-custom menu-item-has-children menu-item-2815 sfHover\"><a class=\"sf-with-ul\">Trasy piesze \/ trekkingowe w Retimno CRETE (W\u0105w\u00f3z Patsos \/ AMARI)&nbsp; <\/a>\n<ul class=\"sub-menu\">\n<li id=\"menu-item-2793\" class=\"menu-item menu-item-type-post_type menu-item-object-page menu-item-2793\"><a href=\"https:\/\/patsosescape.com\/pl\/hiking-routes\/\">Instrukcja pieszych w\u0119dr\u00f3wek na trekking w rejonie Patsos (Retimno na Krecie)<\/a><\/li>\n<li><a title=\"W\u0119dr\u00f3wka do w\u0105wozu Patsos (TRASA NR 1)\" href=\"\/pl\/hiking-to-the-gorge-of-patsos\/\">W\u0119dr\u00f3wka do w\u0105wozu Patsos (TRASA NR 1)<\/a><\/li>\n<li id=\"menu-item-2762\" class=\"menu-item menu-item-type-post_type menu-item-object-page menu-item-2762\"><a href=\"https:\/\/patsosescape.com\/pl\/hiking-soros-mountain-rethymnon-crete\/\">W\u0119dr\u00f3wka do Soros Mountain Patsos (TRASA NR 2)<\/a><\/li>\n<li id=\"menu-item-2761\" class=\"menu-item menu-item-type-post_type menu-item-object-page menu-item-2761\"><a href=\"https:\/\/patsosescape.com\/pl\/hiking-harakas-amari-rethymnon\/\">W\u0119dr\u00f3wka do Harakas w Patsos (TRASA NR 3)<\/a><\/li>\n<\/ul>\n<\/li>\n<\/ul>\n<ul class=\"sub-menu\">\n<li id=\"menu-item-1564\" class=\"menu-item menu-item-type-post_type menu-item-object-page menu-item-1564\"><a href=\"https:\/\/patsosescape.com\/pl\/biking\/\">Wycieczki rowerowe \/ rowerowe w Retimno CRETE - Patsos area (AMARI)<\/a><\/li>\n<li id=\"menu-item-1330\" class=\"menu-item menu-item-type-post_type menu-item-object-page menu-item-1330\"><a href=\"https:\/\/patsosescape.com\/pl\/climbing-routes-patsos-gorge\/\">Wspinaczka ska\u0142kowa w w\u0105wozie Patsos w Amari Rethymno CRETE<\/a><\/li>\n<\/ul>\n<p>&nbsp;<\/p>","protected":false},"excerpt":{"rendered":"<p>ROCK CLIMBING FIELD &#8211; in Patsos gorge (AMARI, Rethymnon Crete) For those of our friends who would like to enjoy a climbing on the rock, they could do it. A rock climbing field is located in the unique and unparalleled natural beauty of the Patsos gorge. 2 km by car from the small traditional tavern of Patsos to the parking (free). From the parking 500m on foot. More information how they will arrive at this location will be given (free) from the small traditional tavern of Patsos. A prerequisite is&hellip; <a class=\"read-more-link\" href=\"https:\/\/patsosescape.com\/pl\/climbing-routes-patsos-gorge\/\">Czytaj wi\u0119cej<\/a><\/p>","protected":false},"author":2,"featured_media":0,"parent":0,"menu_order":0,"comment_status":"closed","ping_status":"closed","template":"","meta":{"ngg_post_thumbnail":0,"_glsr_average":0,"_glsr_ranking":0,"_glsr_reviews":0,"footnotes":""},"class_list":["post-1257","page","type-page","status-publish","hentry"],"aioseo_notices":[],"_links":{"self":[{"href":"https:\/\/patsosescape.com\/pl\/wp-json\/wp\/v2\/pages\/1257","targetHints":{"allow":["GET"]}}],"collection":[{"href":"https:\/\/patsosescape.com\/pl\/wp-json\/wp\/v2\/pages"}],"about":[{"href":"https:\/\/patsosescape.com\/pl\/wp-json\/wp\/v2\/types\/page"}],"author":[{"embeddable":true,"href":"https:\/\/patsosescape.com\/pl\/wp-json\/wp\/v2\/users\/2"}],"replies":[{"embeddable":true,"href":"https:\/\/patsosescape.com\/pl\/wp-json\/wp\/v2\/comments?post=1257"}],"version-history":[{"count":0,"href":"https:\/\/patsosescape.com\/pl\/wp-json\/wp\/v2\/pages\/1257\/revisions"}],"wp:attachment":[{"href":"https:\/\/patsosescape.com\/pl\/wp-json\/wp\/v2\/media?parent=1257"}],"curies":[{"name":"wp","href":"https:\/\/api.w.org\/{rel}","templated":true}]}}