{"id":1525,"date":"2018-03-11T20:42:37","date_gmt":"2018-03-11T18:42:37","guid":{"rendered":"http:\/\/patsosescape.com\/?page_id=1525"},"modified":"2018-03-20T22:33:30","modified_gmt":"2018-03-20T20:33:30","slug":"the-nature-of-patsos","status":"publish","type":"page","link":"https:\/\/patsosescape.com\/pl\/the-nature-of-patsos\/","title":{"rendered":"Charakter Patsos"},"content":{"rendered":"<p>Okolice Patsos s\u0105 przez wielu uwa\u017cane za raj dla mi\u0142o\u015bnik\u00f3w pieszych w\u0119dr\u00f3wek i turyst\u00f3w, kt\u00f3rzy kochaj\u0105 przyrod\u0119 i maj\u0105 zainteresowania historyczne i archeologiczne. Istnieje wiele mo\u017cliwo\u015bci sp\u0119dzania czasu na \u015bwie\u017cym powietrzu, takich jak spacery, piesze wycieczki, jazda na rowerze i wspinaczka ska\u0142kowa\u2026 Spaceruj pi\u0119knymi szlakami, odkryj naturalne pi\u0119kno i bogate dziedzictwo kulturowe. Szeroka gama kolor\u00f3w, d\u017awi\u0119k\u00f3w i zapach\u00f3w pobudzi wszystkie zmys\u0142y.<!--more--><\/p>\n<p>Silne kontrasty zieleni, \u017c\u00f3\u0142ci i czerwieni tworz\u0105 magiczny dywan kolor\u00f3w przed oczami podczas spacer\u00f3w. VASSILIS, by\u0142y bardzo do\u015bwiadczony pu\u0142kownik greckich si\u0142 specjalnych z du\u017cym zainteresowaniem w\u0119dr\u00f3wkami i znajomo\u015bci\u0105 bogatej lokalnej historii, jest dost\u0119pny, aby pom\u00f3c Ci sp\u0119dzi\u0107 czas w Patsos (trasy rowerowe, wspinaczka, spacery po historycznych szlakach. Wulkan, jaskinie, stanowiska archeologiczne , obszar wodny nad jeziorem Potamoi itp.)<!--more--><\/p>","protected":false},"excerpt":{"rendered":"<p>The area around Patsos is by many considered a paradise for hikers and for visitors who are lovers of nature as well as have historical&nbsp; and archaeological &nbsp;interests. There are many possibilities for outdoor activities such as walking , hiking ,cycling and rock climbing\u2026 Walk through the beautiful trails, discover the natural beauty and rich cultural heritage . A wide range of colours, sounds and scents will stimulate all senses.&hellip; <a class=\"read-more-link\" href=\"https:\/\/patsosescape.com\/pl\/the-nature-of-patsos\/\">Czytaj wi\u0119cej<\/a><\/p>","protected":false},"author":2,"featured_media":0,"parent":0,"menu_order":0,"comment_status":"closed","ping_status":"closed","template":"","meta":{"ngg_post_thumbnail":0,"_glsr_average":0,"_glsr_ranking":0,"_glsr_reviews":0,"footnotes":""},"class_list":["post-1525","page","type-page","status-publish","hentry"],"aioseo_notices":[],"_links":{"self":[{"href":"https:\/\/patsosescape.com\/pl\/wp-json\/wp\/v2\/pages\/1525","targetHints":{"allow":["GET"]}}],"collection":[{"href":"https:\/\/patsosescape.com\/pl\/wp-json\/wp\/v2\/pages"}],"about":[{"href":"https:\/\/patsosescape.com\/pl\/wp-json\/wp\/v2\/types\/page"}],"author":[{"embeddable":true,"href":"https:\/\/patsosescape.com\/pl\/wp-json\/wp\/v2\/users\/2"}],"replies":[{"embeddable":true,"href":"https:\/\/patsosescape.com\/pl\/wp-json\/wp\/v2\/comments?post=1525"}],"version-history":[{"count":0,"href":"https:\/\/patsosescape.com\/pl\/wp-json\/wp\/v2\/pages\/1525\/revisions"}],"wp:attachment":[{"href":"https:\/\/patsosescape.com\/pl\/wp-json\/wp\/v2\/media?parent=1525"}],"curies":[{"name":"wp","href":"https:\/\/api.w.org\/{rel}","templated":true}]}}