{"id":1721,"date":"2018-03-22T20:19:16","date_gmt":"2018-03-22T18:19:16","guid":{"rendered":"http:\/\/patsosescape.com\/?page_id=1721"},"modified":"2021-06-01T00:09:54","modified_gmt":"2021-05-31T21:09:54","slug":"hiking-routes","status":"publish","type":"page","link":"https:\/\/patsosescape.com\/pl\/hiking-routes\/","title":{"rendered":"Szlaki turystyczne w prowincji Retimno, CRETE"},"content":{"rendered":"<h1><strong><u>W\u0118DR\u00d3WKI<\/u><\/strong> <strong><u>INSTRUKCJE (obszar Patsos, Amari, Rethymno)<br \/><\/u><\/strong><\/h1>\n<p>Zapraszamy do zabytkowej i malowniczej miejscowo\u015bci <strong>Patsos<\/strong> i \u017cycz\u0119 mi\u0142ego pobytu. Obiecujemy, \u017ce b\u0119dziesz cieszy\u0107 si\u0119 rodzinnym otoczeniem, w kt\u00f3rym poczujesz si\u0119 jak w domu. Podczas pobytu w Patsos nie przegap okazji, aby odkry\u0107 <strong>dziewicze i niezr\u00f3wnane naturalne pi\u0119kno<\/strong> ciesz\u0105c si\u0119 niekt\u00f3rymi <strong>zaj\u0119cia na \u015bwie\u017cym powietrzu<\/strong>.<\/p>\n<p>Tutaj przedstawiamy kilka wskaz\u00f3wek i przydatnych informacji na temat <strong>trzy (3) szlaki turystyczne<\/strong>. Dla wszystkich trzech (3) tras mo\u017cesz zobaczy\u0107:<\/p>\n<p>- Kr\u00f3tki opis trasy.<\/p>\n<p>- Mapa ze szczeg\u00f3\u0142owymi informacjami, jak jecha\u0107<\/p>\n<p>- Jakie\u015b zdj\u0119cia<\/p>\n<p>Je\u015bli chcesz w\u0119drowa\u0107 i cieszy\u0107 si\u0119 marzeniami o wszystkich trzech trasach, masz dwie opcje:<\/p>\n<ul>\n<li>Mo\u017cesz <strong>w\u0119drowa\u0107 samodzielnie<\/strong>. W tym przypadku, <strong>kopi\u0119 mapy (szlak turystyczny) i aplikacj\u0119<\/strong> (dla smartfon\u00f3w), na kt\u00f3rych wczytana jest trasa, s\u0105 dost\u0119pne (bezp\u0142atnie).<\/li>\n<li>Mo\u017cesz w\u0119drowa\u0107 kieruj\u0105c si\u0119 studni\u0105 <strong>do\u015bwiadczony przewodnik<\/strong>, nie tylko po to, aby bezpiecznie Ci\u0119 poprowadzi\u0107, ale tak\u017ce po to, aby uzyska\u0107 wi\u0119cej informacji o znaczeniu historycznym, archeologicznym i kulturowym.<\/li>\n<\/ul>\n<p>&nbsp;<\/p>\n<p><img loading=\"lazy\" decoding=\"async\" class=\"alignnone wp-image-2981 size-full\" src=\"https:\/\/patsosescape.com\/wp-content\/uploads\/2021\/04\/hiking-trail-soros-2-w330.jpg\" alt=\"\" width=\"330\" height=\"733\" srcset=\"https:\/\/patsosescape.com\/wp-content\/uploads\/2021\/04\/hiking-trail-soros-2-w330.jpg 330w, https:\/\/patsosescape.com\/wp-content\/uploads\/2021\/04\/hiking-trail-soros-2-w330-135x300.jpg 135w, https:\/\/patsosescape.com\/wp-content\/uploads\/2021\/04\/hiking-trail-soros-2-w330-5x12.jpg 5w, https:\/\/patsosescape.com\/wp-content\/uploads\/2021\/04\/hiking-trail-soros-2-w330-88x195.jpg 88w\" sizes=\"auto, (max-width: 330px) 100vw, 330px\" \/> &nbsp;&nbsp; <img loading=\"lazy\" decoding=\"async\" class=\"alignnone wp-image-2975 size-full\" src=\"https:\/\/patsosescape.com\/wp-content\/uploads\/2021\/04\/hiking-trail-agios-antonios-gorge-5-w330.jpg\" alt=\"\" width=\"330\" height=\"733\" srcset=\"https:\/\/patsosescape.com\/wp-content\/uploads\/2021\/04\/hiking-trail-agios-antonios-gorge-5-w330.jpg 330w, https:\/\/patsosescape.com\/wp-content\/uploads\/2021\/04\/hiking-trail-agios-antonios-gorge-5-w330-135x300.jpg 135w, https:\/\/patsosescape.com\/wp-content\/uploads\/2021\/04\/hiking-trail-agios-antonios-gorge-5-w330-5x12.jpg 5w, https:\/\/patsosescape.com\/wp-content\/uploads\/2021\/04\/hiking-trail-agios-antonios-gorge-5-w330-88x195.jpg 88w\" sizes=\"auto, (max-width: 330px) 100vw, 330px\" \/><\/p>\n<p><strong><u>Dodatkowo:<\/u><\/strong><\/p>\n<ul>\n<li>Wszystkie trzy trasy rozpoczynaj\u0105 si\u0119 w tym samym miejscu. To ch\u0142odne wody wiejskiej fontanny i g\u0119sty cie\u0144 wieloletniego platana znajduj\u0105cego si\u0119 obok ma\u0142ej tradycyjnej <strong>tawerna \u201ePATSOS\u201d<\/strong>.<\/li>\n<li>Na ko\u0144cu ka\u017cdej trasy mo\u017cesz wr\u00f3ci\u0107 samochodem, o ile um\u00f3wi\u0142e\u015b si\u0119 z wyprzedzeniem.<\/li>\n<li>Trasy s\u0105 odpowiednie dla przeci\u0119tnych w\u0119drowc\u00f3w. B\u0119dziesz potrzebowa\u0142 solidnego obuwia, poniewa\u017c \u015bcie\u017cki s\u0105 czasem kamieniste.<\/li>\n<li>Ka\u017cda pora roku ma sw\u00f3j urok, ale najlepszy czas na spacer to wiosna. Wzg\u00f3rza s\u0105 jasnozielone i pokryte ka\u017cdym kolorem kwiat\u00f3w. W okresie letnim nale\u017cy wyruszy\u0107 wcze\u015bnie, aby przej\u015b\u0107 si\u0119 przed najgor\u0119tsz\u0105 por\u0105 dnia.<\/li>\n<li>Zabierz ze sob\u0105 du\u017co wody. No\u015b wygodne d\u0142ugie spodnie i buty trekkingowe.<\/li>\n<\/ul>\n<p><strong><u>PS<\/u><\/strong><strong><u>:<\/u><\/strong> Opr\u00f3cz trzech tras s\u0105 <strong>wiele pi\u0119kniejszych tras<\/strong> wok\u00f3\u0142 wioski w tym kolorze <strong>wszystkie poziomy sprawno\u015bci i do\u015bwiadczenia zwi\u0105zane z w\u0119dr\u00f3wkami \/ wspinaczk\u0105<\/strong> i mo\u017cna je zorganizowa\u0107 na miejscu.<\/p>\n<p>&nbsp;<\/p>\n<figure class=\"wp-block-gallery columns-0 is-cropped wp-block-gallery-1 is-layout-flex wp-block-gallery-is-layout-flex\">\n<ul class=\"blocks-gallery-grid\"><\/ul>\n<\/figure>\n<\/p>\n<h3 class=\"wp-block-heading\"><strong><a href=\"\/pl\/outdoor-activities\/\">Najlepsze zaj\u0119cia na \u015bwie\u017cym powietrzu i wycieczki na Krecie Retimno<\/a><\/strong><\/h3>\n<ul class=\"wp-block-list\">\n<li><a>Trasy piesze \/ trekkingowe w Retimno CRETE (W\u0105w\u00f3z Patsos \/ AMARI)&nbsp;<\/a>\n<ul>\n<li><a href=\"\/pl\/hiking-routes\/\">Instrukcja pieszych w\u0119dr\u00f3wek na trekking w rejonie Patsos (Retimno na Krecie)<\/a><\/li>\n<li><a href=\"\/pl\/hiking-to-the-gorge-of-patsos\/\">W\u0119dr\u00f3wka do w\u0105wozu Patsos (TRASA NR 1)<\/a><\/li>\n<li><a href=\"\/pl\/hiking-soros-mountain-rethymnon-crete\/\">W\u0119dr\u00f3wka do Soros Mountain Patsos (TRASA NR 2)<\/a><\/li>\n<li><a href=\"\/pl\/hiking-harakas-amari-rethymnon\/\">W\u0119dr\u00f3wka do Harakas w Patsos (TRASA NR 3)<\/a><\/li>\n<\/ul>\n<\/li>\n<\/ul>\n<ul class=\"wp-block-list\">\n<li><a href=\"\/pl\/biking\/\">Wycieczki rowerowe \/ rowerowe w Retimno CRETE - Patsos area (AMARI)<\/a><\/li>\n<li><a href=\"\/pl\/climbing-routes-patsos-gorge\/\">Wspinaczka ska\u0142kowa w w\u0105wozie Patsos w Amari Rethymno CRETE<\/a><\/li>\n<\/ul>","protected":false},"excerpt":{"rendered":"<p>HIKING INSTRUCTIONS (Patsos area, Amari, Rethymno) We welcome you to historic and picturesque village of Patsos and wish you a pleasant stay. We promise that you will enjoy a family setting that makes you feel like home. While you are in Patsos don&#8217;t miss the opportunity to explore the unspoiled and unparalleled natural beauty by enjoying some outdoor activities. Here we present some directions and useful information about three (3) hiking routes. For all three (3) routes you can see: &#8211; A short description of the route. &#8211; A map&hellip; <a class=\"read-more-link\" href=\"https:\/\/patsosescape.com\/pl\/hiking-routes\/\">Czytaj wi\u0119cej<\/a><\/p>","protected":false},"author":2,"featured_media":0,"parent":0,"menu_order":0,"comment_status":"closed","ping_status":"closed","template":"","meta":{"ngg_post_thumbnail":0,"_glsr_average":0,"_glsr_ranking":0,"_glsr_reviews":0,"footnotes":""},"class_list":["post-1721","page","type-page","status-publish","hentry"],"aioseo_notices":[],"_links":{"self":[{"href":"https:\/\/patsosescape.com\/pl\/wp-json\/wp\/v2\/pages\/1721","targetHints":{"allow":["GET"]}}],"collection":[{"href":"https:\/\/patsosescape.com\/pl\/wp-json\/wp\/v2\/pages"}],"about":[{"href":"https:\/\/patsosescape.com\/pl\/wp-json\/wp\/v2\/types\/page"}],"author":[{"embeddable":true,"href":"https:\/\/patsosescape.com\/pl\/wp-json\/wp\/v2\/users\/2"}],"replies":[{"embeddable":true,"href":"https:\/\/patsosescape.com\/pl\/wp-json\/wp\/v2\/comments?post=1721"}],"version-history":[{"count":0,"href":"https:\/\/patsosescape.com\/pl\/wp-json\/wp\/v2\/pages\/1721\/revisions"}],"wp:attachment":[{"href":"https:\/\/patsosescape.com\/pl\/wp-json\/wp\/v2\/media?parent=1721"}],"curies":[{"name":"wp","href":"https:\/\/api.w.org\/{rel}","templated":true}]}}