{"id":1728,"date":"2018-03-22T20:26:41","date_gmt":"2018-03-22T18:26:41","guid":{"rendered":"http:\/\/patsosescape.com\/?page_id=1728"},"modified":"2021-05-05T22:22:02","modified_gmt":"2021-05-05T19:22:02","slug":"hiking-to-the-gorge-of-patsos","status":"publish","type":"page","link":"https:\/\/patsosescape.com\/pl\/hiking-to-the-gorge-of-patsos\/","title":{"rendered":"W\u0119dr\u00f3wka do w\u0105wozu Patsos (Rethymno CRETE)"},"content":{"rendered":"<hr class=\"wp-block-separator\"\/>\n<p><strong><u>TRASA \u00abWSPANIA\u0141A\u00bb NR 1<br \/><\/u><\/strong><br \/><strong><u>NIEBO NA ZIEMI Z INTERESEM ARCHEOLOGICZNYM, KULTURALNYM I NATURALNYM<\/u><\/strong><\/p>\n<p><strong><u>CA\u0141KOWITA D\u0141UGO\u015a\u0106 TRASY 4km lub 8km<br \/><\/u>(8km dla tych, kt\u00f3rzy chc\u0105 kontynuowa\u0107 w\u0119dr\u00f3wki wok\u00f3\u0142 jeziora Patsos (tama Potamon),<br \/>po zako\u0144czeniu w\u0105wozu Patsos)<\/strong><\/p>\n<figure class=\"wp-block-image size-large\"><img loading=\"lazy\" decoding=\"async\" width=\"650\" height=\"669\" src=\"https:\/\/patsosescape.com\/wp-content\/uploads\/2021\/04\/outdoor-activities-rethymno-crete-tour-1.jpg\" alt=\"\" class=\"wp-image-2269\" srcset=\"https:\/\/patsosescape.com\/wp-content\/uploads\/2021\/04\/outdoor-activities-rethymno-crete-tour-1.jpg 650w, https:\/\/patsosescape.com\/wp-content\/uploads\/2021\/04\/outdoor-activities-rethymno-crete-tour-1-291x300.jpg 291w, https:\/\/patsosescape.com\/wp-content\/uploads\/2021\/04\/outdoor-activities-rethymno-crete-tour-1-620x638.jpg 620w, https:\/\/patsosescape.com\/wp-content\/uploads\/2021\/04\/outdoor-activities-rethymno-crete-tour-1-189x195.jpg 189w, https:\/\/patsosescape.com\/wp-content\/uploads\/2021\/04\/outdoor-activities-rethymno-crete-tour-1-45x45.jpg 45w\" sizes=\"auto, (max-width: 650px) 100vw, 650px\" \/><\/figure>\n<p><strong><u>JAK DOJECHA\u0106 (W\u0105w\u00f3z Patsos, Retimno, Kreta)<\/u><\/strong><\/p>\n<p>Zaczynamy od wiejskiej fontanny, kt\u00f3ra znajduje si\u0119 tu\u017c obok \u201e<strong>PATSOS<\/strong>\u201d <strong>tradycyjna tawerna<\/strong>. Nast\u0119pnie idziemy w\u0105sk\u0105 betonow\u0105 \u015bcie\u017ck\u0105 znajduj\u0105c\u0105 si\u0119 naprzeciw \u017ar\u00f3d\u0142a wody, pomi\u0119dzy wielk\u0105 \u017celazn\u0105 bram\u0105 a bardzo starym wysokim platanem (300 lat), przez oko\u0142o 150m (2). Tutaj droga jest szersza (co\u015b w rodzaju p\u0142askowy\u017cu) i widzimy:<\/p>\n<p>1) Przed nami wysokie stare drzewo<\/p>\n<p>2) Po naszej prawej stronie ma\u0142e metalowe drzwi, z kt\u00f3rych bizantyjski ko\u015bci\u00f3\u0142 (XIV wiek ne) jest tylko 20 m<\/p>\n<p>3) Po lewej stronie droga gruntowa, a nieco dalej (20m) du\u017ca cysterna.<\/p>\n<p>Nie jedziemy ani w prawo, ani w lewo, ale kierujemy si\u0119 w d\u00f3\u0142, poln\u0105 drog\u0105, zostawiaj\u0105c po prawej kilka starych dom\u00f3w. Po 200m (3) spotykamy po prawej stronie dom otoczony kr\u00f3tkim kamieniem \u015bciennym. Tutaj skr\u0119camy w lewo, jad\u0105c drog\u0105 betonowo-poln\u0105 w d\u00f3\u0142 przez oko\u0142o 350m, spotykaj\u0105c si\u0119 z drog\u0105 asfaltow\u0105 (4).<\/p>\n<p>Przeje\u017cd\u017camy przez g\u0142\u00f3wn\u0105 drog\u0119 i pod\u0105\u017camy drog\u0105 gruntow\u0105 w d\u00f3\u0142 przez oko\u0142o 300m, a nast\u0119pnie stromym podjazdem przez oko\u0142o 100m (5), a\u017c po lewej stronie napotkamy budynek (winiarni\u0119).<\/p>\n<p>Nast\u0119pnie pod\u0105\u017camy drog\u0105 gruntow\u0105 przez 100 m (6), a\u017c napotkamy drog\u0119 asfaltow\u0105. Skr\u0119camy w prawo i po 100 m schodzimy stromym zjazdem, gdzie po prawej stronie widzimy du\u017c\u0105 tawern\u0119. Kontynuuj\u0105c, po 100m (7) jeste\u015bmy przed wej\u015bciem do w\u0105wozu, sk\u0105d w\u0105ska \u015bcie\u017cka prowadzi do ma\u0142ej malowniczej bia\u0142ej kaplicy \u015bw. <strong>St. Antonios (Agios Antonios)<\/strong>, kt\u00f3ry jest pokryty strzelistymi i stromymi ska\u0142ami. Stamt\u0105d mijamy pierwszy drewniany most pod\u0105\u017caj\u0105c \u015bcie\u017ck\u0105 w\u0105wozu.<\/p>\n<p>Nast\u0119pnie pod\u0105\u017camy drog\u0105 gruntow\u0105 przez 100 m (6), a\u017c napotkamy drog\u0119 asfaltow\u0105.<\/p>\n<p>Skr\u0119camy w prawo i po 100 m schodzimy stromym zjazdem, gdzie po prawej stronie widzimy du\u017c\u0105 tawern\u0119. Kontynuuj\u0105c, po 100m (7) jeste\u015bmy przed wej\u015bciem do w\u0105wozu, sk\u0105d w\u0105ska \u015bcie\u017cka prowadzi do ma\u0142ej malowniczej bia\u0142ej kaplicy \u015bw.&nbsp;<strong>St. Antonios<\/strong>, kt\u00f3ry jest pokryty strzelistymi i stromymi ska\u0142ami.<\/p>\n<\/p>\n<figure class=\"wp-block-embed is-type-video is-provider-youtube wp-block-embed-youtube wp-embed-aspect-4-3 wp-has-aspect-ratio\">\n<div class=\"wp-block-embed__wrapper\">\n<div class=\"themeblvd-video-wrapper\">\n<div class=\"video-inner\"><iframe loading=\"lazy\" title=\"W\u0105w\u00f3z Patsos\" width=\"940\" height=\"705\" src=\"https:\/\/www.youtube.com\/embed\/AVXnNV-DJrg?feature=oembed&#038;wmode=transparent\" frameborder=\"0\" allow=\"accelerometer; autoplay; clipboard-write; encrypted-media; gyroscope; picture-in-picture\" allowfullscreen><\/iframe><\/div>\n<\/div>\n<\/div>\n<\/figure>\n<\/p>\n<figure class=\"wp-block-image size-large\"><img loading=\"lazy\" decoding=\"async\" width=\"1024\" height=\"461\" src=\"https:\/\/patsosescape.com\/wp-content\/uploads\/2021\/04\/Agios-Antonios-gorge-Rethymno-Crete-2-w1080-1024x461.jpg\" alt=\"\" class=\"wp-image-2501\" srcset=\"https:\/\/patsosescape.com\/wp-content\/uploads\/2021\/04\/Agios-Antonios-gorge-Rethymno-Crete-2-w1080-1024x461.jpg 1024w, https:\/\/patsosescape.com\/wp-content\/uploads\/2021\/04\/Agios-Antonios-gorge-Rethymno-Crete-2-w1080-300x135.jpg 300w, https:\/\/patsosescape.com\/wp-content\/uploads\/2021\/04\/Agios-Antonios-gorge-Rethymno-Crete-2-w1080-768x346.jpg 768w, https:\/\/patsosescape.com\/wp-content\/uploads\/2021\/04\/Agios-Antonios-gorge-Rethymno-Crete-2-w1080-16x7.jpg 16w, https:\/\/patsosescape.com\/wp-content\/uploads\/2021\/04\/Agios-Antonios-gorge-Rethymno-Crete-2-w1080-940x423.jpg 940w, https:\/\/patsosescape.com\/wp-content\/uploads\/2021\/04\/Agios-Antonios-gorge-Rethymno-Crete-2-w1080-620x279.jpg 620w, https:\/\/patsosescape.com\/wp-content\/uploads\/2021\/04\/Agios-Antonios-gorge-Rethymno-Crete-2-w1080-195x88.jpg 195w, https:\/\/patsosescape.com\/wp-content\/uploads\/2021\/04\/Agios-Antonios-gorge-Rethymno-Crete-2-w1080.jpg 1080w\" sizes=\"auto, (max-width: 1024px) 100vw, 1024px\" \/><\/figure>\n<p><strong><em>Po obejrzeniu wyj\u0105tkowego spektaklu i pobudzeniu wszystkich zmys\u0142\u00f3w udaj si\u0119 do pani Marii, aby kontynuowa\u0107 marzenie o pysznych tradycyjnych potrawach, w tym \u015bwie\u017cych warzywach, mi\u0119sie, jajach, oliwie z oliwek z pierwszego t\u0142oczenia, wszystko ekologiczne i wszystkie lokalnie produkowane na polach rodzinnych.<\/em><\/strong><\/p>\n<figure class=\"wp-block-gallery columns-2 is-cropped wp-block-gallery-1 is-layout-flex wp-block-gallery-is-layout-flex\">\n<ul class=\"blocks-gallery-grid\">\n<li class=\"blocks-gallery-item\">\n<figure><img loading=\"lazy\" decoding=\"async\" width=\"500\" height=\"667\" src=\"https:\/\/patsosescape.com\/wp-content\/uploads\/2021\/04\/chappel-St-Antonio-gorge-Rethymnon-Crete-2-w500.jpg\" alt=\"\" data-id=\"2868\" data-full-url=\"https:\/\/patsosescape.com\/wp-content\/uploads\/2021\/04\/chappel-St-Antonio-gorge-Rethymnon-Crete-2-w500.jpg\" data-link=\"https:\/\/patsosescape.com\/hiking-to-the-gorge-of-patsos\/chappel-st-antonio-gorge-rethymnon-crete-2-w500\/\" class=\"wp-image-2868\" srcset=\"https:\/\/patsosescape.com\/wp-content\/uploads\/2021\/04\/chappel-St-Antonio-gorge-Rethymnon-Crete-2-w500.jpg 500w, https:\/\/patsosescape.com\/wp-content\/uploads\/2021\/04\/chappel-St-Antonio-gorge-Rethymnon-Crete-2-w500-225x300.jpg 225w, https:\/\/patsosescape.com\/wp-content\/uploads\/2021\/04\/chappel-St-Antonio-gorge-Rethymnon-Crete-2-w500-9x12.jpg 9w, https:\/\/patsosescape.com\/wp-content\/uploads\/2021\/04\/chappel-St-Antonio-gorge-Rethymnon-Crete-2-w500-146x195.jpg 146w\" sizes=\"auto, (max-width: 500px) 100vw, 500px\" \/><\/figure>\n<\/li>\n<li class=\"blocks-gallery-item\">\n<figure><img loading=\"lazy\" decoding=\"async\" width=\"500\" height=\"375\" src=\"https:\/\/patsosescape.com\/wp-content\/uploads\/2021\/04\/trekking-Saint-Antonios-gorge-Rethymno-Crete-w500.jpg\" alt=\"\" data-id=\"2860\" data-full-url=\"https:\/\/patsosescape.com\/wp-content\/uploads\/2021\/04\/trekking-Saint-Antonios-gorge-Rethymno-Crete-w500.jpg\" data-link=\"https:\/\/patsosescape.com\/hiking-to-the-gorge-of-patsos\/trekking-saint-antonios-gorge-rethymno-crete-w500\/\" class=\"wp-image-2860\" srcset=\"https:\/\/patsosescape.com\/wp-content\/uploads\/2021\/04\/trekking-Saint-Antonios-gorge-Rethymno-Crete-w500.jpg 500w, https:\/\/patsosescape.com\/wp-content\/uploads\/2021\/04\/trekking-Saint-Antonios-gorge-Rethymno-Crete-w500-300x225.jpg 300w, https:\/\/patsosescape.com\/wp-content\/uploads\/2021\/04\/trekking-Saint-Antonios-gorge-Rethymno-Crete-w500-16x12.jpg 16w, https:\/\/patsosescape.com\/wp-content\/uploads\/2021\/04\/trekking-Saint-Antonios-gorge-Rethymno-Crete-w500-195x146.jpg 195w\" sizes=\"auto, (max-width: 500px) 100vw, 500px\" \/><\/figure>\n<\/li>\n<li class=\"blocks-gallery-item\">\n<figure><img loading=\"lazy\" decoding=\"async\" width=\"500\" height=\"375\" src=\"https:\/\/patsosescape.com\/wp-content\/uploads\/2021\/04\/St-Antonio-gorge-Rethymno-Crete-trekking-2-w500.jpg\" alt=\"\" data-id=\"2872\" data-full-url=\"https:\/\/patsosescape.com\/wp-content\/uploads\/2021\/04\/St-Antonio-gorge-Rethymno-Crete-trekking-2-w500.jpg\" data-link=\"https:\/\/patsosescape.com\/hiking-to-the-gorge-of-patsos\/st-antonio-gorge-rethymno-crete-trekking-2-w500\/\" class=\"wp-image-2872\" srcset=\"https:\/\/patsosescape.com\/wp-content\/uploads\/2021\/04\/St-Antonio-gorge-Rethymno-Crete-trekking-2-w500.jpg 500w, https:\/\/patsosescape.com\/wp-content\/uploads\/2021\/04\/St-Antonio-gorge-Rethymno-Crete-trekking-2-w500-300x225.jpg 300w, https:\/\/patsosescape.com\/wp-content\/uploads\/2021\/04\/St-Antonio-gorge-Rethymno-Crete-trekking-2-w500-16x12.jpg 16w, https:\/\/patsosescape.com\/wp-content\/uploads\/2021\/04\/St-Antonio-gorge-Rethymno-Crete-trekking-2-w500-195x146.jpg 195w\" sizes=\"auto, (max-width: 500px) 100vw, 500px\" \/><\/figure>\n<\/li>\n<li class=\"blocks-gallery-item\">\n<figure><img loading=\"lazy\" decoding=\"async\" width=\"500\" height=\"669\" src=\"https:\/\/patsosescape.com\/wp-content\/uploads\/2021\/04\/water-source-Agios-Antonios-gorge-Rethymno-Crete-w500.jpg\" alt=\"\" data-id=\"2873\" data-full-url=\"https:\/\/patsosescape.com\/wp-content\/uploads\/2021\/04\/water-source-Agios-Antonios-gorge-Rethymno-Crete-w500.jpg\" data-link=\"https:\/\/patsosescape.com\/hiking-to-the-gorge-of-patsos\/water-source-agios-antonios-gorge-rethymno-crete-w500\/\" class=\"wp-image-2873\" srcset=\"https:\/\/patsosescape.com\/wp-content\/uploads\/2021\/04\/water-source-Agios-Antonios-gorge-Rethymno-Crete-w500.jpg 500w, https:\/\/patsosescape.com\/wp-content\/uploads\/2021\/04\/water-source-Agios-Antonios-gorge-Rethymno-Crete-w500-224x300.jpg 224w, https:\/\/patsosescape.com\/wp-content\/uploads\/2021\/04\/water-source-Agios-Antonios-gorge-Rethymno-Crete-w500-9x12.jpg 9w, https:\/\/patsosescape.com\/wp-content\/uploads\/2021\/04\/water-source-Agios-Antonios-gorge-Rethymno-Crete-w500-146x195.jpg 146w\" sizes=\"auto, (max-width: 500px) 100vw, 500px\" \/><\/figure>\n<\/li>\n<li class=\"blocks-gallery-item\">\n<figure><img loading=\"lazy\" decoding=\"async\" width=\"1024\" height=\"386\" src=\"https:\/\/patsosescape.com\/wp-content\/uploads\/2021\/04\/Potamon-dam-Patsos-Rethymno-Crete-1024x386.jpg\" alt=\"\" data-id=\"2871\" data-full-url=\"https:\/\/patsosescape.com\/wp-content\/uploads\/2021\/04\/Potamon-dam-Patsos-Rethymno-Crete-scaled.jpg\" data-link=\"https:\/\/patsosescape.com\/hiking-to-the-gorge-of-patsos\/potamon-dam-patsos-rethymno-crete\/\" class=\"wp-image-2871\" srcset=\"https:\/\/patsosescape.com\/wp-content\/uploads\/2021\/04\/Potamon-dam-Patsos-Rethymno-Crete-1024x386.jpg 1024w, https:\/\/patsosescape.com\/wp-content\/uploads\/2021\/04\/Potamon-dam-Patsos-Rethymno-Crete-300x113.jpg 300w, https:\/\/patsosescape.com\/wp-content\/uploads\/2021\/04\/Potamon-dam-Patsos-Rethymno-Crete-768x290.jpg 768w, https:\/\/patsosescape.com\/wp-content\/uploads\/2021\/04\/Potamon-dam-Patsos-Rethymno-Crete-1536x579.jpg 1536w, https:\/\/patsosescape.com\/wp-content\/uploads\/2021\/04\/Potamon-dam-Patsos-Rethymno-Crete-2048x772.jpg 2048w, https:\/\/patsosescape.com\/wp-content\/uploads\/2021\/04\/Potamon-dam-Patsos-Rethymno-Crete-16x6.jpg 16w, https:\/\/patsosescape.com\/wp-content\/uploads\/2021\/04\/Potamon-dam-Patsos-Rethymno-Crete-940x354.jpg 940w, https:\/\/patsosescape.com\/wp-content\/uploads\/2021\/04\/Potamon-dam-Patsos-Rethymno-Crete-620x234.jpg 620w, https:\/\/patsosescape.com\/wp-content\/uploads\/2021\/04\/Potamon-dam-Patsos-Rethymno-Crete-195x74.jpg 195w, https:\/\/patsosescape.com\/wp-content\/uploads\/2021\/04\/Potamon-dam-Patsos-Rethymno-Crete-scaled.jpg 1080w\" sizes=\"auto, (max-width: 1024px) 100vw, 1024px\" \/><\/figure>\n<\/li>\n<\/ul>\n<\/figure>\n<p><strong>CIESZ SI\u0118 W\u0118DR\u00d3WK\u0104!<\/strong><\/p>\n<\/p>\n<hr class=\"wp-block-separator\"\/>\n<h3 class=\"wp-block-heading\"><strong>Najlepsze zaj\u0119cia na \u015bwie\u017cym powietrzu i wycieczki na Krecie Retimno<\/strong><\/h3>\n<ul class=\"wp-block-list\">\n<li><a>Trasy piesze \/ trekkingowe w Retimno CRETE (W\u0105w\u00f3z Patsos \/ AMARI)&nbsp;<\/a>\n<ul>\n<li><a href=\"https:\/\/patsosescape.com\/pl\/hiking-routes\/\">Instrukcja pieszych w\u0119dr\u00f3wek na trekking w rejonie Patsos (Retimno na Krecie)<\/a><\/li>\n<li><a href=\"https:\/\/patsosescape.com\/pl\/hiking-to-the-gorge-of-patsos\/\">W\u0119dr\u00f3wka do w\u0105wozu Patsos (TRASA NR 1)<\/a><\/li>\n<li><a href=\"https:\/\/patsosescape.com\/pl\/hiking-soros-mountain-rethymnon-crete\/\">W\u0119dr\u00f3wka do Soros Mountain Patsos (TRASA NR 2)<\/a><\/li>\n<li><a href=\"https:\/\/patsosescape.com\/pl\/hiking-harakas-amari-rethymnon\/\">W\u0119dr\u00f3wka do Harakas w Patsos (TRASA NR 3)<\/a><\/li>\n<\/ul>\n<\/li>\n<\/ul>\n<ul class=\"wp-block-list\">\n<li><a href=\"https:\/\/patsosescape.com\/pl\/biking\/\">Wycieczki rowerowe \/ rowerowe w Retimno CRETE - Patsos area (AMARI)<\/a><\/li>\n<li><a href=\"https:\/\/patsosescape.com\/pl\/climbing-routes-patsos-gorge\/\">Wspinaczka ska\u0142kowa w w\u0105wozie Patsos w Amari Rethymno CRETE<\/a><\/li>\n<\/ul>","protected":false},"excerpt":{"rendered":"<p>\u00abGORGE\u00bb ROUTE No 1A HEAVEN ON EARTH WITH ARCHAEOLOGICAL, CULTURAL AND NATURAL INTEREST TOTAL ROUTE LENGTH 4km or 8km(8km for those who want to continue hiking around the lake of Patsos (Potamon Dam),after the end of the gorge of Patsos) HOW TO GET THERE (Patsos gorge, Rethymno, Crete) We start from the village fountain which is located just beside the \u201cPATSOS\u201d traditional tavern. Then we are going down the &nbsp;narrow concrete path located opposite the water source, between a big iron gate and &nbsp;the very old high plane tree (300&hellip; <a class=\"read-more-link\" href=\"https:\/\/patsosescape.com\/pl\/hiking-to-the-gorge-of-patsos\/\">Czytaj wi\u0119cej<\/a><\/p>","protected":false},"author":2,"featured_media":0,"parent":0,"menu_order":0,"comment_status":"closed","ping_status":"closed","template":"","meta":{"ngg_post_thumbnail":0,"_glsr_average":0,"_glsr_ranking":0,"_glsr_reviews":0,"footnotes":""},"class_list":["post-1728","page","type-page","status-publish","hentry"],"aioseo_notices":[],"_links":{"self":[{"href":"https:\/\/patsosescape.com\/pl\/wp-json\/wp\/v2\/pages\/1728","targetHints":{"allow":["GET"]}}],"collection":[{"href":"https:\/\/patsosescape.com\/pl\/wp-json\/wp\/v2\/pages"}],"about":[{"href":"https:\/\/patsosescape.com\/pl\/wp-json\/wp\/v2\/types\/page"}],"author":[{"embeddable":true,"href":"https:\/\/patsosescape.com\/pl\/wp-json\/wp\/v2\/users\/2"}],"replies":[{"embeddable":true,"href":"https:\/\/patsosescape.com\/pl\/wp-json\/wp\/v2\/comments?post=1728"}],"version-history":[{"count":0,"href":"https:\/\/patsosescape.com\/pl\/wp-json\/wp\/v2\/pages\/1728\/revisions"}],"wp:attachment":[{"href":"https:\/\/patsosescape.com\/pl\/wp-json\/wp\/v2\/media?parent=1728"}],"curies":[{"name":"wp","href":"https:\/\/api.w.org\/{rel}","templated":true}]}}