{"id":2739,"date":"2021-04-27T01:56:59","date_gmt":"2021-04-26T22:56:59","guid":{"rendered":"https:\/\/patsosescape.com\/?page_id=2739"},"modified":"2021-05-10T01:22:43","modified_gmt":"2021-05-09T22:22:43","slug":"hiking-soros-mountain-rethymnon-crete","status":"publish","type":"page","link":"https:\/\/patsosescape.com\/pl\/hiking-soros-mountain-rethymnon-crete\/","title":{"rendered":"W\u0119dr\u00f3wka na g\u00f3r\u0119 Soros z Patsos (Retimno, Kreta)"},"content":{"rendered":"<hr class=\"wp-block-separator\"\/>\n<p><strong><u>TRASA \u00abSOROS\u00bb - nr 2<\/p>\n<p>ZOBACZ \u015aWIAT Z G\u00d3RY - POZNAJ NAJWY\u017bSZ\u0104 WOLNO\u015a\u0106 I PEWNO\u015a\u0106 SIEBIE<\/u><\/strong><\/p>\n<p><strong><u>\u0141\u0104CZNA D\u0141UGO\u015a\u0106 TRASY 7,5km<\/u><\/strong><\/p>\n<p><strong><u>JAK SI\u0118 TAM DOSTA\u0106<\/u><\/strong><\/p>\n<\/p>\n<p>Soros to g\u00f3ra, kt\u00f3ra dominuje w okolicy. Trasa Sorosa to doskona\u0142a \u015bcie\u017cka, zdolna pobudzi\u0107 umys\u0142, serce i cia\u0142o ze wzgl\u0119du na niezr\u00f3wnane pi\u0119kno dzikiej przyrody i ci\u0105g\u0142e wyzwanie dla w\u0119drowca, kt\u00f3ry chce j\u0105 podbi\u0107.<\/p>\n<p>Zaczynamy t\u0105 sam\u0105 tras\u0105 \u00ab\u0397ARAKAS\u00bb do punktu 5 tego. Stamt\u0105d jedziemy prosto do punktu 1 - du\u017cy zbiornik wodny na trasie - Kontynuuj\u0105c podjazd poln\u0105 drog\u0105 nachylenie terenu jest jeszcze bardziej strome do punktu 2, a pi\u0119kno dzikiej przyrody zachwyca.<\/p>\n<p>&nbsp;Przez kilka metr\u00f3w droga jest prosta, a\u017c docieramy do punktu 3, starego kamiennego domu po naszej lewej stronie. W dialekcie krete\u0144skim nazywa si\u0119 \u201eMitato\u201d, co w dawnych czasach oznacza pastersk\u0119 przy produkcji sera.<\/p>\n<p>Jedziemy prosto pod g\u00f3r\u0119, a\u017c do skrzy\u017cowania 4. Stamt\u0105d skr\u0119camy w prawo, id\u0105c w d\u00f3\u0142, drog\u0105 gruntow\u0105 do punktu 5, gdzie ponownie skr\u0119camy w prawo na \u015bcie\u017ck\u0119 pod g\u00f3r\u0119 do punktu 6, gdzie widzimy podziemny zbiornik wody deszczowej o nazwie \u201eSarnitsi\u201d. w dialekcie krete\u0144skim. W tym momencie mo\u017cemy wyra\u017anie zobaczy\u0107 szczyt g\u00f3ry. Soros. Pod\u0105\u017caj\u0105c kamienist\u0105 \u015bcie\u017ck\u0105 w kierunku zachodnim w oko\u0142o godzin\u0119 docieramy do g\u00f3rnego (1.180m) punktu 7. Ca\u0142a trasa prowadzi pod g\u00f3r\u0119 z wyj\u0105tkiem 4 do 5.<\/p>\n<p>Bardziej wymagaj\u0105ca trasa. Im wi\u0119ksza wysoko\u015b\u0107, tym wi\u0119ksza wolno\u015b\u0107, a pe\u0142nia natury wype\u0142nia wszystkie zmys\u0142y.<\/p>\n<figure class=\"wp-block-embed is-type-rich is-provider-embed-handler wp-block-embed-embed-handler wp-embed-aspect-16-9 wp-has-aspect-ratio\">\n<div class=\"wp-block-embed__wrapper\">\n<div class=\"themeblvd-video-wrapper\">\n<div class=\"video-inner\"><iframe loading=\"lazy\" title=\"SOROS Mountain - piesze wycieczki, jazda na rowerze, wspinaczka\" width=\"940\" height=\"529\" src=\"https:\/\/www.youtube.com\/embed\/4Dhit5LHMv4?feature=oembed&#038;wmode=transparent\" frameborder=\"0\" allow=\"accelerometer; autoplay; clipboard-write; encrypted-media; gyroscope; picture-in-picture\" allowfullscreen><\/iframe><\/div>\n<\/div>\n<\/div>\n<\/figure>\n<\/p>\n<\/p>\n<hr class=\"wp-block-separator\"\/>\n<figure class=\"wp-block-gallery columns-2 is-cropped wp-block-gallery-1 is-layout-flex wp-block-gallery-is-layout-flex\">\n<ul class=\"blocks-gallery-grid\">\n<li class=\"blocks-gallery-item\">\n<figure><img loading=\"lazy\" decoding=\"async\" width=\"704\" height=\"960\" src=\"https:\/\/patsosescape.com\/wp-content\/uploads\/2021\/04\/peak-soros-mountain-Rethymnon-crete.jpg\" alt=\"\" data-id=\"2811\" data-full-url=\"https:\/\/patsosescape.com\/wp-content\/uploads\/2021\/04\/peak-soros-mountain-Rethymnon-crete.jpg\" data-link=\"https:\/\/patsosescape.com\/peak-soros-mountain-rethymnon-crete\/\" class=\"wp-image-2811\" srcset=\"https:\/\/patsosescape.com\/wp-content\/uploads\/2021\/04\/peak-soros-mountain-Rethymnon-crete.jpg 704w, https:\/\/patsosescape.com\/wp-content\/uploads\/2021\/04\/peak-soros-mountain-Rethymnon-crete-220x300.jpg 220w, https:\/\/patsosescape.com\/wp-content\/uploads\/2021\/04\/peak-soros-mountain-Rethymnon-crete-9x12.jpg 9w, https:\/\/patsosescape.com\/wp-content\/uploads\/2021\/04\/peak-soros-mountain-Rethymnon-crete-620x845.jpg 620w, https:\/\/patsosescape.com\/wp-content\/uploads\/2021\/04\/peak-soros-mountain-Rethymnon-crete-143x195.jpg 143w\" sizes=\"auto, (max-width: 704px) 100vw, 704px\" \/><\/figure>\n<\/li>\n<li class=\"blocks-gallery-item\">\n<figure><img loading=\"lazy\" decoding=\"async\" width=\"500\" height=\"429\" src=\"https:\/\/patsosescape.com\/wp-content\/uploads\/2021\/04\/outdoor-activities-soros-mountain-Rethymnon-Crete-w500.jpg\" alt=\"zaj\u0119cia na \u015bwie\u017cym powietrzu na g\u00f3rze Soros w Amari Rethymnon na Krecie\" data-id=\"2891\" data-full-url=\"https:\/\/patsosescape.com\/wp-content\/uploads\/2021\/04\/outdoor-activities-soros-mountain-Rethymnon-Crete-w500.jpg\" data-link=\"https:\/\/patsosescape.com\/hiking-soros-mountain-rethymnon-crete\/outdoor-activities-soros-mountain-rethymnon-crete-w500\/\" class=\"wp-image-2891\" srcset=\"https:\/\/patsosescape.com\/wp-content\/uploads\/2021\/04\/outdoor-activities-soros-mountain-Rethymnon-Crete-w500.jpg 500w, https:\/\/patsosescape.com\/wp-content\/uploads\/2021\/04\/outdoor-activities-soros-mountain-Rethymnon-Crete-w500-300x257.jpg 300w, https:\/\/patsosescape.com\/wp-content\/uploads\/2021\/04\/outdoor-activities-soros-mountain-Rethymnon-Crete-w500-14x12.jpg 14w, https:\/\/patsosescape.com\/wp-content\/uploads\/2021\/04\/outdoor-activities-soros-mountain-Rethymnon-Crete-w500-195x167.jpg 195w\" sizes=\"auto, (max-width: 500px) 100vw, 500px\" \/><\/figure>\n<\/li>\n<li class=\"blocks-gallery-item\">\n<figure><img loading=\"lazy\" decoding=\"async\" width=\"720\" height=\"540\" src=\"https:\/\/patsosescape.com\/wp-content\/uploads\/2021\/04\/guided-trekking-tours-soros-Rethymnon-Crete.jpg\" alt=\"\" data-id=\"2809\" data-full-url=\"https:\/\/patsosescape.com\/wp-content\/uploads\/2021\/04\/guided-trekking-tours-soros-Rethymnon-Crete.jpg\" data-link=\"https:\/\/patsosescape.com\/guided-trekking-tours-soros-rethymnon-crete\/\" class=\"wp-image-2809\" srcset=\"https:\/\/patsosescape.com\/wp-content\/uploads\/2021\/04\/guided-trekking-tours-soros-Rethymnon-Crete.jpg 720w, https:\/\/patsosescape.com\/wp-content\/uploads\/2021\/04\/guided-trekking-tours-soros-Rethymnon-Crete-300x225.jpg 300w, https:\/\/patsosescape.com\/wp-content\/uploads\/2021\/04\/guided-trekking-tours-soros-Rethymnon-Crete-16x12.jpg 16w, https:\/\/patsosescape.com\/wp-content\/uploads\/2021\/04\/guided-trekking-tours-soros-Rethymnon-Crete-620x465.jpg 620w, https:\/\/patsosescape.com\/wp-content\/uploads\/2021\/04\/guided-trekking-tours-soros-Rethymnon-Crete-195x146.jpg 195w\" sizes=\"auto, (max-width: 720px) 100vw, 720px\" \/><\/figure>\n<\/li>\n<li class=\"blocks-gallery-item\">\n<figure><img loading=\"lazy\" decoding=\"async\" width=\"604\" height=\"453\" src=\"https:\/\/patsosescape.com\/wp-content\/uploads\/2021\/04\/climbing-Soros-mt-Rethymnon-Crete-trekking.jpg\" alt=\"\" data-id=\"2807\" data-full-url=\"https:\/\/patsosescape.com\/wp-content\/uploads\/2021\/04\/climbing-Soros-mt-Rethymnon-Crete-trekking.jpg\" data-link=\"https:\/\/patsosescape.com\/climbing-soros-mt-rethymnon-crete-trekking\/\" class=\"wp-image-2807\" srcset=\"https:\/\/patsosescape.com\/wp-content\/uploads\/2021\/04\/climbing-Soros-mt-Rethymnon-Crete-trekking.jpg 604w, https:\/\/patsosescape.com\/wp-content\/uploads\/2021\/04\/climbing-Soros-mt-Rethymnon-Crete-trekking-300x225.jpg 300w, https:\/\/patsosescape.com\/wp-content\/uploads\/2021\/04\/climbing-Soros-mt-Rethymnon-Crete-trekking-16x12.jpg 16w, https:\/\/patsosescape.com\/wp-content\/uploads\/2021\/04\/climbing-Soros-mt-Rethymnon-Crete-trekking-195x146.jpg 195w\" sizes=\"auto, (max-width: 604px) 100vw, 604px\" \/><\/figure>\n<\/li>\n<li class=\"blocks-gallery-item\">\n<figure><img loading=\"lazy\" decoding=\"async\" width=\"940\" height=\"400\" src=\"https:\/\/patsosescape.com\/wp-content\/uploads\/2021\/04\/hiking-on-crete-patsos-rethymno-w940.jpg\" alt=\"\" data-id=\"2197\" data-full-url=\"https:\/\/patsosescape.com\/wp-content\/uploads\/2021\/04\/hiking-on-crete-patsos-rethymno-w940.jpg\" data-link=\"https:\/\/patsosescape.com\/hiking-on-crete-patsos-rethymno-w940\/\" class=\"wp-image-2197\" srcset=\"https:\/\/patsosescape.com\/wp-content\/uploads\/2021\/04\/hiking-on-crete-patsos-rethymno-w940.jpg 940w, https:\/\/patsosescape.com\/wp-content\/uploads\/2021\/04\/hiking-on-crete-patsos-rethymno-w940-300x128.jpg 300w, https:\/\/patsosescape.com\/wp-content\/uploads\/2021\/04\/hiking-on-crete-patsos-rethymno-w940-768x327.jpg 768w, https:\/\/patsosescape.com\/wp-content\/uploads\/2021\/04\/hiking-on-crete-patsos-rethymno-w940-620x264.jpg 620w, https:\/\/patsosescape.com\/wp-content\/uploads\/2021\/04\/hiking-on-crete-patsos-rethymno-w940-195x83.jpg 195w\" sizes=\"auto, (max-width: 940px) 100vw, 940px\" \/><\/figure>\n<\/li>\n<\/ul>\n<\/figure>\n<h3 class=\"wp-block-heading\"><strong>Najlepsze zaj\u0119cia na \u015bwie\u017cym powietrzu i wycieczki na Krecie<\/strong><\/h3>\n<ul class=\"wp-block-list\">\n<li><a>Trasy piesze \/ trekkingowe w Retimno CRETE (W\u0105w\u00f3z Patsos \/ AMARI)&nbsp;<\/a>\n<ul>\n<li><a href=\"https:\/\/patsosescape.com\/pl\/hiking-routes\/\">Instrukcja pieszych w\u0119dr\u00f3wek na trekking w rejonie Patsos (Retimno na Krecie)<\/a><\/li>\n<li><a href=\"\/pl\/hiking-to-the-gorge-of-patsos\/\">W\u0119dr\u00f3wka do w\u0105wozu Patsos (TRASA NR 1)<\/a><\/li>\n<li><a href=\"https:\/\/patsosescape.com\/pl\/hiking-soros-mountain-rethymnon-crete\/\">W\u0119dr\u00f3wka do Soros Mountain Patsos (TRASA NR 2)<\/a><\/li>\n<li><a href=\"https:\/\/patsosescape.com\/pl\/hiking-harakas-amari-rethymnon\/\">W\u0119dr\u00f3wka do Harakas w Patsos (TRASA NR 3)<\/a><\/li>\n<\/ul>\n<\/li>\n<\/ul>\n<ul class=\"wp-block-list\">\n<li><a href=\"https:\/\/patsosescape.com\/pl\/biking\/\">Wycieczki rowerowe \/ rowerowe w Retimno CRETE - Patsos area (AMARI)<\/a><\/li>\n<li><a href=\"https:\/\/patsosescape.com\/pl\/climbing-routes-patsos-gorge\/\">Wspinaczka ska\u0142kowa w w\u0105wozie Patsos w Amari Rethymno CRETE<\/a><\/li>\n<\/ul>","protected":false},"excerpt":{"rendered":"<p>TRASA \u00abSOROS\u00bb - NR 2 ZOBACZ \u015aWIAT Z G\u00d3RY - POZNAJ NAJWY\u017bSZ\u0104 WOLNO\u015a\u0106 I PEWNO\u015a\u0106 SIEBIE \u0141\u0104CZNA D\u0141UGO\u015a\u0106 TRASY 7,5km JAK DOJECHA\u0106 Soros to g\u00f3ra, kt\u00f3ra dominuje w okolicy. Trasa Sorosa to doskona\u0142a \u015bcie\u017cka, zdolna pobudzi\u0107 umys\u0142, serce i cia\u0142o ze wzgl\u0119du na niezr\u00f3wnane pi\u0119kno dzikiej przyrody i ci\u0105g\u0142e wyzwanie dla w\u0119drowca, kt\u00f3ry chce j\u0105 podbi\u0107. Zaczynamy t\u0105 sam\u0105 tras\u0105 \u00ab\u0397ARAKAS\u00bb do punktu 5 tego. Stamt\u0105d jedziemy prosto do punktu 1\u2026 <a class=\"read-more-link\" href=\"https:\/\/patsosescape.com\/pl\/hiking-soros-mountain-rethymnon-crete\/\">Czytaj wi\u0119cej<\/a><\/p>","protected":false},"author":5,"featured_media":0,"parent":0,"menu_order":0,"comment_status":"closed","ping_status":"closed","template":"","meta":{"ngg_post_thumbnail":0,"_glsr_average":0,"_glsr_ranking":0,"_glsr_reviews":0,"footnotes":""},"class_list":["post-2739","page","type-page","status-publish","hentry"],"aioseo_notices":[],"_links":{"self":[{"href":"https:\/\/patsosescape.com\/pl\/wp-json\/wp\/v2\/pages\/2739","targetHints":{"allow":["GET"]}}],"collection":[{"href":"https:\/\/patsosescape.com\/pl\/wp-json\/wp\/v2\/pages"}],"about":[{"href":"https:\/\/patsosescape.com\/pl\/wp-json\/wp\/v2\/types\/page"}],"author":[{"embeddable":true,"href":"https:\/\/patsosescape.com\/pl\/wp-json\/wp\/v2\/users\/5"}],"replies":[{"embeddable":true,"href":"https:\/\/patsosescape.com\/pl\/wp-json\/wp\/v2\/comments?post=2739"}],"version-history":[{"count":0,"href":"https:\/\/patsosescape.com\/pl\/wp-json\/wp\/v2\/pages\/2739\/revisions"}],"wp:attachment":[{"href":"https:\/\/patsosescape.com\/pl\/wp-json\/wp\/v2\/media?parent=2739"}],"curies":[{"name":"wp","href":"https:\/\/api.w.org\/{rel}","templated":true}]}}