{"id":2740,"date":"2021-04-27T01:57:16","date_gmt":"2021-04-26T22:57:16","guid":{"rendered":"https:\/\/patsosescape.com\/?page_id=2740"},"modified":"2021-05-05T22:40:19","modified_gmt":"2021-05-05T19:40:19","slug":"hiking-harakas-amari-rethymnon","status":"publish","type":"page","link":"https:\/\/patsosescape.com\/pl\/hiking-harakas-amari-rethymnon\/","title":{"rendered":"W\u0119dr\u00f3wka do Harakas w Patsos (Retimno na Krecie)"},"content":{"rendered":"<hr class=\"wp-block-separator\"\/>\n<p><strong><u>TRASA \u201eHARAKAS\u201d nr 3<\/u><\/strong><\/p>\n<p><strong><u><br \/>HISTORYCZNA STRONA \/ SYMBOL PATRIOTYZMU I WOLNO\u015aCI<\/u><\/strong><\/p>\n<p><strong><u><br \/>\u0141\u0104CZNA D\u0141UGO\u015a\u0106 TRASY 1,5km<\/p>\n<p><\/u><\/strong><\/p>\n<figure class=\"wp-block-image size-large\"><img loading=\"lazy\" decoding=\"async\" width=\"940\" height=\"501\" src=\"https:\/\/patsosescape.com\/wp-content\/uploads\/2021\/04\/hiking-cycling-climbing-Rethymno-Crete-tour-3.png\" alt=\"\" class=\"wp-image-2280\" srcset=\"https:\/\/patsosescape.com\/wp-content\/uploads\/2021\/04\/hiking-cycling-climbing-Rethymno-Crete-tour-3.png 940w, https:\/\/patsosescape.com\/wp-content\/uploads\/2021\/04\/hiking-cycling-climbing-Rethymno-Crete-tour-3-300x160.png 300w, https:\/\/patsosescape.com\/wp-content\/uploads\/2021\/04\/hiking-cycling-climbing-Rethymno-Crete-tour-3-768x409.png 768w, https:\/\/patsosescape.com\/wp-content\/uploads\/2021\/04\/hiking-cycling-climbing-Rethymno-Crete-tour-3-620x330.png 620w, https:\/\/patsosescape.com\/wp-content\/uploads\/2021\/04\/hiking-cycling-climbing-Rethymno-Crete-tour-3-195x104.png 195w\" sizes=\"auto, (max-width: 940px) 100vw, 940px\" \/><\/figure>\n<p>Trasa prowadz\u0105ca do kryj\u00f3wki \u201eHARAKAS\u201d, gdzie uprowadzony z Niemiec genera\u0142 Kreipe by\u0142 ukrywany przez porywaczy przez 2 noce (7 i 8 maja 1944 r.). Opr\u00f3cz walor\u00f3w historycznych, trasa pokryta g\u0119st\u0105 ro\u015blinno\u015bci\u0105 i dzikim pi\u0119knem otaczaj\u0105cych j\u0105 g\u00f3r, ze wzgl\u0119du na niewielk\u0105 odleg\u0142o\u015b\u0107 (1 km) i \u0142atwy dojazd jest dobr\u0105 okazj\u0105 do ucieczki dla ka\u017cdego.<\/p>\n<p>PS: HARAKAS oznacza wielk\u0105 i strzelist\u0105 ska\u0142\u0119<\/p>\n<p><strong><u>(JAK G<\/u><\/strong><strong><u>ET <\/u><\/strong><strong><u>TAM)<\/u><\/strong><\/p>\n<p>Po rozkoszowaniu si\u0119 tradycyjn\u0105 greck\u0105 kaw\u0105 z rustykalnym pe\u0142nym \u015bniadaniem pani Marii mo\u017cna sch\u0142odzi\u0107 i nape\u0142ni\u0107 kolby krystalicznie czyst\u0105 wod\u0105 \u017ar\u00f3d\u0142a, kt\u00f3re znajduje si\u0119 tu\u017c obok tradycyjnej tawerny \u201ePATSOS\u201d.<\/p>\n<p>Nast\u0119pnie pod\u0105\u017camy drog\u0105 asfaltow\u0105 pod g\u00f3r\u0119, kt\u00f3ra przez 50 m styka si\u0119 z tradycyjn\u0105 tawern\u0105 PATSOS (2)<\/p>\n<p>Tam skr\u0119camy w prawo drog\u0105 betonow\u0105 na 40 m (3),<\/p>\n<p>&nbsp;Nast\u0119pnie skr\u0119camy w lewo, pod\u0105\u017caj\u0105c betonow\u0105 drog\u0105 pod g\u00f3r\u0119 przez oko\u0142o 200m, gdzie widzimy&nbsp;<\/p>\n<p>po prawej du\u017cy zamkni\u0119ty zbiornik na wod\u0119, po lewej 50 m dalej owczarnia.<\/p>\n<p>Kontynuuj\u0105c podjazd poln\u0105 drog\u0105 pod g\u00f3r\u0119 przez oko\u0142o 100 (4), po lewej stronie widzimy kapliczk\u0119, gdzie \u0142\u0105cz\u0105 si\u0119 dwie drogi (tutaj mo\u017cna podziwia\u0107 wspania\u0142y widok panoramiczny)\u2026<\/p>\n<p>150 m (5) pod\u0105\u017camy w lewo w g\u00f3r\u0119 betonowo-gruntow\u0105, a\u017c do momentu, gdy spotykamy r\u00f3wnie\u017c dwie po\u0142\u0105czone drogi. Jedziemy dalej w lewo betonowym zjazdem, a nast\u0119pnie drog\u0105 gruntow\u0105 przez 200m (6), gdzie po prawej stronie widzimy ogrodzenie.<\/p>\n<p>&nbsp;Po jej otwarciu (ogrodzeniu) kierujemy si\u0119 drog\u0105 gruntow\u0105 - \u015bcie\u017ck\u0105 przez 50m a\u017c do drzewa figowego, na kt\u00f3rym skr\u0119camy w lewo. W tym miejscu kierujemy si\u0119 prosto, dochodz\u0105c do drzew orzechowych tu\u017c przed wej\u015bciem do kryj\u00f3wki (nie tak widocznej ze wzgl\u0119du na g\u0119st\u0105 ro\u015blinno\u015b\u0107). musimy ukl\u0119kn\u0105\u0107, aby zobaczy\u0107 wej\u015bcie: pie\u0144 drzewa r\u00f3wnoleg\u0142y do ziemi, pod kt\u00f3rym musimy przej\u015b\u0107, a naprzeciwko nas widzimy ska\u0142\u0119 - HARAKAS (7)<\/p>\n<p><strong><u>UWAGA<\/u><\/strong>: Ko\u0144cz\u0105c nasz\u0105 wizyt\u0119 w HARAKAS, wracamy do ogrodzenia, punkt (6) i pod\u0105\u017camy betonow\u0105 drog\u0105 zjazdow\u0105 przez 200m, a\u017c spotkamy kaplic\u0119 \u015bw. Konstantinosa i Eleni (8). Po rozkoszowaniu si\u0119 dzikim naturalnym pi\u0119knem i pobudzeniu wszystkich zmys\u0142\u00f3w udaj si\u0119 do pani Marii, aby kontynuowa\u0107 marzenie o pysznych tradycyjnych potrawach, w tym \u015bwie\u017cych warzywach, mi\u0119sie, jajach, oliwie z oliwek z pierwszego t\u0142oczenia, wszystko organiczne i wszystkie lokalnie produkowane na polach rodzinnych.<\/p>\n<\/p>\n<figure class=\"wp-block-embed is-type-video is-provider-youtube wp-block-embed-youtube wp-embed-aspect-4-3 wp-has-aspect-ratio\">\n<div class=\"wp-block-embed__wrapper\">\n<div class=\"themeblvd-video-wrapper\">\n<div class=\"video-inner\"><iframe loading=\"lazy\" title=\"ZAJ\u0118CIA PLENEROWE PATSOS (Retimno, Kreta)\" width=\"940\" height=\"705\" src=\"https:\/\/www.youtube.com\/embed\/IYv1Lnnbyag?feature=oembed&#038;wmode=transparent\" frameborder=\"0\" allow=\"accelerometer; autoplay; clipboard-write; encrypted-media; gyroscope; picture-in-picture\" allowfullscreen><\/iframe><\/div>\n<\/div>\n<\/div>\n<\/figure>\n<figure class=\"wp-block-gallery columns-2 is-cropped wp-block-gallery-1 is-layout-flex wp-block-gallery-is-layout-flex\">\n<ul class=\"blocks-gallery-grid\">\n<li class=\"blocks-gallery-item\">\n<figure><img loading=\"lazy\" decoding=\"async\" width=\"604\" height=\"459\" src=\"https:\/\/patsosescape.com\/wp-content\/uploads\/2021\/04\/spring-Patsos-water-source-Rethymnon-Crete.jpg\" alt=\"\" data-id=\"2826\" data-full-url=\"https:\/\/patsosescape.com\/wp-content\/uploads\/2021\/04\/spring-Patsos-water-source-Rethymnon-Crete.jpg\" data-link=\"https:\/\/patsosescape.com\/hiking-harakas-amari-rethymnon\/spring-patsos-water-source-rethymnon-crete\/\" class=\"wp-image-2826\" srcset=\"https:\/\/patsosescape.com\/wp-content\/uploads\/2021\/04\/spring-Patsos-water-source-Rethymnon-Crete.jpg 604w, https:\/\/patsosescape.com\/wp-content\/uploads\/2021\/04\/spring-Patsos-water-source-Rethymnon-Crete-300x228.jpg 300w, https:\/\/patsosescape.com\/wp-content\/uploads\/2021\/04\/spring-Patsos-water-source-Rethymnon-Crete-16x12.jpg 16w, https:\/\/patsosescape.com\/wp-content\/uploads\/2021\/04\/spring-Patsos-water-source-Rethymnon-Crete-195x148.jpg 195w\" sizes=\"auto, (max-width: 604px) 100vw, 604px\" \/><\/figure>\n<\/li>\n<li class=\"blocks-gallery-item\">\n<figure><img loading=\"lazy\" decoding=\"async\" width=\"500\" height=\"373\" src=\"https:\/\/patsosescape.com\/wp-content\/uploads\/2021\/04\/trekking-tours-Harakas-Amari-Rethymnon-Crete-2-w500.jpg\" alt=\"\" data-id=\"2833\" data-full-url=\"https:\/\/patsosescape.com\/wp-content\/uploads\/2021\/04\/trekking-tours-Harakas-Amari-Rethymnon-Crete-2-w500.jpg\" data-link=\"https:\/\/patsosescape.com\/hiking-harakas-amari-rethymnon\/trekking-tours-harakas-amari-rethymnon-crete-2-w500\/\" class=\"wp-image-2833\" srcset=\"https:\/\/patsosescape.com\/wp-content\/uploads\/2021\/04\/trekking-tours-Harakas-Amari-Rethymnon-Crete-2-w500.jpg 500w, https:\/\/patsosescape.com\/wp-content\/uploads\/2021\/04\/trekking-tours-Harakas-Amari-Rethymnon-Crete-2-w500-300x224.jpg 300w, https:\/\/patsosescape.com\/wp-content\/uploads\/2021\/04\/trekking-tours-Harakas-Amari-Rethymnon-Crete-2-w500-16x12.jpg 16w, https:\/\/patsosescape.com\/wp-content\/uploads\/2021\/04\/trekking-tours-Harakas-Amari-Rethymnon-Crete-2-w500-195x145.jpg 195w\" sizes=\"auto, (max-width: 500px) 100vw, 500px\" \/><\/figure>\n<\/li>\n<li class=\"blocks-gallery-item\">\n<figure><img loading=\"lazy\" decoding=\"async\" width=\"500\" height=\"373\" src=\"https:\/\/patsosescape.com\/wp-content\/uploads\/2021\/04\/Patsos-Harakas-Amari-Rethymnon-Crete-2-w500.jpg\" alt=\"\" data-id=\"2831\" data-full-url=\"https:\/\/patsosescape.com\/wp-content\/uploads\/2021\/04\/Patsos-Harakas-Amari-Rethymnon-Crete-2-w500.jpg\" data-link=\"https:\/\/patsosescape.com\/hiking-harakas-amari-rethymnon\/patsos-harakas-amari-rethymnon-crete-2-w500\/\" class=\"wp-image-2831\" srcset=\"https:\/\/patsosescape.com\/wp-content\/uploads\/2021\/04\/Patsos-Harakas-Amari-Rethymnon-Crete-2-w500.jpg 500w, https:\/\/patsosescape.com\/wp-content\/uploads\/2021\/04\/Patsos-Harakas-Amari-Rethymnon-Crete-2-w500-300x224.jpg 300w, https:\/\/patsosescape.com\/wp-content\/uploads\/2021\/04\/Patsos-Harakas-Amari-Rethymnon-Crete-2-w500-16x12.jpg 16w, https:\/\/patsosescape.com\/wp-content\/uploads\/2021\/04\/Patsos-Harakas-Amari-Rethymnon-Crete-2-w500-195x145.jpg 195w\" sizes=\"auto, (max-width: 500px) 100vw, 500px\" \/><\/figure>\n<\/li>\n<li class=\"blocks-gallery-item\">\n<figure><img loading=\"lazy\" decoding=\"async\" width=\"500\" height=\"669\" src=\"https:\/\/patsosescape.com\/wp-content\/uploads\/2021\/04\/hiking-Harakas-Amari-Rethymnon-Crete-2-w500.jpg\" alt=\"\" data-id=\"2828\" data-full-url=\"https:\/\/patsosescape.com\/wp-content\/uploads\/2021\/04\/hiking-Harakas-Amari-Rethymnon-Crete-2-w500.jpg\" data-link=\"https:\/\/patsosescape.com\/hiking-harakas-amari-rethymnon\/hiking-harakas-amari-rethymnon-crete-2-w500\/\" class=\"wp-image-2828\" srcset=\"https:\/\/patsosescape.com\/wp-content\/uploads\/2021\/04\/hiking-Harakas-Amari-Rethymnon-Crete-2-w500.jpg 500w, https:\/\/patsosescape.com\/wp-content\/uploads\/2021\/04\/hiking-Harakas-Amari-Rethymnon-Crete-2-w500-224x300.jpg 224w, https:\/\/patsosescape.com\/wp-content\/uploads\/2021\/04\/hiking-Harakas-Amari-Rethymnon-Crete-2-w500-9x12.jpg 9w, https:\/\/patsosescape.com\/wp-content\/uploads\/2021\/04\/hiking-Harakas-Amari-Rethymnon-Crete-2-w500-146x195.jpg 146w\" sizes=\"auto, (max-width: 500px) 100vw, 500px\" \/><\/figure>\n<\/li>\n<li class=\"blocks-gallery-item\">\n<figure><img loading=\"lazy\" decoding=\"async\" width=\"1024\" height=\"683\" src=\"https:\/\/patsosescape.com\/wp-content\/uploads\/2021\/05\/175878530_174458261200923_207792619061391060_n-2-1024x683.jpg\" alt=\"\" data-id=\"3220\" data-full-url=\"https:\/\/patsosescape.com\/wp-content\/uploads\/2021\/05\/175878530_174458261200923_207792619061391060_n-2-scaled.jpg\" data-link=\"https:\/\/patsosescape.com\/175878530_174458261200923_207792619061391060_n-2\/\" class=\"wp-image-3220\" srcset=\"https:\/\/patsosescape.com\/wp-content\/uploads\/2021\/05\/175878530_174458261200923_207792619061391060_n-2-1024x683.jpg 1024w, https:\/\/patsosescape.com\/wp-content\/uploads\/2021\/05\/175878530_174458261200923_207792619061391060_n-2-300x200.jpg 300w, https:\/\/patsosescape.com\/wp-content\/uploads\/2021\/05\/175878530_174458261200923_207792619061391060_n-2-768x512.jpg 768w, https:\/\/patsosescape.com\/wp-content\/uploads\/2021\/05\/175878530_174458261200923_207792619061391060_n-2-16x12.jpg 16w, https:\/\/patsosescape.com\/wp-content\/uploads\/2021\/05\/175878530_174458261200923_207792619061391060_n-2-940x627.jpg 940w, https:\/\/patsosescape.com\/wp-content\/uploads\/2021\/05\/175878530_174458261200923_207792619061391060_n-2-620x413.jpg 620w, https:\/\/patsosescape.com\/wp-content\/uploads\/2021\/05\/175878530_174458261200923_207792619061391060_n-2-195x130.jpg 195w, https:\/\/patsosescape.com\/wp-content\/uploads\/2021\/05\/175878530_174458261200923_207792619061391060_n-2-scaled.jpg 1080w\" sizes=\"auto, (max-width: 1024px) 100vw, 1024px\" \/><\/figure>\n<\/li>\n<\/ul>\n<\/figure>\n<h3 class=\"wp-block-heading\"><strong>Najlepsze zaj\u0119cia na \u015bwie\u017cym powietrzu i wycieczki na Krecie Retimno<\/strong><\/h3>\n<ul class=\"wp-block-list\">\n<li><a>Trasy piesze \/ trekkingowe w Retimno CRETE (W\u0105w\u00f3z Patsos \/ AMARI)&nbsp;<\/a>\n<ul>\n<li><a href=\"https:\/\/patsosescape.com\/pl\/hiking-routes\/\">Instrukcja pieszych w\u0119dr\u00f3wek na trekking w rejonie Patsos (Retimno na Krecie)<\/a><\/li>\n<li><a href=\"\/pl\/hiking-to-the-gorge-of-patsos\/\">W\u0119dr\u00f3wka do w\u0105wozu Patsos (TRASA NR 1)<\/a><\/li>\n<li><a href=\"https:\/\/patsosescape.com\/pl\/hiking-soros-mountain-rethymnon-crete\/\">W\u0119dr\u00f3wka do Soros Mountain Patsos (TRASA NR 2)<\/a><\/li>\n<li><a href=\"https:\/\/patsosescape.com\/pl\/hiking-harakas-amari-rethymnon\/\">W\u0119dr\u00f3wka do Harakas w Patsos (TRASA NR 3)<\/a><\/li>\n<\/ul>\n<\/li>\n<\/ul>\n<ul class=\"wp-block-list\">\n<li><a href=\"https:\/\/patsosescape.com\/pl\/biking\/\">Wycieczki rowerowe \/ rowerowe w Retimno CRETE - Patsos area (AMARI)<\/a><\/li>\n<li><a href=\"https:\/\/patsosescape.com\/pl\/climbing-routes-patsos-gorge\/\">Wspinaczka ska\u0142kowa w w\u0105wozie Patsos w Amari Rethymno CRETE<\/a><\/li>\n<\/ul>","protected":false},"excerpt":{"rendered":"<p>\u201eHARAKAS\u201d TRASA NR 3 HISTORYCZNE MIEJSCE \/ SYMBOL PATRIOTYZMU I WOLNO\u015aCI CA\u0141KOWITA D\u0141UGO\u015a\u0106 TRASY 1,5 km Trasa prowadz\u0105ca do kryj\u00f3wki \u201eHARAKAS\u201d, gdzie porywacze ukrywali uprowadzonego genera\u0142a Kreipe z Niemiec przez 2 noce (7. 8 maja 1944). Opr\u00f3cz walor\u00f3w historycznych trasa pokryta g\u0119st\u0105 ro\u015blinno\u015bci\u0105 i dzikim pi\u0119knem otaczaj\u0105cych j\u0105 g\u00f3r, ze wzgl\u0119du na niewielk\u0105 odleg\u0142o\u015b\u0107 (1 km) i \u0142atwy dojazd, to du\u017ca szansa ucieczki dla ka\u017cdego. PS: HARAKAS to ogromna i strzelista rock (JAK DOJECHA\u0106\u2026 <a class=\"read-more-link\" href=\"https:\/\/patsosescape.com\/pl\/hiking-harakas-amari-rethymnon\/\">Czytaj wi\u0119cej<\/a><\/p>","protected":false},"author":5,"featured_media":0,"parent":0,"menu_order":0,"comment_status":"closed","ping_status":"closed","template":"","meta":{"ngg_post_thumbnail":0,"_glsr_average":0,"_glsr_ranking":0,"_glsr_reviews":0,"footnotes":""},"class_list":["post-2740","page","type-page","status-publish","hentry"],"aioseo_notices":[],"_links":{"self":[{"href":"https:\/\/patsosescape.com\/pl\/wp-json\/wp\/v2\/pages\/2740","targetHints":{"allow":["GET"]}}],"collection":[{"href":"https:\/\/patsosescape.com\/pl\/wp-json\/wp\/v2\/pages"}],"about":[{"href":"https:\/\/patsosescape.com\/pl\/wp-json\/wp\/v2\/types\/page"}],"author":[{"embeddable":true,"href":"https:\/\/patsosescape.com\/pl\/wp-json\/wp\/v2\/users\/5"}],"replies":[{"embeddable":true,"href":"https:\/\/patsosescape.com\/pl\/wp-json\/wp\/v2\/comments?post=2740"}],"version-history":[{"count":0,"href":"https:\/\/patsosescape.com\/pl\/wp-json\/wp\/v2\/pages\/2740\/revisions"}],"wp:attachment":[{"href":"https:\/\/patsosescape.com\/pl\/wp-json\/wp\/v2\/media?parent=2740"}],"curies":[{"name":"wp","href":"https:\/\/api.w.org\/{rel}","templated":true}]}}