{"id":2768,"date":"2021-04-27T13:18:27","date_gmt":"2021-04-27T10:18:27","guid":{"rendered":"https:\/\/patsosescape.com\/?page_id=2768"},"modified":"2021-05-15T19:09:23","modified_gmt":"2021-05-15T16:09:23","slug":"who-we-are","status":"publish","type":"page","link":"https:\/\/patsosescape.com\/pl\/who-we-are\/","title":{"rendered":"Kim jeste\u015bmy"},"content":{"rendered":"<h2 style=\"text-align: center;\"><img loading=\"lazy\" decoding=\"async\" class=\"aligncenter wp-image-2551 size-full\" title=\"Wypoczynek na \u015bwie\u017cym powietrzu w Retimno na Krecie - Patsos Escape\" src=\"https:\/\/patsosescape.com\/wp-content\/uploads\/2021\/04\/About-Patsos-Outdoor-activities-Rethymno-Crete.jpg\" alt=\"Wypoczynek na \u015bwie\u017cym powietrzu w Retimno na Krecie - Patsos Escape\" width=\"908\" height=\"488\" srcset=\"https:\/\/patsosescape.com\/wp-content\/uploads\/2021\/04\/About-Patsos-Outdoor-activities-Rethymno-Crete.jpg 908w, https:\/\/patsosescape.com\/wp-content\/uploads\/2021\/04\/About-Patsos-Outdoor-activities-Rethymno-Crete-300x161.jpg 300w, https:\/\/patsosescape.com\/wp-content\/uploads\/2021\/04\/About-Patsos-Outdoor-activities-Rethymno-Crete-768x413.jpg 768w, https:\/\/patsosescape.com\/wp-content\/uploads\/2021\/04\/About-Patsos-Outdoor-activities-Rethymno-Crete-16x9.jpg 16w, https:\/\/patsosescape.com\/wp-content\/uploads\/2021\/04\/About-Patsos-Outdoor-activities-Rethymno-Crete-620x333.jpg 620w, https:\/\/patsosescape.com\/wp-content\/uploads\/2021\/04\/About-Patsos-Outdoor-activities-Rethymno-Crete-195x105.jpg 195w, https:\/\/patsosescape.com\/wp-content\/uploads\/2021\/04\/About-Patsos-Outdoor-activities-Rethymno-Crete-542x292.jpg 542w\" sizes=\"auto, (max-width: 908px) 100vw, 908px\" \/><\/h2>\n<h1>Wszystko, czego chcia\u0142by\u015b si\u0119 cieszy\u0107 na wakacjach na Krecie!<\/h1>\n<h2>(Tradycyjna kuchnia, zaj\u0119cia na \u015bwie\u017cym powietrzu i zakwaterowanie).<\/h2>\n<p>\u017byjemy w <strong>Patsos<\/strong>, malownicza i historyczna wioska w <strong>Rethymnon, Kreta<\/strong>. Jeste\u015bmy trzecim pokoleniem prowadz\u0105cym ma\u0142e <strong>tradycyjna tawerna \u201ePatsos\u201d<\/strong> (od <strong>1933<\/strong>). Historia i tradycja, nasze liczne do\u015bwiadczenia, a tak\u017ce prawdziwa i \u017cywa go\u015bcinno\u015b\u0107 krete\u0144ska, kt\u00f3r\u0105 hojnie okazywano naszym drogim go\u015bciom przez lata, zobowi\u0105zuj\u0105 nas do uczynienia Pa\u0144stwa wakacji ciekawszymi i przyjemniejszymi, oferuj\u0105c Pa\u0144stwu:<\/p>\n<ol>\n<li><strong>Zakwaterowanie ekoturystyczne<\/strong> - Zobacz wi\u0119cej na: <a href=\"https:\/\/patsosescape.com\/pl\/accom\/\">https:\/\/patsosescape.com\/accom\/<\/a><\/li>\n<li><strong>Tradycyjne potrawy krete\u0144skie<\/strong> - Zobacz wi\u0119cej na: <a href=\"https:\/\/patsosescape.com\/pl\/traditional-cuisine\/\">https:\/\/patsosescape.com\/traditional-cuisine\/<\/a><\/li>\n<li><strong>Zaj\u0119cia i prze\u017cycia na \u015bwie\u017cym powietrzu<\/strong> - Zobacz wi\u0119cej na: <a href=\"https:\/\/patsosescape.com\/pl\/outdoor-activities\/\">https:\/\/patsosescape.com\/outdoor-activities\/<\/a><\/li>\n<\/ol>\n<p>Poza powy\u017cszymi zaj\u0119ciami, korzystne po\u0142o\u017cenie daje Ci wi\u0119cej mo\u017cliwo\u015bci: pop\u0142ywa\u0107 lub odwiedzi\u0107 najd\u0142u\u017csze stanowiska archeologiczne i historyczne, kt\u00f3re znajduj\u0105 si\u0119 w promieniu 25 km. Jest to bardzo wa\u017cne, poniewa\u017c oszcz\u0119dzasz czas i pieni\u0105dze.<\/p>\n<p>&nbsp;<\/p>\n<p><strong>Wsp\u00f3\u0142rz\u0119dne GPS (PATSOS - RETHYMNO - CRETE):<\/strong> 35.246829461919155, 24.57300906207306<\/p>\n<p>&nbsp;<\/p>\n<p><a title=\"Mapy Google: \u201ePatsos Escape\u201d - ekoturystyka i zaj\u0119cia na \u015bwie\u017cym powietrzu RETHYMNO CRETE: tawerna, zakwaterowanie, zaj\u0119cia rekreacyjne\" href=\"https:\/\/www.google.com\/maps\/place\/Patsos+Escape+-+Ecotourism+%26+Outdoor+Activities+RETHYMNO+CRETE:+Tavern,+Accommodation,+Activities\/@35.2520472,24.5274207,11z\/data=!4m5!3m4!1s0x0:0x409f36e27578c5a8!8m2!3d35.2466611!4d24.5727687?hl=en\" target=\"_blank\" rel=\"noopener\"><strong>MAPY GOOGLE - sprawd\u017a: \u201ePatsos Escape\u201d - Ekoturystyka i zaj\u0119cia na \u015bwie\u017cym powietrzu RETHYMNO CRETE: Tawerna, Zakwaterowanie, Zaj\u0119cia<\/strong><\/a> <\/p>\n<figure class=\"wp-block-image size-large\"><a href=\"https:\/\/www.google.com\/maps\/place\/Patsos+Escape+-+Ecotourism+%26+Outdoor+Activities+RETHYMNO+CRETE:+Tavern,+Accommodation,+Activities\/@35.2520472,24.5274207,11z\/data=!4m5!3m4!1s0x0:0x409f36e27578c5a8!8m2!3d35.2466611!4d24.5727687?hl=en\" target=\"_blank\" rel=\"noopener\"><img loading=\"lazy\" decoding=\"async\" width=\"1024\" height=\"495\" src=\"https:\/\/patsosescape.com\/wp-content\/uploads\/2021\/05\/Patsos-Escape-Ecotourism-Outdoor-Activities-Rethymno-1024x495.jpg\" alt=\"\" class=\"wp-image-3281\" srcset=\"https:\/\/patsosescape.com\/wp-content\/uploads\/2021\/05\/Patsos-Escape-Ecotourism-Outdoor-Activities-Rethymno-1024x495.jpg 1024w, https:\/\/patsosescape.com\/wp-content\/uploads\/2021\/05\/Patsos-Escape-Ecotourism-Outdoor-Activities-Rethymno-300x145.jpg 300w, https:\/\/patsosescape.com\/wp-content\/uploads\/2021\/05\/Patsos-Escape-Ecotourism-Outdoor-Activities-Rethymno-768x371.jpg 768w, https:\/\/patsosescape.com\/wp-content\/uploads\/2021\/05\/Patsos-Escape-Ecotourism-Outdoor-Activities-Rethymno-1536x742.jpg 1536w, https:\/\/patsosescape.com\/wp-content\/uploads\/2021\/05\/Patsos-Escape-Ecotourism-Outdoor-Activities-Rethymno-16x8.jpg 16w, https:\/\/patsosescape.com\/wp-content\/uploads\/2021\/05\/Patsos-Escape-Ecotourism-Outdoor-Activities-Rethymno-940x454.jpg 940w, https:\/\/patsosescape.com\/wp-content\/uploads\/2021\/05\/Patsos-Escape-Ecotourism-Outdoor-Activities-Rethymno-620x300.jpg 620w, https:\/\/patsosescape.com\/wp-content\/uploads\/2021\/05\/Patsos-Escape-Ecotourism-Outdoor-Activities-Rethymno-195x94.jpg 195w, https:\/\/patsosescape.com\/wp-content\/uploads\/2021\/05\/Patsos-Escape-Ecotourism-Outdoor-Activities-Rethymno-scaled.jpg 1080w\" sizes=\"auto, (max-width: 1024px) 100vw, 1024px\" \/><\/a><\/figure><\/p>","protected":false},"excerpt":{"rendered":"<p>Wszystko, czego chcia\u0142by\u015b si\u0119 cieszy\u0107 na wakacjach na Krecie! (Tradycyjna kuchnia, zaj\u0119cia na \u015bwie\u017cym powietrzu i zakwaterowanie). Mieszkamy w Patsos, malowniczej i historycznej wiosce w Rethymnon na Krecie. Jeste\u015bmy trzecim pokoleniem prowadz\u0105cym ma\u0142\u0105 tradycyjn\u0105 tawern\u0119 \u201ePatsos\u201d (od 1933 roku). Historia i tradycja, nasze liczne do\u015bwiadczenia, a tak\u017ce prawdziwa i \u017cywa go\u015bcinno\u015b\u0107 krete\u0144ska, kt\u00f3r\u0105 przez lata hojnie okazywano naszym drogim go\u015bciom, zobowi\u0105zuj\u0105 nas do uczynienia Pa\u0144stwa wakacji bardziej interesuj\u0105cymi i przyjemnymi, oferuj\u0105c Pa\u0144stwu: Ekoturystyka Zakwaterowanie - \u2026 <a class=\"read-more-link\" href=\"https:\/\/patsosescape.com\/pl\/who-we-are\/\">Czytaj wi\u0119cej<\/a><\/p>","protected":false},"author":2,"featured_media":0,"parent":0,"menu_order":0,"comment_status":"closed","ping_status":"closed","template":"","meta":{"ngg_post_thumbnail":0,"_glsr_average":0,"_glsr_ranking":0,"_glsr_reviews":0,"footnotes":""},"class_list":["post-2768","page","type-page","status-publish","hentry"],"aioseo_notices":[],"_links":{"self":[{"href":"https:\/\/patsosescape.com\/pl\/wp-json\/wp\/v2\/pages\/2768","targetHints":{"allow":["GET"]}}],"collection":[{"href":"https:\/\/patsosescape.com\/pl\/wp-json\/wp\/v2\/pages"}],"about":[{"href":"https:\/\/patsosescape.com\/pl\/wp-json\/wp\/v2\/types\/page"}],"author":[{"embeddable":true,"href":"https:\/\/patsosescape.com\/pl\/wp-json\/wp\/v2\/users\/2"}],"replies":[{"embeddable":true,"href":"https:\/\/patsosescape.com\/pl\/wp-json\/wp\/v2\/comments?post=2768"}],"version-history":[{"count":0,"href":"https:\/\/patsosescape.com\/pl\/wp-json\/wp\/v2\/pages\/2768\/revisions"}],"wp:attachment":[{"href":"https:\/\/patsosescape.com\/pl\/wp-json\/wp\/v2\/media?parent=2768"}],"curies":[{"name":"wp","href":"https:\/\/api.w.org\/{rel}","templated":true}]}}