{"id":3328,"date":"2021-06-01T00:11:29","date_gmt":"2021-05-31T21:11:29","guid":{"rendered":"https:\/\/patsosescape.com\/?page_id=3328"},"modified":"2021-07-28T00:06:08","modified_gmt":"2021-07-27T21:06:08","slug":"discover-patsos-gorge-hiking-experience","status":"publish","type":"page","link":"https:\/\/patsosescape.com\/pl\/discover-patsos-gorge-hiking-experience\/","title":{"rendered":"Discover Patsos Gorge &#8211; Hiking Experience"},"content":{"rendered":"<blockquote>\n<h2 style=\"text-align: center;\">Odkryj w\u0105w\u00f3z Patsos z przewodnikiem!<\/h2>\n<\/blockquote>\n<figure class=\"wp-block-image size-large\"><img loading=\"lazy\" decoding=\"async\" width=\"1024\" height=\"384\" class=\"wp-image-3362\" src=\"https:\/\/patsosescape.com\/wp-content\/uploads\/2021\/06\/hiking-experience-tour-photos-1024x384.jpg\" alt=\"\" srcset=\"https:\/\/patsosescape.com\/wp-content\/uploads\/2021\/06\/hiking-experience-tour-photos-1024x384.jpg 1024w, https:\/\/patsosescape.com\/wp-content\/uploads\/2021\/06\/hiking-experience-tour-photos-300x113.jpg 300w, https:\/\/patsosescape.com\/wp-content\/uploads\/2021\/06\/hiking-experience-tour-photos-768x288.jpg 768w, https:\/\/patsosescape.com\/wp-content\/uploads\/2021\/06\/hiking-experience-tour-photos-16x6.jpg 16w, https:\/\/patsosescape.com\/wp-content\/uploads\/2021\/06\/hiking-experience-tour-photos-940x353.jpg 940w, https:\/\/patsosescape.com\/wp-content\/uploads\/2021\/06\/hiking-experience-tour-photos-620x233.jpg 620w, https:\/\/patsosescape.com\/wp-content\/uploads\/2021\/06\/hiking-experience-tour-photos-195x73.jpg 195w, https:\/\/patsosescape.com\/wp-content\/uploads\/2021\/06\/hiking-experience-tour-photos-scaled.jpg 1080w\" sizes=\"auto, (max-width: 1024px) 100vw, 1024px\" \/><\/figure>\n<p>\n<div class=\"themeblvd-video-wrapper\">\n<div class=\"video-inner\"><iframe loading=\"lazy\" title=\"Patsos Escape - zobacz wszystkie us\u0142ugi (wycieczki piesze i kuchnia krete\u0144ska) w Patsos Rethymno na Krecie\" width=\"940\" height=\"529\" src=\"https:\/\/www.youtube.com\/embed\/46cP96SSK4Y?feature=oembed&#038;wmode=transparent\" frameborder=\"0\" allow=\"accelerometer; autoplay; clipboard-write; encrypted-media; gyroscope; picture-in-picture\" allowfullscreen><\/iframe><\/div>\n<\/div>\n<p>&nbsp;<\/p>\n<div>\n<div class=\"_svr7sj\">\n<h3 class=\"_14i3z6h\" tabindex=\"-1\">Piesze w\u0119dr\u00f3wki Do\u015bwiadczenie w naturze Rethymno CRETE - gospodarzem Vassilis<\/p>\n<p>Wycieczka piesza: 4 godziny<span aria-hidden=\"true\">&nbsp; <br \/><\/span><br \/>Prowadzony w j\u0119zyku angielskim i greckim<\/p>\n<\/h3>\n<\/div>\n<\/div>\n<p style=\"text-align: center;\">&nbsp;<\/p>\n<p><strong>Co b\u0119dziesz robi\u0107 podczas: WYCIECZKA DO PATSOS GORGE - NIESAMOWITE DO\u015aWIADCZENIE W\u0118DR\u00d3WKI W RETHYMNO CRETE!<br \/><\/strong><\/p>\n<div data-plugin-in-point-id=\"DESCRIPTION_DEFAULT\" data-section-id=\"DESCRIPTION_DEFAULT\">\n<div class=\"_1d784e5\">Po przybyciu na plac w historycznej i malowniczej wiosce Patsos, b\u0119dziesz cieszy\u0107 si\u0119 tradycyjn\u0105 uczt\u0105 pani Marii, w\u0142a\u015bcicielki tradycyjnej Tawerny Patsos (dzia\u0142aj\u0105cej od 1933 roku). Obok tawerny znajduje si\u0119 wiejska fontanna z wod\u0105 \u017ar\u00f3dlan\u0105. Pi\u0119\u0107 minut dalej docieramy do ko\u015bcio\u0142a bizantyjskiego z XIII wieku. Kontynuujemy podziwianie mozaiki utworzonej przez kontrastuj\u0105ce kolory. Po 1,5 km zatrzymujemy si\u0119 przy kaplicy jaskiniowej \u015bw. Antoniego. Tutaj Hermes by\u0142 czczony tysi\u0105ce lat pne Pi\u0119kno jest naprawd\u0119 dzikie z bogat\u0105 flor\u0105 i faun\u0105. Podczas w\u0119dr\u00f3wki przejdziemy przez 2 drewniane mosty i drabiny, aby nam pom\u00f3c. Po oko\u0142o 2 godzinach docieramy do kolejnego magicznego krajobrazu. Jest to ogromne jezioro otoczone wysokimi i zacienionymi drzewami. Po rozkoszowaniu si\u0119 fantastycznymi wodnymi krainami pobudzone zostan\u0105 wszystkie zmys\u0142y. Istnieje wi\u0119cej opcjonalnych wycieczek lub mo\u017cemy jecha\u0107 z powrotem. Na koniec wycieczki wracamy do Maria&#039;s Tavern, aby ponownie prze\u017cy\u0107 marzenie o pysznych, organicznych tradycyjnych potrawach ze \u015bwie\u017cych warzyw, mi\u0119sa i oliwy z oliwek z pierwszego t\u0142oczenia, kt\u00f3re s\u0105 produkowane na rodzinnych polach. UWAGA: poziom wody w tym czasie jest nadal wysoki, co uniemo\u017cliwia dotarcie do jeziora pieszo, ale mo\u017cemy pokona\u0107 wi\u0119kszo\u015b\u0107 w\u0105wozu i podziwia\u0107 spektakularne klify, strzelaj\u0105ce ptaki i pi\u0119kne dzikie kwiaty.<\/p>\n<p><strong>Inne rzeczy do zapami\u0119tania<\/strong><\/p>\n<p>\u201eUcieczka na Patsos\u201d to zawsze rodzinne i ciep\u0142e otoczenie, kt\u00f3re sprawia, \u017ce czuj\u0119 si\u0119 jak w domu o wiele mil st\u0105d, a za ka\u017cdym razem z przyjemno\u015bci\u0105 znajduj\u0119 dla moich przyjaci\u00f3\u0142 nowe rzeczy zwi\u0105zane z tym do\u015bwiadczeniem!<\/p>\n<\/div>\n<\/div>\n<p><strong>&nbsp;<\/strong><\/p>\n<figure class=\"wp-block-image size-large\"><img loading=\"lazy\" decoding=\"async\" width=\"436\" height=\"166\" src=\"https:\/\/patsosescape.com\/wp-content\/uploads\/2021\/06\/hiking-tour-details-1.jpg\" alt=\"\" class=\"wp-image-3380\" srcset=\"https:\/\/patsosescape.com\/wp-content\/uploads\/2021\/06\/hiking-tour-details-1.jpg 436w, https:\/\/patsosescape.com\/wp-content\/uploads\/2021\/06\/hiking-tour-details-1-300x114.jpg 300w, https:\/\/patsosescape.com\/wp-content\/uploads\/2021\/06\/hiking-tour-details-1-16x6.jpg 16w, https:\/\/patsosescape.com\/wp-content\/uploads\/2021\/06\/hiking-tour-details-1-195x74.jpg 195w\" sizes=\"auto, (max-width: 436px) 100vw, 436px\" \/><\/figure>\n<p>&nbsp;&nbsp;<\/p>\n<div>\n<h2>&nbsp;<\/h2>\n<h1 class=\"_14i3z6h\" tabindex=\"-1\">Co jest zawarte<\/h1>\n<div class=\"_3madm\">\n<div>\n<div class=\"_155vdx5\"><\/div>\n<\/div>\n<\/div>\n<\/div>\n<figure class=\"wp-block-image size-large\"><img loading=\"lazy\" decoding=\"async\" width=\"440\" height=\"123\" src=\"https:\/\/patsosescape.com\/wp-content\/uploads\/2021\/06\/food-drinks.jpg\" alt=\"\" class=\"wp-image-3372\" srcset=\"https:\/\/patsosescape.com\/wp-content\/uploads\/2021\/06\/food-drinks.jpg 440w, https:\/\/patsosescape.com\/wp-content\/uploads\/2021\/06\/food-drinks-300x84.jpg 300w, https:\/\/patsosescape.com\/wp-content\/uploads\/2021\/06\/food-drinks-16x4.jpg 16w, https:\/\/patsosescape.com\/wp-content\/uploads\/2021\/06\/food-drinks-195x55.jpg 195w\" sizes=\"auto, (max-width: 440px) 100vw, 440px\" \/><\/figure>\n<h2 tabindex=\"-1\">&nbsp;<\/h2>\n<h2 class=\"_14i3z6h\" tabindex=\"-1\">Jedzenie:<\/h2>\n<p class=\"_14i3z6h\" tabindex=\"-1\"><strong>Pyszne tradycyjne potrawy, w tym \u015bwie\u017ce warzywa, mi\u0119so, oliwa z oliwek z pierwszego t\u0142oczenia, wszystkie organiczne, produkowane na rodzinnych polach.<\/strong><\/p>\n<h2 class=\"_14i3z6h\" tabindex=\"-1\">Napoje:<\/h2>\n<p class=\"_14i3z6h\" tabindex=\"-1\"><span tabindex=\"-1\"><strong>powitamy Ci\u0119 tradycyjnym przysmakiem z naszej lokalnej kuchni krete\u0144skiej<\/strong>.<\/span><\/p>\n<h1 tabindex=\"-1\">&nbsp;<\/h1>\n<h1 class=\"_14i3z6h\" tabindex=\"-1\">Poznaj swojego gospodarza, Vasilisa<\/h1>\n<div>\n<h2><img loading=\"lazy\" decoding=\"async\" class=\"alignnone wp-image-2623 size-full\" src=\"https:\/\/patsosescape.com\/wp-content\/uploads\/2021\/04\/Ecotourism-Patsos-Escape-outdoor-activities-2-w940.jpg\" alt=\"zaj\u0119cia na \u015bwie\u017cym powietrzu w Retimno na Krecie\" width=\"1080\" height=\"528\" srcset=\"https:\/\/patsosescape.com\/wp-content\/uploads\/2021\/04\/Ecotourism-Patsos-Escape-outdoor-activities-2-w940.jpg 1080w, https:\/\/patsosescape.com\/wp-content\/uploads\/2021\/04\/Ecotourism-Patsos-Escape-outdoor-activities-2-w940-300x147.jpg 300w, https:\/\/patsosescape.com\/wp-content\/uploads\/2021\/04\/Ecotourism-Patsos-Escape-outdoor-activities-2-w940-1024x501.jpg 1024w, https:\/\/patsosescape.com\/wp-content\/uploads\/2021\/04\/Ecotourism-Patsos-Escape-outdoor-activities-2-w940-768x375.jpg 768w, https:\/\/patsosescape.com\/wp-content\/uploads\/2021\/04\/Ecotourism-Patsos-Escape-outdoor-activities-2-w940-16x8.jpg 16w, https:\/\/patsosescape.com\/wp-content\/uploads\/2021\/04\/Ecotourism-Patsos-Escape-outdoor-activities-2-w940-940x460.jpg 940w, https:\/\/patsosescape.com\/wp-content\/uploads\/2021\/04\/Ecotourism-Patsos-Escape-outdoor-activities-2-w940-620x303.jpg 620w, https:\/\/patsosescape.com\/wp-content\/uploads\/2021\/04\/Ecotourism-Patsos-Escape-outdoor-activities-2-w940-195x95.jpg 195w\" sizes=\"auto, (max-width: 1080px) 100vw, 1080px\" \/><\/h2>\n<p><strong><span tabindex=\"-1\">Urodzi\u0142em si\u0119 i mieszkam w Patsos, malowniczej i historycznej wiosce w Rethymnon na Krecie. S\u0142u\u017cy\u0142em w greckich si\u0142ach specjalnych przez 23 lata (podpu\u0142kownik na emeryturze), absolwent i certyfikaty wszystkich szk\u00f3\u0142, takich jak spadochroniarstwo, wspinaczka i nurkowanie. Interesuj\u0119 si\u0119 te\u017c wydarzeniami historycznymi i kulturalnymi i mam du\u017c\u0105 wiedz\u0119. To wszystko w po\u0142\u0105czeniu z prawdziw\u0105 i \u017cyw\u0105 krete\u0144sk\u0105 go\u015bcinno\u015bci\u0105, prawdziwe krete\u0144skie jedzenie przeniesie Ci\u0119 z powrotem do gustu naszych bab\u0107. Je\u015bli chcesz zobaczy\u0107, poczu\u0107, posmakowa\u0107 i dotkn\u0105\u0107 PRAWDZIWEJ Krety\u2026 koniecznie odwied\u017a w\u0105w\u00f3z Patsos i Patsos.<\/span><\/strong><\/p>\n<\/p>\n<\/div>\n<div style=\"height:70px\" aria-hidden=\"true\" class=\"wp-block-spacer\"><\/div>\n<\/p>\n<div>\n<h2><\/h2>\n<\/div>\n<\/h2>\n<h1>\n<p>Gdzie b\u0119dziesz<\/p>\n<p><strong>Zaczynamy od wiejskiej fontanny z czyst\u0105 i ch\u0142odn\u0105 wod\u0105. Spaceruj\u0105c po magicznym krajobrazie, b\u0119dziemy mogli zobaczy\u0107 bizantyjski ko\u015bci\u00f3\u0142 (XIV w.), Star\u0105 kaplic\u0119 jaskiniow\u0105 \u015bw. Antoniego, kt\u00f3ra jest przypi\u0119ta pod wysokimi i imponuj\u0105cymi klifami. Nast\u0119pnie pokonujemy niezr\u00f3wnane naturalne pi\u0119kno w\u0105wozu Patsos, pod\u0105\u017caj\u0105c doskona\u0142\u0105 \u015bcie\u017ck\u0105. Na koniec cieszymy si\u0119 wyj\u0105tkowym spektaklem ogromnego jeziora, odczuwaj\u0105c niesamowit\u0105 eufori\u0119 i pewno\u015b\u0107 siebie<\/strong>.<\/p>\n<\/p>\n<div class=\"wp-block-spacer\" aria-hidden=\"true\">&nbsp;<\/div>\n<p><p><a href=\"https:\/\/patsosescape.com\/pl\/taverna\/\"><img loading=\"lazy\" decoding=\"async\" class=\"alignnone wp-image-2113 size-full\" src=\"https:\/\/patsosescape.com\/wp-content\/uploads\/2021\/04\/MARIA-traditional-Cretan-food-diet-Rethymno-w940.jpg\" alt=\"\" width=\"940\" height=\"396\" srcset=\"https:\/\/patsosescape.com\/wp-content\/uploads\/2021\/04\/MARIA-traditional-Cretan-food-diet-Rethymno-w940.jpg 940w, https:\/\/patsosescape.com\/wp-content\/uploads\/2021\/04\/MARIA-traditional-Cretan-food-diet-Rethymno-w940-300x126.jpg 300w, https:\/\/patsosescape.com\/wp-content\/uploads\/2021\/04\/MARIA-traditional-Cretan-food-diet-Rethymno-w940-768x324.jpg 768w, https:\/\/patsosescape.com\/wp-content\/uploads\/2021\/04\/MARIA-traditional-Cretan-food-diet-Rethymno-w940-620x261.jpg 620w, https:\/\/patsosescape.com\/wp-content\/uploads\/2021\/04\/MARIA-traditional-Cretan-food-diet-Rethymno-w940-195x82.jpg 195w\" sizes=\"auto, (max-width: 940px) 100vw, 940px\" \/><\/a><\/p>\n<h2 style=\"text-align: center;\">&nbsp;<\/h2>\n<div>\n<h2>&nbsp;<\/h2>\n<\/div>\n<p style=\"text-align: left;\">&nbsp;<\/p>\n<p><img loading=\"lazy\" decoding=\"async\" class=\"alignnone wp-image-2068 size-full\" src=\"https:\/\/patsosescape.com\/wp-content\/uploads\/2021\/04\/Patsos-village-landscape-3-w960.jpg\" alt=\"\" width=\"960\" height=\"369\" srcset=\"https:\/\/patsosescape.com\/wp-content\/uploads\/2021\/04\/Patsos-village-landscape-3-w960.jpg 960w, https:\/\/patsosescape.com\/wp-content\/uploads\/2021\/04\/Patsos-village-landscape-3-w960-300x115.jpg 300w, https:\/\/patsosescape.com\/wp-content\/uploads\/2021\/04\/Patsos-village-landscape-3-w960-768x295.jpg 768w, https:\/\/patsosescape.com\/wp-content\/uploads\/2021\/04\/Patsos-village-landscape-3-w960-940x361.jpg 940w, https:\/\/patsosescape.com\/wp-content\/uploads\/2021\/04\/Patsos-village-landscape-3-w960-620x238.jpg 620w, https:\/\/patsosescape.com\/wp-content\/uploads\/2021\/04\/Patsos-village-landscape-3-w960-195x75.jpg 195w\" sizes=\"auto, (max-width: 960px) 100vw, 960px\" \/><\/p>\n<h2 style=\"text-align: center;\"><img loading=\"lazy\" decoding=\"async\" class=\"alignnone wp-image-2070 size-full\" src=\"https:\/\/patsosescape.com\/wp-content\/uploads\/2021\/04\/Potamon-dam-Rethymno-Crete-Greece-w960.jpg\" alt=\"\" width=\"960\" height=\"362\" srcset=\"https:\/\/patsosescape.com\/wp-content\/uploads\/2021\/04\/Potamon-dam-Rethymno-Crete-Greece-w960.jpg 960w, https:\/\/patsosescape.com\/wp-content\/uploads\/2021\/04\/Potamon-dam-Rethymno-Crete-Greece-w960-300x113.jpg 300w, https:\/\/patsosescape.com\/wp-content\/uploads\/2021\/04\/Potamon-dam-Rethymno-Crete-Greece-w960-768x290.jpg 768w, https:\/\/patsosescape.com\/wp-content\/uploads\/2021\/04\/Potamon-dam-Rethymno-Crete-Greece-w960-940x354.jpg 940w, https:\/\/patsosescape.com\/wp-content\/uploads\/2021\/04\/Potamon-dam-Rethymno-Crete-Greece-w960-620x234.jpg 620w, https:\/\/patsosescape.com\/wp-content\/uploads\/2021\/04\/Potamon-dam-Rethymno-Crete-Greece-w960-195x74.jpg 195w\" sizes=\"auto, (max-width: 960px) 100vw, 960px\" \/><\/h2>\n<h4 tabindex=\"-1\">&nbsp;<\/h4>\n<h4 tabindex=\"-1\">B\u0119dzie nam mi\u0142o go\u015bci\u0107 Was w gronie naszych go\u015bci\u2026<\/h4>\n<p>Maria i jej syn, Vassilis<\/p>\n<p tabindex=\"-1\"><img loading=\"lazy\" decoding=\"async\" class=\"alignnone wp-image-2059 size-full\" src=\"https:\/\/patsosescape.com\/wp-content\/uploads\/2021\/04\/Maria-and-Vassilis-Psycharakis-traditional-tavern-1-w960.jpg\" alt=\"\" width=\"960\" height=\"540\" srcset=\"https:\/\/patsosescape.com\/wp-content\/uploads\/2021\/04\/Maria-and-Vassilis-Psycharakis-traditional-tavern-1-w960.jpg 960w, https:\/\/patsosescape.com\/wp-content\/uploads\/2021\/04\/Maria-and-Vassilis-Psycharakis-traditional-tavern-1-w960-300x169.jpg 300w, https:\/\/patsosescape.com\/wp-content\/uploads\/2021\/04\/Maria-and-Vassilis-Psycharakis-traditional-tavern-1-w960-768x432.jpg 768w, https:\/\/patsosescape.com\/wp-content\/uploads\/2021\/04\/Maria-and-Vassilis-Psycharakis-traditional-tavern-1-w960-940x529.jpg 940w, https:\/\/patsosescape.com\/wp-content\/uploads\/2021\/04\/Maria-and-Vassilis-Psycharakis-traditional-tavern-1-w960-620x349.jpg 620w, https:\/\/patsosescape.com\/wp-content\/uploads\/2021\/04\/Maria-and-Vassilis-Psycharakis-traditional-tavern-1-w960-195x110.jpg 195w\" sizes=\"auto, (max-width: 960px) 100vw, 960px\" \/><\/p>\n<div>&nbsp;<\/div>\n<p>&nbsp;<\/p>\n<p>&nbsp;<\/p>\n<h2 tabindex=\"-1\"><a href=\"https:\/\/www.google.com\/maps\/dir\/\/35.2468187,24.5730296\/@35.2468889,24.2693082,9z\" target=\"_blank\" rel=\"noopener\"><strong>MAPA KRETY - gdzie jest Patsos w Rethymno na Krecie - jak dojecha\u0107 na Patsos<\/strong><\/a><\/h2>\n<h4 tabindex=\"-1\"><a href=\"https:\/\/www.google.com\/maps\/dir\/\/Patsos+Escape,+Patsos+740+61\/@35.2466269,24.4330122,11z\/data=!4m8!4m7!1m0!1m5!1m1!1s0x149b0daa68fee8bf:0xa02eac20b70c0101!2m2!1d24.5730914!2d35.2466183\" target=\"_blank\" rel=\"noopener\"><strong>JAK JECHA\u0106 DO PATSOS (Rethymno CRETE)<\/strong><\/a><\/h4>\n<p><strong>Wsp\u00f3\u0142rz\u0119dne GPS (PATSOS - RETHYMNO - CRETE):<\/strong> 35.246829461919155, 24.57300906207306<\/p>\n<p><a title=\"Mapy Google: \u201ePatsos Escape\u201d - ekoturystyka i zaj\u0119cia na \u015bwie\u017cym powietrzu RETHYMNO CRETE: tawerna, zakwaterowanie, zaj\u0119cia rekreacyjne\" href=\"https:\/\/www.google.com\/maps\/place\/Patsos+Escape+-+Ecotourism+%26+Outdoor+Activities+RETHYMNO+CRETE:+Tavern,+Accommodation,+Activities\/@35.2520472,24.5274207,11z\/data=!4m5!3m4!1s0x0:0x409f36e27578c5a8!8m2!3d35.2466611!4d24.5727687?hl=en\" target=\"_blank\" rel=\"noopener\"><strong>MAPY GOOGLE - sprawd\u017a: \u201ePatsos Escape\u201d - Ekoturystyka i zaj\u0119cia na \u015bwie\u017cym powietrzu RETHYMNO CRETE: Tawerna, Zakwaterowanie, Zaj\u0119cia<\/strong><\/a><\/p>\n<figure class=\"wp-block-image size-large is-resized\"><a href=\"https:\/\/www.google.gr\/search?hl=el&amp;q=Patsos+Escape+-+Ecotourism+%26+Outdoor+Activities+RETHYMNO+CRETE:+Tavern,+Accommodation,+Activities&amp;ludocid=4656500885985740200&amp;lsig=AB86z5UDBmtWfY5MFxD8bJW3B5iI\" target=\"_blank\" rel=\"noopener\"><img loading=\"lazy\" decoding=\"async\" src=\"https:\/\/patsosescape.com\/wp-content\/uploads\/2021\/05\/Patsos-Escape-Ecotourism-Outdoor-Activities-Rethymno-1024x495.jpg\" alt=\"\" class=\"wp-image-3281\" width=\"840\" height=\"406\" srcset=\"https:\/\/patsosescape.com\/wp-content\/uploads\/2021\/05\/Patsos-Escape-Ecotourism-Outdoor-Activities-Rethymno-1024x495.jpg 1024w, https:\/\/patsosescape.com\/wp-content\/uploads\/2021\/05\/Patsos-Escape-Ecotourism-Outdoor-Activities-Rethymno-300x145.jpg 300w, https:\/\/patsosescape.com\/wp-content\/uploads\/2021\/05\/Patsos-Escape-Ecotourism-Outdoor-Activities-Rethymno-768x371.jpg 768w, https:\/\/patsosescape.com\/wp-content\/uploads\/2021\/05\/Patsos-Escape-Ecotourism-Outdoor-Activities-Rethymno-1536x742.jpg 1536w, https:\/\/patsosescape.com\/wp-content\/uploads\/2021\/05\/Patsos-Escape-Ecotourism-Outdoor-Activities-Rethymno-16x8.jpg 16w, https:\/\/patsosescape.com\/wp-content\/uploads\/2021\/05\/Patsos-Escape-Ecotourism-Outdoor-Activities-Rethymno-940x454.jpg 940w, https:\/\/patsosescape.com\/wp-content\/uploads\/2021\/05\/Patsos-Escape-Ecotourism-Outdoor-Activities-Rethymno-620x300.jpg 620w, https:\/\/patsosescape.com\/wp-content\/uploads\/2021\/05\/Patsos-Escape-Ecotourism-Outdoor-Activities-Rethymno-195x94.jpg 195w, https:\/\/patsosescape.com\/wp-content\/uploads\/2021\/05\/Patsos-Escape-Ecotourism-Outdoor-Activities-Rethymno-scaled.jpg 1080w\" sizes=\"auto, (max-width: 840px) 100vw, 840px\" \/><\/a><\/figure>\n<div style=\"height:70px\" aria-hidden=\"true\" class=\"wp-block-spacer\"><\/div>\n<\/p>\n<h2 class=\"wp-block-heading\">Rzeczy, kt\u00f3re warto wiedzie\u0107 <\/h2>\n<div style=\"height:18px\" aria-hidden=\"true\" class=\"wp-block-spacer\"><\/div>\n<h2 class=\"wp-block-heading\">Zasady anulowania<\/h2>\n<p>Ka\u017cde do\u015bwiadczenie mo\u017ce zosta\u0107 anulowane i w pe\u0142ni zwr\u00f3cone w ci\u0105gu 24 godzin od zakupu lub co najmniej 7 dni przed rozpocz\u0119ciem.<\/p>\n<p>Czy twoje plany si\u0119 zmieni\u0142y? Zgodnie z naszymi standardowymi zasadami anulowania mo\u017cesz otrzyma\u0107 pe\u0142ny zwrot koszt\u00f3w za dowolne do\u015bwiadczenie, je\u015bli anulujesz co najmniej 7 dni przed planowanym rozpocz\u0119ciem lub w ci\u0105gu 24 godzin od zakupu. Wystarczaj\u0105co \u0142atwe!<\/p>\n<p>Je\u015bli chcesz zmieni\u0107 dat\u0119 i godzin\u0119 swojego do\u015bwiadczenia (lub zmieni\u0107 liczb\u0119 go\u015bci), mo\u017cesz to zrobi\u0107 w ci\u0105gu 24 godzin od rezerwacji i do 72 godzin przed rozpocz\u0119ciem.<\/p>\n<div style=\"height:18px\" aria-hidden=\"true\" class=\"wp-block-spacer\"><\/div>\n<h2 class=\"wp-block-heading\">Co przynie\u015b\u0107<\/h2>\n<p>B\u0119dziesz potrzebowa\u0107 solidnego obuwia, wody, czapki Okulary przeciws\u0142oneczne Filtr przeciws\u0142oneczny i nosi\u0107 wygodne d\u0142ugie spodnie.<\/p>\n<div style=\"height:18px\" aria-hidden=\"true\" class=\"wp-block-spacer\"><\/div>\n<h2 class=\"wp-block-heading\">Wymagania go\u015bci<\/h2>\n<p>Mo\u017ce w niej uczestniczy\u0107 maksymalnie 10 go\u015bci w wieku od 18 lat. Wszyscy uczestnicy (i gospodarz) musz\u0105 nosi\u0107 ochronne nakrycie twarzy.<br \/>Zachowaj bezpieczny dystans fizyczny mi\u0119dzy sob\u0105 a innymi lud\u017ami. Kiedy spotykasz si\u0119 ze swoim gospodarzem (gospodarzami) i innymi go\u015b\u0107mi, nie podawaj d\u0142oni ani nie przytulaj - zamiast tego spr\u00f3buj powitania bez kontaktu.<\/p>\n<\/p>\n<\/p>\n<p><span class=\"has-inline-color has-vivid-cyan-blue-color\"><strong>Cena wycieczki:<\/strong> \u20ac50 \/ person<\/span><\/p>\n<\/p>\n<div>\n<div class=\"divider divider-solid\"><\/div>\n<p>\n<br><div class=\"column grid_4\"><\/p>\n<p><img loading=\"lazy\" decoding=\"async\" class=\"wp-image-2148 size-full alignnone\" src=\"https:\/\/patsosescape.com\/wp-content\/uploads\/2021\/04\/4-w300.jpg\" alt=\"\" width=\"300\" height=\"139\" srcset=\"https:\/\/patsosescape.com\/wp-content\/uploads\/2021\/04\/4-w300.jpg 300w, https:\/\/patsosescape.com\/wp-content\/uploads\/2021\/04\/4-w300-195x90.jpg 195w\" sizes=\"auto, (max-width: 300px) 100vw, 300px\" \/><\/p>\n<p style=\"text-align: left;\"><strong>Okolica ma\u0142ej tradycyjnej tawerny PATSOS<br \/><\/strong><\/p>\n<p>\u015awie\u017ca woda \u017ar\u00f3dlana - Sosna (300 lat)<\/p>\n<p style=\"text-align: center;\"><a href=\"https:\/\/patsosescape.com\/pl\/coffeehouse\/\" title=\"Czytaj wi\u0119cej...\" class=\"btn btn-primary btn-sm btn-shortcode\" target=\"_self\">Czytaj wi\u0119cej... <i class=\"fa fa-arrow-circle-right\"><\/i><\/a><\/p>\n<p>\n<\/div><br><div class=\"column grid_4\"><\/p>\n<p><img loading=\"lazy\" decoding=\"async\" class=\"wp-image-2174 size-full alignnone\" src=\"https:\/\/patsosescape.com\/wp-content\/uploads\/2021\/04\/traditiona-Cretan-village-fireplace.jpg\" alt=\"\" width=\"300\" height=\"200\" srcset=\"https:\/\/patsosescape.com\/wp-content\/uploads\/2021\/04\/traditiona-Cretan-village-fireplace.jpg 300w, https:\/\/patsosescape.com\/wp-content\/uploads\/2021\/04\/traditiona-Cretan-village-fireplace-195x130.jpg 195w\" sizes=\"auto, (max-width: 300px) 100vw, 300px\" \/><\/p>\n<p><strong>tradycyjna krete\u0144ska kawiarnia \/ tawerna Patsos (Retimno, Kreta)<br \/><\/strong><\/p>\n<p>Synonim tradycji, kultury jako\u015bci i autentyczno\u015bci, poniewa\u017c nie uleg\u0142 masowej turystyce i wytwarzanym produktom.<\/p>\n<p style=\"text-align: center;\"><a href=\"https:\/\/patsosescape.com\/pl\/coffeehouse\/\" title=\"Czytaj wi\u0119cej...\" class=\"btn btn-primary btn-sm btn-shortcode\" target=\"_self\">Czytaj wi\u0119cej... <i class=\"fa fa-arrow-circle-right\"><\/i><\/a><\/p>\n<p>\n<\/div><br><div class=\"column grid_4 last\"><\/p>\n<p><img loading=\"lazy\" decoding=\"async\" class=\"alignnone wp-image-2217 size-full\" src=\"https:\/\/patsosescape.com\/wp-content\/uploads\/2021\/04\/Maria-traditional-tavern-Rethymno-Crete-w300.jpg\" alt=\"\" width=\"300\" height=\"238\" srcset=\"https:\/\/patsosescape.com\/wp-content\/uploads\/2021\/04\/Maria-traditional-tavern-Rethymno-Crete-w300.jpg 300w, https:\/\/patsosescape.com\/wp-content\/uploads\/2021\/04\/Maria-traditional-tavern-Rethymno-Crete-w300-195x155.jpg 195w\" sizes=\"auto, (max-width: 300px) 100vw, 300px\" \/><\/p>\n<p><strong>Autentyczne domowe smaki Krety (Retimno)<br \/><\/strong><\/p>\n<p>Jej tradycyjne i smaczne potrawy s\u0142yn\u0105 nie tylko z tego, \u017ce s\u0105 gotowane przez ni\u0105 sam\u0105, ale tak\u017ce z r\u0105k Pani Marii ...<\/p>\n<p style=\"text-align: center;\"><a href=\"https:\/\/patsosescape.com\/pl\/traditional-cuisine\/\" title=\"Czytaj wi\u0119cej...\" class=\"btn btn-primary btn-sm btn-shortcode\" target=\"_self\">Czytaj wi\u0119cej... <i class=\"fa fa-arrow-circle-right\"><\/i><\/a><\/p>\n<p>\n<\/div><div class=\"clear\"><\/div><br><div class=\"clear\"><\/div><br><\/p>\n<\/div><\/h1>","protected":false},"excerpt":{"rendered":"<p>Discover Patsos Gorge with a guide! &nbsp; Hiking Experience at the nature of Rethymno CRETE &#8211; hosted by Vassilis Hiking tour: 4 hours&nbsp; Hosted in English and Greek &nbsp; What you&#8217;ll do during the: HIKING TOUR TO PATSOS GORGE &#8211; AN AMAZING HIKING EXPERIENCE IN RETHYMNO CRETE ! When you arrive at the square of the historical and picturesque village of Patsos , you will enjoy a traditional treat of Mrs. Maria, the owner of the traditional Patsos Taverna (operating since 1933). Next to the Taverna is the village fountain&hellip; <a class=\"read-more-link\" href=\"https:\/\/patsosescape.com\/pl\/discover-patsos-gorge-hiking-experience\/\">Czytaj wi\u0119cej<\/a><\/p>","protected":false},"author":2,"featured_media":0,"parent":0,"menu_order":1,"comment_status":"closed","ping_status":"closed","template":"","meta":{"ngg_post_thumbnail":0,"_glsr_average":0,"_glsr_ranking":0,"_glsr_reviews":0,"footnotes":""},"class_list":["post-3328","page","type-page","status-publish","hentry"],"aioseo_notices":[],"_links":{"self":[{"href":"https:\/\/patsosescape.com\/pl\/wp-json\/wp\/v2\/pages\/3328","targetHints":{"allow":["GET"]}}],"collection":[{"href":"https:\/\/patsosescape.com\/pl\/wp-json\/wp\/v2\/pages"}],"about":[{"href":"https:\/\/patsosescape.com\/pl\/wp-json\/wp\/v2\/types\/page"}],"author":[{"embeddable":true,"href":"https:\/\/patsosescape.com\/pl\/wp-json\/wp\/v2\/users\/2"}],"replies":[{"embeddable":true,"href":"https:\/\/patsosescape.com\/pl\/wp-json\/wp\/v2\/comments?post=3328"}],"version-history":[{"count":0,"href":"https:\/\/patsosescape.com\/pl\/wp-json\/wp\/v2\/pages\/3328\/revisions"}],"wp:attachment":[{"href":"https:\/\/patsosescape.com\/pl\/wp-json\/wp\/v2\/media?parent=3328"}],"curies":[{"name":"wp","href":"https:\/\/api.w.org\/{rel}","templated":true}]}}