{"id":744,"date":"2015-02-26T00:55:19","date_gmt":"2015-02-12T22:12:29","guid":{"rendered":"http:\/\/patsosescape.com\/newsite\/?page_id=744"},"modified":"2021-04-27T23:39:52","modified_gmt":"2021-04-27T20:39:52","slug":"about-the-area","status":"publish","type":"page","link":"https:\/\/patsosescape.com\/pl\/about-the-area\/","title":{"rendered":"Historia Patsos"},"content":{"rendered":"<div class=\"themeblvd-video-wrapper\">\n<div class=\"video-inner\"><iframe loading=\"lazy\" title=\"Historia Patsos\" width=\"940\" height=\"705\" src=\"https:\/\/www.youtube.com\/embed\/1_-Xfw4dSaE?feature=oembed&#038;wmode=transparent\" frameborder=\"0\" allow=\"accelerometer; autoplay; clipboard-write; encrypted-media; gyroscope; picture-in-picture\" allowfullscreen><\/iframe><\/div>\n<\/div>\n<h1>&nbsp;<\/h1>\n<h1>O okolicy Patsos - HISTORIA PATSOS (AMARI) RETHYMNON<\/h1>\n<p>&nbsp;<\/p>\n<p>Prawdziwa strona Krety nadal kwitnie na szczytach g\u00f3r i ich pi\u0119knej dzikiej przyrodzie. Tam, gdzie panuje tylko prostota i luksus natury, mo\u017cna znale\u017a\u0107 autentyczn\u0105 i tradycyjn\u0105 Kret\u0119.<\/p>\n<p><strong>Patsos<\/strong> to jedno z miejsc, w kt\u00f3rych mo\u017cna cieszy\u0107 si\u0119 t\u0105 sceneri\u0105. Patsos oferuje swoim go\u015bciom krajobrazy o bogatym pi\u0119knie naturalnym, unikalne atrakcje historyczne i kulturowe, znakomity lokal <strong><a title=\"Taverna\" href=\"https:\/\/patsosescape.com\/pl\/taverna\/\">tradycyjna kuchnia krete\u0144ska<\/a><\/strong> a przede wszystkim s\u0142ynna go\u015bcinno\u015b\u0107 jego mieszka\u0144c\u00f3w. Znajduje si\u0119 20 km na po\u0142udnie od <a title=\"Rethymno\" href=\"https:\/\/www.rethymno.gr\/\" target=\"_blank\" rel=\"noopener\"><strong>Rethymnon<\/strong> <\/a>na wysoko\u015bci 490m, u podn\u00f3\u017ca g\u00f3ry <strong>Soros<\/strong>.<\/p>\n<p>Patsos to ma\u0142a zielona wioska w dawnej prowincji <strong>Amari<\/strong>. Obecnie jest to dzielnica gminy Amari. Wok\u00f3\u0142 niego s\u0105 wioski <strong>Karines<\/strong>, <strong>Pantanassa<\/strong> i <strong>Gerakari<\/strong>. Przyje\u017cd\u017caj\u0105c na Patsos, masz wra\u017cenie, \u017ce wkraczasz w spokojny, inny \u015bwiat. Dominuj\u0105 tu zapachy przyrody i kwiat\u00f3w oraz odg\u0142osy \u015bpiewu ptak\u00f3w i p\u0142yn\u0105cej wody. Wie\u015b posiada bogat\u0105 ro\u015blinno\u015b\u0107. Produkuje wszelkiego rodzaju \u017cywno\u015b\u0107 dobrej jako\u015bci, tak\u0105 jak oliwa z oliwek, orzechy w\u0142oskie, wi\u015bnie i wiele r\u00f3\u017cnych owoc\u00f3w. Ta ro\u015blinno\u015b\u0107 i uprawy s\u0105 podlewane przez wiele \u017ar\u00f3de\u0142, kt\u00f3re przep\u0142ywaj\u0105 przez wiosk\u0119 przez ca\u0142y rok.<\/p>\n<p>Nie wiemy, kiedy powsta\u0142a wie\u015b. Wiadomo jednak, \u017ce osady istnia\u0142y na tym terenie ju\u017c od wczesnego okresu minojskiego lub wcze\u015bniej, o czym \u015bwiadcz\u0105 znaleziska w pobliskiej jaskini w <strong>W\u0105w\u00f3z Agios Antonios<\/strong>, znany jako <strong>Jaskinia Kranaios<\/strong>.<\/p>\n<p>W 1577 r. Wzmiankowana jest w Barozzi 110 mieszka\u0144c\u00f3w. W spisie ludno\u015bci z 1881 r. Podaje si\u0119, \u017ce nale\u017ca\u0142a do gminy Merona i liczy\u0142a 301 mieszka\u0144c\u00f3w (14 Grek\u00f3w i 287 Turk\u00f3w). W 1920 r. Stwierdzono, \u017ce Patsos administracyjnie nale\u017cy do gminy Pantanassa, aw 1940 r. Oficjalnie sta\u0142o si\u0119 jej w\u0142asn\u0105 gmin\u0105 administracyjn\u0105.<\/p>\n<p>Na obrze\u017cach wsi znajduje si\u0119 zrujnowany ko\u015bci\u00f3\u0142 Marii Panny, kt\u00f3ry niegdy\u015b by\u0142 katedr\u0105.<\/p>\n<p>Na p\u00f3\u0142noc od wioski znajduje si\u0119 <strong>Jaskinia Kranaios Ermis<\/strong>, w <a title=\"W\u0119dr\u00f3wka do w\u0105wozu Patsos\" href=\"https:\/\/patsosescape.com\/pl\/hiking-to-the-gorge-of-patsos\/\"><strong>w\u0105w\u00f3z Agios Antonios<\/strong><\/a>. Ta jaskinia by\u0142a po\u015bwi\u0119cona kultowi <strong>Hermes<\/strong>, o czym \u015bwiadczy dedykacyjny napis \u201e\u0395\u03c1\u03bc\u03ae \u039a\u03c1\u03b1\u03bd\u03b1\u03af\u03c9, \u0394\u03ce\u03c1\u03bf\u03c2 \u03a3\u03c4\u03b5\u03c6\u03ac\u03bd\u03c9 \u03b5\u03c5\u03c7\u03ae\u03bd\u201d (do Hermesa boga \u017ar\u00f3de\u0142 modl\u0119 si\u0119 sk\u0142adaj\u0105c ten wieniec w darze).<\/p>\n<p>Pierwsze wykopaliska w jaskini rozpocz\u0119to w r <strong>1885-6 przez F. Halbherra<\/strong>, w miejscu, w kt\u00f3rym teraz le\u017cy<strong> ko\u015bci\u00f3\u0142 Agios Antonios<\/strong>. Wi\u0119kszo\u015b\u0107 znalezisk stanowi\u0142y figurki antropomorficzne i zoomorficzne, obecnie zlokalizowane przy ul <strong>Muzeum Heraklionu<\/strong>. Wykopaliska wykaza\u0142y, \u017ce <strong>Minojczycy<\/strong> odprawiali rytua\u0142y g\u0142\u00f3wnie w schroniskach skalnych i znajdowali ko\u015bci zwierz\u0105t, kt\u00f3re k\u0142adziono na stosie, a tak\u017ce wazony i figurki.<\/p>\n<p>W tych samych wykopaliskach znaleziono r\u00f3wnie\u017c pos\u0105g mitycznego boga Pana. Dzi\u015b Dyrekcja Ochrony Lasu skonfigurowa\u0142a t\u0119 przestrze\u0144 tak, aby by\u0142a bardziej dost\u0119pna i przyjemna dla odwiedzaj\u0105cych oraz u\u0142atwia\u0142a oddawanie czci Bogu <strong>kaplica Agios Antonios<\/strong>, kt\u00f3ry jest wykuty w ska\u0142ach w\u0105wozu. Zwiedzaj\u0105cy mog\u0105 cieszy\u0107 si\u0119 cieniem starych platan\u00f3w i schronisk skalnych, a tak\u017ce spokojnymi wodami rzeki przep\u0142ywaj\u0105cymi przez w\u0105w\u00f3z, aby dotrze\u0107 do <strong>Potamoi Dam<\/strong>. Mog\u0105 r\u00f3wnie\u017c pod\u0105\u017ca\u0107 wytyczon\u0105 \u015bcie\u017ck\u0105 prowadz\u0105c\u0105 z jaskini do tamy.<\/p>\n<p>Plik <a title=\"W\u0119dr\u00f3wka do w\u0105wozu Patsos\" href=\"https:\/\/patsosescape.com\/pl\/hiking-to-the-gorge-of-patsos\/\"><strong>W\u0105w\u00f3z Patsos<\/strong><\/a> znajduje si\u0119 oko\u0142o 2 km na po\u0142udnie od miejscowo\u015bci Patsos. To dobry wyb\u00f3r dla mi\u0142o\u015bnik\u00f3w przyrody i nie tylko. To jest jak ma\u0142y ogr\u00f3d botaniczny. Przeprawa przez w\u0105w\u00f3z zajmuje oko\u0142o dw\u00f3ch godzin, jest stosunkowo \u0142atwa i mo\u017cna j\u0105 wykonywa\u0107 prawie przez ca\u0142y rok. Odwiedzaj\u0105cy b\u0119d\u0105 pod wra\u017ceniem wielu \u017ar\u00f3de\u0142, kt\u00f3re pomagaj\u0105 kwitn\u0105\u0107 bogatej ro\u015blinno\u015bci przez ca\u0142y rok.<\/p>\n<div id=\"attachment_479\" style=\"width: 1570px\" class=\"wp-caption aligncenter\"><a href=\"https:\/\/patsosescape.com\/newsite\/wp-content\/uploads\/2015\/02\/Patsos2.jpg\"><img loading=\"lazy\" decoding=\"async\" aria-describedby=\"caption-attachment-479\" class=\"wp-image-479 size-full\" src=\"https:\/\/patsosescape.com\/newsite\/wp-content\/uploads\/2015\/02\/Patsos2.jpg\" alt=\"Patsos to ma\u0142a zielona wioska w dawnej prowincji Amari. Obecnie jest to powiat gminny Amari. Wioski karines Pandanassa i po\u0142o\u017cone wok\u00f3\u0142 niej Gerakari.\" width=\"1560\" height=\"600\" srcset=\"https:\/\/patsosescape.com\/wp-content\/uploads\/2015\/02\/Patsos2.jpg 1560w, https:\/\/patsosescape.com\/wp-content\/uploads\/2015\/02\/Patsos2-300x115.jpg 300w, https:\/\/patsosescape.com\/wp-content\/uploads\/2015\/02\/Patsos2-1024x394.jpg 1024w, https:\/\/patsosescape.com\/wp-content\/uploads\/2015\/02\/Patsos2-940x362.jpg 940w, https:\/\/patsosescape.com\/wp-content\/uploads\/2015\/02\/Patsos2-620x238.jpg 620w, https:\/\/patsosescape.com\/wp-content\/uploads\/2015\/02\/Patsos2-195x75.jpg 195w\" sizes=\"auto, (max-width: 1560px) 100vw, 1560px\" \/><\/a><p id=\"caption-attachment-479\" class=\"wp-caption-text\">Patsos to ma\u0142a zielona wioska w dawnej prowincji Amari. Obecnie jest to powiat gminny Amari. Wioski Karines Pandanassa i po\u0142o\u017cone wok\u00f3\u0142 niej Gerakari.<\/p><\/div>","protected":false},"excerpt":{"rendered":"<p>&nbsp; About the area of Patsos &#8211; HISTORY OF PATSOS (AMARI) RETHYMNON &nbsp; The genuine side of Crete continues to thrive at the tops of mountains and their beautiful wild nature. In those places where only the simplicity and luxury of nature prevails, one can find the authentic and traditional Crete. Patsos is one of the places where you can enjoy this scenery. Patsos offers its guests landscapes of rich natural beauty, unique historical and cultural attractions, an excellent local traditional Cretan cuisine and above all, the famous hospitality of&hellip; <a class=\"read-more-link\" href=\"https:\/\/patsosescape.com\/pl\/about-the-area\/\">Czytaj wi\u0119cej<\/a><\/p>","protected":false},"author":3,"featured_media":0,"parent":0,"menu_order":2,"comment_status":"closed","ping_status":"closed","template":"","meta":{"ngg_post_thumbnail":0,"_glsr_average":0,"_glsr_ranking":0,"_glsr_reviews":0,"footnotes":""},"class_list":["post-744","page","type-page","status-publish","hentry"],"aioseo_notices":[],"_links":{"self":[{"href":"https:\/\/patsosescape.com\/pl\/wp-json\/wp\/v2\/pages\/744","targetHints":{"allow":["GET"]}}],"collection":[{"href":"https:\/\/patsosescape.com\/pl\/wp-json\/wp\/v2\/pages"}],"about":[{"href":"https:\/\/patsosescape.com\/pl\/wp-json\/wp\/v2\/types\/page"}],"author":[{"embeddable":true,"href":"https:\/\/patsosescape.com\/pl\/wp-json\/wp\/v2\/users\/3"}],"replies":[{"embeddable":true,"href":"https:\/\/patsosescape.com\/pl\/wp-json\/wp\/v2\/comments?post=744"}],"version-history":[{"count":0,"href":"https:\/\/patsosescape.com\/pl\/wp-json\/wp\/v2\/pages\/744\/revisions"}],"wp:attachment":[{"href":"https:\/\/patsosescape.com\/pl\/wp-json\/wp\/v2\/media?parent=744"}],"curies":[{"name":"wp","href":"https:\/\/api.w.org\/{rel}","templated":true}]}}