{"id":751,"date":"2015-02-26T01:05:28","date_gmt":"2015-02-12T22:14:49","guid":{"rendered":"http:\/\/patsosescape.com\/newsite\/?page_id=751"},"modified":"2018-03-16T15:45:20","modified_gmt":"2018-03-16T13:45:20","slug":"so-many-things-in-a-place","status":"publish","type":"page","link":"https:\/\/patsosescape.com\/pl\/so-many-things-in-a-place\/","title":{"rendered":"Wszystko, co chcia\u0142by\u015b si\u0119 cieszy\u0107"},"content":{"rendered":"<p>&nbsp;<\/p>\n<p>&nbsp;<\/p>\n<p style=\"text-align: center;\"><img loading=\"lazy\" decoding=\"async\" class=\"aligncenter size-medium wp-image-1627\" src=\"http:\/\/patsosescape.com\/wp-content\/uploads\/2018\/03\/patsosescape-collage_200-300x200.jpg\" alt=\"\" width=\"300\" height=\"200\"><\/p>\n<p><span lang=\"EN\">Na <\/span><span lang=\"EN\">idealne miejsce docelowe<\/span><span lang=\"EN\"><span class=\"Apple-converted-space\">&nbsp;<\/span>i<span class=\"Apple-converted-space\">&nbsp;<\/span>idealna kombinacja<span class=\"Apple-converted-space\">&nbsp;<\/span>dla tych, kt\u00f3rzy<span class=\"Apple-converted-space\">&nbsp;<\/span>chcesz si\u0119 cieszy\u0107<span class=\"Apple-converted-space\">&nbsp;<\/span>dziewicze<span class=\"Apple-converted-space\">&nbsp;<\/span>Natura,<span class=\"Apple-converted-space\">&nbsp;<\/span>turystyka, pod\u0105\u017canie<span class=\"Apple-converted-space\">&nbsp;<\/span>niesko\u0144czony<span class=\"Apple-converted-space\">&nbsp;<\/span>szlaki<span class=\"Apple-converted-space\">&nbsp;<\/span>s\u0105 oceniane<span class=\"Apple-converted-space\">&nbsp;<\/span>w<span class=\"Apple-converted-space\">&nbsp;<\/span>trudno\u015bci, ale inne<span class=\"Apple-converted-space\">&nbsp;<\/span>\u015bcie\u017cki<span class=\"Apple-converted-space\">&nbsp;<\/span>ten o\u0142\u00f3w<span class=\"Apple-converted-space\">&nbsp;<\/span>przez<span class=\"Apple-converted-space\">&nbsp;<\/span>g\u0119sty<span class=\"Apple-converted-space\">&nbsp;<\/span>wegetacja<span class=\"Apple-converted-space\">&nbsp;<\/span>w<span class=\"Apple-converted-space\">&nbsp;<\/span>majestatyczne krajobrazy, takie jak naturalne<span class=\"Apple-converted-space\">&nbsp;<\/span>\u017ar\u00f3d\u0142a wody,<span class=\"Apple-converted-space\">&nbsp;<\/span>ko\u015bcio\u0142y, jaskinie, strumienie\u2026 tak\u017ce<span class=\"Apple-converted-space\">&nbsp;<\/span>idealny dla tych, kt\u00f3rzy chc\u0105<span class=\"Apple-converted-space\">&nbsp;<\/span>zapozna\u0107 si\u0119 z<span class=\"Apple-converted-space\">&nbsp;<\/span>the<span class=\"Apple-converted-space\">&nbsp;<\/span>kulturalny<span class=\"Apple-converted-space\">&nbsp;<\/span>dziedzictwo<span class=\"Apple-converted-space\">&nbsp;<\/span>i tradycja, autentyczna<span class=\"Apple-converted-space\">&nbsp;<\/span>i<span class=\"Apple-converted-space\">&nbsp;<\/span>autentyczny<span class=\"Apple-converted-space\">&nbsp;<\/span>w<span class=\"Apple-converted-space\">&nbsp;<\/span>wszystkie dzia\u0142ania i<span class=\"Apple-converted-space\">&nbsp;<\/span>nie przez<span class=\"Apple-converted-space\">&nbsp;<\/span>sztuczne wydarzenia<span class=\"Apple-converted-space\">&nbsp;<\/span>i uprzemys\u0142owiony<span class=\"Apple-converted-space\">&nbsp;<\/span>&quot;zdrowa dieta&quot;. Wreszcie co<span class=\"Apple-converted-space\">&nbsp;<\/span>Wola<span class=\"Apple-converted-space\">&nbsp;<\/span>&nbsp;nagroda<span class=\"Apple-converted-space\">&nbsp;<\/span>parzysty<span class=\"Apple-converted-space\">&nbsp;<\/span>najbardziej wymagaj\u0105cy<span class=\"Apple-converted-space\">&nbsp;<\/span>w najlepszym<span class=\"Apple-converted-space\">&nbsp;<\/span>droga,<span class=\"Apple-converted-space\">&nbsp;<\/span>jest<span class=\"Apple-converted-space\">&nbsp;<\/span>s\u0142awny<span class=\"Apple-converted-space\">&nbsp;<\/span>i niepowtarzalny<span class=\"Apple-converted-space\">&nbsp;<\/span>w smaku<span class=\"Apple-converted-space\">&nbsp;<\/span>tradycyjne potrawy z<span class=\"Apple-converted-space\">&nbsp;<\/span>Pani Maria,<span class=\"Apple-converted-space\">&nbsp;<\/span>przez<span class=\"Apple-converted-space\">&nbsp;<\/span>produkcja<span class=\"Apple-converted-space\">&nbsp;<\/span>produkty<span class=\"Apple-converted-space\">&nbsp;<\/span>z jej farmy.<\/span><\/p>\n<p><span lang=\"EN\"><span class=\"Apple-converted-space\">Pani.&nbsp;<\/span>Mary<span class=\"Apple-converted-space\">&nbsp;<\/span>czy Tw\u00f3j<span class=\"Apple-converted-space\">&nbsp;<\/span>osoba<span class=\"Apple-converted-space\">&nbsp;<\/span>&nbsp;dla<span class=\"Apple-converted-space\">&nbsp;<\/span>wszystko.<span class=\"Apple-converted-space\">&nbsp;<\/span>Poza ni\u0105<span class=\"Apple-converted-space\">&nbsp;<\/span>syn,<span class=\"Apple-converted-space\">&nbsp;<\/span>Vassilis.<span class=\"Apple-converted-space\">&nbsp;<\/span>Jego osobiste<span class=\"Apple-converted-space\">&nbsp;<\/span>\u017cywe zainteresowanie<span class=\"Apple-converted-space\">&nbsp;<\/span>i<span class=\"Apple-converted-space\">&nbsp;<\/span>znajomo\u015b\u0107<span class=\"Apple-converted-space\">&nbsp;<\/span>historyczne i<span class=\"Apple-converted-space\">&nbsp;<\/span>wydarzenia kulturalne,<span class=\"Apple-converted-space\">&nbsp;<\/span>jego wielka mi\u0142o\u015b\u0107 i do\u015bwiadczenie<span class=\"Apple-converted-space\">&nbsp;<\/span>w w\u0119dr\u00f3wkach<span class=\"Apple-converted-space\">&nbsp;<\/span>i natura<span class=\"Apple-converted-space\">&nbsp;<\/span>og\u00f3lnie,<span class=\"Apple-converted-space\">&nbsp;<\/span>m\u00f3g\u0142by zapewni\u0107<span class=\"Apple-converted-space\">&nbsp;<\/span>warto\u015bciowe us\u0142ugi (<\/span><span lang=\"EN-US\">on m\u00f3wi po angielsku<\/span><span lang=\"EN\">) z szacunkiem<span class=\"Apple-converted-space\">&nbsp;<\/span>do<span class=\"Apple-converted-space\">&nbsp;<\/span>dok\u0142adny<span class=\"Apple-converted-space\">&nbsp;<\/span>odprawa<span class=\"Apple-converted-space\">&nbsp;<\/span>o kulturze,<span class=\"Apple-converted-space\">&nbsp;<\/span>tradycja i<span class=\"Apple-converted-space\">&nbsp;<\/span>historia<span class=\"Apple-converted-space\">&nbsp;<\/span>&nbsp;wioska,<span class=\"Apple-converted-space\">&nbsp;<\/span>r\u00f3wnie\u017c w<span class=\"Apple-converted-space\">&nbsp;<\/span>bezpieczny przewodnik<\/span><\/p>\n<p style=\"text-align: center;\">&nbsp;<\/p>\n<p>&nbsp;<\/p>\n\r\n<div class=\"column grid_6\"><\/div>\r\n<div class=\"column grid_6 last\"><\/div><div class=\"clear\"><\/div>","protected":false},"excerpt":{"rendered":"<p>&nbsp; &nbsp; An ideal destination&nbsp;and&nbsp;perfect combination&nbsp;for those who&nbsp;want to enjoy&nbsp;the unspoilt&nbsp;nature,&nbsp;hiking, following&nbsp;the endless&nbsp;trails&nbsp;are rated&nbsp;in&nbsp;difficulty, but other&nbsp;paths&nbsp;that lead&nbsp;through&nbsp;the dense&nbsp;vegetation&nbsp;in&nbsp;majestic landscapes, such as natural&nbsp;water sources,&nbsp;churches, caves, streams&#8230; also&nbsp;ideal for those who want&nbsp;to become acquainted with&nbsp;the&nbsp;cultural&nbsp;heritage&nbsp;and tradition, genuine&nbsp;and&nbsp;authentic&nbsp;in&nbsp;all activities and&nbsp;not through&nbsp;artificial events&nbsp;andindustrialized&nbsp;&#8220;healthy diet&#8221;. Finally, what&nbsp;will&nbsp;&nbsp;reward&nbsp;even&nbsp;the most demanding&nbsp;in the best&nbsp;way,&nbsp;is&nbsp;the famous&nbsp;and unique&nbsp;in taste&nbsp;traditionaldishes of&nbsp;Mrs. Maria,&nbsp;by&nbsp;producing&nbsp;products&nbsp;from her farm. Mrs.&nbsp;Mary&nbsp;is your&nbsp;person&nbsp;&nbsp;for&nbsp;all.&nbsp;Beside her&nbsp;son,&nbsp;Vassilis.&nbsp;His personal&nbsp;of keen interest&nbsp;and&nbsp;knowledge of&nbsp;the historical and&nbsp;cultural events,&nbsp;his great love and experience&nbsp;in hiking&nbsp;and nature&nbsp;in general,&nbsp;could provide&nbsp;valuable services (he is speaking english) with regard&nbsp;to a&nbsp;thorough&nbsp;briefing&nbsp;on culture,&nbsp;tradition and&nbsp;history of the&nbsp;&nbsp;village,&nbsp;as well in&nbsp;safe guide &nbsp; &nbsp;<\/p>","protected":false},"author":3,"featured_media":0,"parent":0,"menu_order":1,"comment_status":"closed","ping_status":"closed","template":"","meta":{"ngg_post_thumbnail":0,"_glsr_average":0,"_glsr_ranking":0,"_glsr_reviews":0,"footnotes":""},"class_list":["post-751","page","type-page","status-publish","hentry"],"aioseo_notices":[],"_links":{"self":[{"href":"https:\/\/patsosescape.com\/pl\/wp-json\/wp\/v2\/pages\/751","targetHints":{"allow":["GET"]}}],"collection":[{"href":"https:\/\/patsosescape.com\/pl\/wp-json\/wp\/v2\/pages"}],"about":[{"href":"https:\/\/patsosescape.com\/pl\/wp-json\/wp\/v2\/types\/page"}],"author":[{"embeddable":true,"href":"https:\/\/patsosescape.com\/pl\/wp-json\/wp\/v2\/users\/3"}],"replies":[{"embeddable":true,"href":"https:\/\/patsosescape.com\/pl\/wp-json\/wp\/v2\/comments?post=751"}],"version-history":[{"count":0,"href":"https:\/\/patsosescape.com\/pl\/wp-json\/wp\/v2\/pages\/751\/revisions"}],"wp:attachment":[{"href":"https:\/\/patsosescape.com\/pl\/wp-json\/wp\/v2\/media?parent=751"}],"curies":[{"name":"wp","href":"https:\/\/api.w.org\/{rel}","templated":true}]}}