{"id":754,"date":"2015-02-26T01:09:12","date_gmt":"2015-02-25T23:09:12","guid":{"rendered":"http:\/\/patsosescape.com\/newsite\/?page_id=754"},"modified":"2021-04-30T18:44:40","modified_gmt":"2021-04-30T15:44:40","slug":"harakas-the-abduction-of-the-german-general-kreipe","status":"publish","type":"page","link":"https:\/\/patsosescape.com\/pl\/harakas-the-abduction-of-the-german-general-kreipe\/","title":{"rendered":"Harakas - Porwanie niemieckiego genera\u0142a Kreipe"},"content":{"rendered":"<h1><strong>UPROWADZENIE NIEMIECKIEGO GENERA\u0141U KREIPE - II wojna \u015bwiatowa na Krecie<br \/>\n<\/strong><\/h1>\n<h2><strong><span lang=\"EN\">Jaskinia HARAKAS w PATSOS (AMARI - RETHYMNO)<\/span><\/strong><\/h2>\n<p><span lang=\"EN\">W<\/span><span lang=\"EN\"><span class=\"Apple-converted-space\">&nbsp;<\/span>ta jaskinia<span class=\"Apple-converted-space\">&nbsp;<\/span>trzymane<span class=\"Apple-converted-space\">&nbsp;<\/span>ukryty<span class=\"Apple-converted-space\">&nbsp;<\/span>porwany<span class=\"Apple-converted-space\">&nbsp;<\/span><strong><a title=\"Niemiecki genera\u0142 Kreipe\" href=\"https:\/\/en.wikipedia.org\/wiki\/Heinrich_Kreipe\" target=\"_blank\" rel=\"noopener\">Niemiecki<span class=\"Apple-converted-space\">&nbsp;<\/span>Genera\u0142<span class=\"Apple-converted-space\">&nbsp;<\/span>Kraipe<\/a><span class=\"Apple-converted-space\">&nbsp;<\/span><\/strong>dla dwojga<span class=\"Apple-converted-space\">&nbsp;<\/span>noce.<span class=\"Apple-converted-space\">&nbsp;<\/span>Wspania\u0142y<span class=\"Apple-converted-space\">&nbsp;<\/span>wydarzenie historyczne<span class=\"Apple-converted-space\">&nbsp;<\/span>w<span class=\"Apple-converted-space\">&nbsp;<\/span>inspiruj\u0105ce<span class=\"Apple-converted-space\">&nbsp;<\/span>i<span class=\"Apple-converted-space\">&nbsp;<\/span>sprawia, \u017ce czujesz<span class=\"Apple-converted-space\">&nbsp;<\/span>dumny.<span class=\"Apple-converted-space\">&nbsp;<\/span>To jest<span class=\"Apple-converted-space\">&nbsp;<\/span>symbol<span class=\"Apple-converted-space\">&nbsp;<\/span>patriotyzmu, sumienia<span class=\"Apple-converted-space\">&nbsp;<\/span>i<span class=\"Apple-converted-space\">&nbsp;<\/span><\/span><span lang=\"EN-US\">odwaga. ZA<\/span><span lang=\"EN-US\"><span class=\"Apple-converted-space\">&nbsp;<\/span><\/span><span lang=\"EN\">kamie\u0144 milowy w historii<\/span><span lang=\"EN\"><span class=\"Apple-converted-space\">&nbsp;<\/span>naszej wioski. Miejsce<span class=\"Apple-converted-space\">&nbsp;<\/span>budzenie<span class=\"Apple-converted-space\">&nbsp;<\/span>\u015bwiadomo\u015b\u0107 historyczna<span class=\"Apple-converted-space\">&nbsp;<\/span>i<span class=\"Apple-converted-space\">&nbsp;<\/span>przypomnienie<span class=\"Apple-converted-space\">&nbsp;<\/span>z d<\/span><span lang=\"EN-US\">uty.<\/span><\/p>\n<p><span lang=\"EN-US\">Plik<\/span><span lang=\"EN-US\"><span class=\"Apple-converted-space\">&nbsp;<\/span><\/span><span lang=\"EN\">brytyjski<\/span><span lang=\"EN\"><span class=\"Apple-converted-space\">&nbsp;<\/span>kapitan, <a title=\"Stanley Moss\" href=\"https:\/\/en.wikipedia.org\/wiki\/W._Stanley_Moss\" target=\"_blank\" rel=\"noopener\"><strong>BILL STANLEY MOSS<\/strong><\/a>,<span class=\"Apple-converted-space\">&nbsp;<\/span>w swojej ksi\u0105\u017cce \u201e<strong><a title=\"Ill Met by Moonlight\" href=\"https:\/\/en.wikipedia.org\/wiki\/Ill_Met_by_Moonlight_(film)\" target=\"_blank\" rel=\"noopener\">CHORY<span class=\"Apple-converted-space\">&nbsp;<\/span>SPE\u0141NIONE PRZEZ MOONLIGHT<\/a>&#8220;<\/strong>,<span class=\"Apple-converted-space\">&nbsp;<\/span>pisze: \u201e<\/span>Teraz ukrywamy si\u0119 w uroczym miejscu oddalonym o oko\u0142o p\u00f3\u0142tora kilometra od <strong>Patsos<\/strong>. \u015apimy w chacie o kamiennych \u015bcianach, kt\u00f3ra zosta\u0142a zbudowana u podstawy stromego klifu, wi\u0119c z drzewami po trzech stronach i klifem za nami nie mogli\u015bmy znale\u017a\u0107 bardziej os\u0142oni\u0119tego miejsca.<\/p>\n<p>Kolacja by\u0142a doskona\u0142a. Dba o nas urocza rodzina, kt\u00f3ra cho\u0107 bardzo biedna, daje nam wszystko, co ma. Ojciec (Efthimios G. Harokopos) jest dobrym, staromodnym typem Krety i m\u00f3wi nam, \u017ce od czasu okupacji niemieckiej opiekowa\u0142 si\u0119 ponad sze\u015b\u0107dziesi\u0119cioma brytyjskimi i kolonialnymi maruderami, kt\u00f3rzy ukrywali si\u0119 przed wrogiem. Jego m\u0142oda c\u00f3rka jest s\u0142odko wygl\u0105daj\u0105c\u0105 dziewczyn\u0105, kt\u00f3rej twarz ma wygl\u0105d delikatnej woskowej maski - wygl\u0105d L&#039;inconnue de la Seine - i w sumie ma naturalny wdzi\u0119k i urok, kt\u00f3ry jest zbyt rzadki w\u015br\u00f3d kobiet na wyspie. Ludowy. Ona idzie go\u0142a - uzbrojona, z go\u0142ymi nogami i nosi jednocz\u0119\u015bciow\u0105 p\u0142\u00f3cienn\u0105 sukienk\u0119, a jej w\u0142osy s\u0105 splecione w dwa d\u0142ugie warkocze. Przypuszczam, \u017ce jest ca\u0142kiem mo\u017cliwe, \u017ce ma dopiero oko\u0142o dwunastu lat i by\u0107 mo\u017ce najlepiej by\u0142oby nie my\u015ble\u0107 o niej tak\u0105, jak\u0105 b\u0119dzie za dziesi\u0119\u0107 lat. Jej brat, imieniem Iorgi, jest przystojnym m\u0142odym m\u0119\u017cczyzn\u0105 o cichej manierze i biblijnej twarzy. M\u00f3wi troch\u0119 po angielsku i powiedzia\u0142 mi, \u017ce chcia\u0142by pojecha\u0107 z nami do Kairu. Mo\u017cemy go zabra\u0107 ze sob\u0105, je\u015bli na pok\u0142adzie jest miejsce.<\/p>\n<p><a href=\"https:\/\/patsosescape.com\/newsite\/wp-content\/uploads\/2015\/02\/00711.jpg\"><img loading=\"lazy\" decoding=\"async\" class=\"aligncenter wp-image-416 size-full\" src=\"https:\/\/patsosescape.com\/newsite\/wp-content\/uploads\/2015\/02\/00711.jpg\" alt=\"Charakas\" width=\"700\" height=\"523\"><\/a><\/p>\n<p>Nasza kryj\u00f3wka troszczy\u0142a si\u0119 o nas tak dobrze, \u017ce dzi\u015b po po\u0142udniu zdecydowali\u015bmy si\u0119 podarowa\u0107 rodzinie prezent w postaci z\u0142ota (poniewa\u017c wiedzieli\u015bmy, \u017ce jej bogactwo sk\u0142ada\u0142o si\u0119 z niewiele wi\u0119cej ni\u017c kilka k\u00f3z i kilka drzew oliwnych); wi\u0119c Paddy (Patrick Leigh Fermor) wezwa\u0142 starego ojca na bok. Przypomnia\u0142 mu, \u017ce najprawdopodobniej zamierzamy zabra\u0107 ze sob\u0105 jego jedynego syna, Iorgiego, do Egiptu i dlatego nie b\u0119dzie ju\u017c nikogo, kto m\u00f3g\u0142by pomaga\u0107 w pracy w domu. A wi\u0119c, kontynuowa\u0142 Paddy, czy przyj\u0105\u0142by beznadziejnie nieadekwatny dar kilku w\u0142adc\u00f3w w zamian za syna?<\/p>\n<p>Ale starzec - jak mogli\u015bmy si\u0119 domy\u015bli\u0107 - tylko potrz\u0105sn\u0105\u0142 g\u0142ow\u0105, podzi\u0119kowa\u0142 nam za nasz\u0105 \u017cyczliw\u0105 my\u015bl i grzecznie odm\u00f3wi\u0142. Nie naciskali\u015bmy go \u201d.<\/p>\n<div class=\"themeblvd-video-wrapper\">\n<div class=\"video-inner\"><iframe loading=\"lazy\" title=\"\u0391\u03a0\u0391\u0393\u03a9\u0393\u0397 \u0393\u0395\u03a1\u039c\u0391\u039d\u039f\u03a5 \u03a3\u03a4\u03a1\u0391\u03a4\u0397\u0393\u039f\u03a5 \u039a\u03a1\u0391\u0399\u03a0\u0395\" width=\"940\" height=\"705\" src=\"https:\/\/www.youtube.com\/embed\/xuz9yuUmiBI?start=2038&#038;feature=oembed&#038;wmode=transparent\" frameborder=\"0\" allow=\"accelerometer; autoplay; clipboard-write; encrypted-media; gyroscope; picture-in-picture\" allowfullscreen><\/iframe><\/div>\n<\/div>\n<p>&nbsp;<\/p>\n<h3><a title=\"Zarezerwuj zaj\u0119cia na \u015bwie\u017cym powietrzu w PATSOS - piesza wycieczka do HARAKAS\" href=\"\/pl\/hiking-harakas-amari-rethymnon\/\"><strong>Zarezerwuj zaj\u0119cia na \u015bwie\u017cym powietrzu w Patsos Rethymno na Krecie - piesza wycieczka do HARAKAS<\/strong><\/a><\/h3>\n<p>&nbsp;<\/p>\n<p>&nbsp;<\/p>","protected":false},"excerpt":{"rendered":"<p>THE ABDUCTION OF THE GERMAN GENERAL KREIPE &#8211; WWII on Crete HARAKAS cave in PATSOS (AMARI &#8211; RETHYMNO) In&nbsp;this cave&nbsp;kept&nbsp;hidden&nbsp;kidnapped&nbsp;German&nbsp;General&nbsp;Kraipe&nbsp;for two&nbsp;nights.&nbsp;A great&nbsp;historical event&nbsp;in&nbsp;inspiring&nbsp;and&nbsp;makes you feel&nbsp;proud.&nbsp;It is a&nbsp;symbol&nbsp;of patriotism, conscience&nbsp;and&nbsp;bravery. A&nbsp;milestone in the history&nbsp;of our village. A place of&nbsp;awakening&nbsp;historical consciousness&nbsp;and&nbsp;reminder&nbsp;of duty. The&nbsp;British&nbsp;captain, BILL STANLEY MOSS,&nbsp;in his book &#8220;ILL&nbsp;MET BY MOONLIGHT&#8220;,&nbsp;writes: &#8220;We are now hiding in a delightful spot which is about a mile from Patsos. We sleep in a stone &#8211; walled hut which has been built against the base of a steep cliff, so with trees on three sides and&hellip; <a class=\"read-more-link\" href=\"https:\/\/patsosescape.com\/pl\/harakas-the-abduction-of-the-german-general-kreipe\/\">Czytaj wi\u0119cej<\/a><\/p>","protected":false},"author":3,"featured_media":0,"parent":0,"menu_order":3,"comment_status":"closed","ping_status":"closed","template":"","meta":{"ngg_post_thumbnail":0,"_glsr_average":0,"_glsr_ranking":0,"_glsr_reviews":0,"footnotes":""},"class_list":["post-754","page","type-page","status-publish","hentry"],"aioseo_notices":[],"_links":{"self":[{"href":"https:\/\/patsosescape.com\/pl\/wp-json\/wp\/v2\/pages\/754","targetHints":{"allow":["GET"]}}],"collection":[{"href":"https:\/\/patsosescape.com\/pl\/wp-json\/wp\/v2\/pages"}],"about":[{"href":"https:\/\/patsosescape.com\/pl\/wp-json\/wp\/v2\/types\/page"}],"author":[{"embeddable":true,"href":"https:\/\/patsosescape.com\/pl\/wp-json\/wp\/v2\/users\/3"}],"replies":[{"embeddable":true,"href":"https:\/\/patsosescape.com\/pl\/wp-json\/wp\/v2\/comments?post=754"}],"version-history":[{"count":0,"href":"https:\/\/patsosescape.com\/pl\/wp-json\/wp\/v2\/pages\/754\/revisions"}],"wp:attachment":[{"href":"https:\/\/patsosescape.com\/pl\/wp-json\/wp\/v2\/media?parent=754"}],"curies":[{"name":"wp","href":"https:\/\/api.w.org\/{rel}","templated":true}]}}