{"id":757,"date":"2015-02-26T01:11:43","date_gmt":"2015-02-25T23:11:43","guid":{"rendered":"http:\/\/patsosescape.com\/newsite\/?page_id=757"},"modified":"2021-04-28T00:11:13","modified_gmt":"2021-04-27T21:11:13","slug":"contribution-in-liberation-wars-of-the-nation","status":"publish","type":"page","link":"https:\/\/patsosescape.com\/pl\/contribution-in-liberation-wars-of-the-nation\/","title":{"rendered":"Wk\u0142ad w wojny wyzwole\u0144cze Narodu"},"content":{"rendered":"<p>Wielu naszych przodk\u00f3w bra\u0142o udzia\u0142 w wojnach wyzwole\u0144czych naszego narodu. Czujemy si\u0119 z nich dumni i wdzi\u0119czni, poniewa\u017c dali nam wysokie morale, odwag\u0119 i determinacj\u0119. Identyfikuj\u0105, motywuj\u0105 i jednocz\u0105 nas. Jak wiemy, nasz op\u00f3r jest nasz\u0105 pami\u0119ci\u0105, a zdj\u0119cie jest \u0142\u0105cznikiem mi\u0119dzy pami\u0119ci\u0105 a zapomnieniem. Dlatego przedstawiamy kilka zdj\u0119\u0107 jako minimum wyrazu honoru i wdzi\u0119czno\u015bci.<\/p>\n<div id='gallery-1' class='gallery galleryid-757 gallery-columns-4 gallery-size-thumbnail'><dl class='gallery-item'>\n\t\t\t<dt class='gallery-icon portrait'>\n\t\t\t\t<a href='https:\/\/patsosescape.com\/wp-content\/uploads\/2015\/02\/19.jpg'><img loading=\"lazy\" decoding=\"async\" width=\"218\" height=\"160\" src=\"https:\/\/patsosescape.com\/wp-content\/uploads\/2015\/02\/19-218x160.jpg\" class=\"attachment-thumbnail size-thumbnail\" alt=\"\" aria-describedby=\"gallery-1-854\" \/><\/a>\n\t\t\t<\/dt>\n\t\t\t\t<dd class='wp-caption-text gallery-caption' id='gallery-1-854'>\n\t\t\t\tEfthimios Charokopos\n\t\t\t\t<\/dd><\/dl><dl class='gallery-item'>\n\t\t\t<dt class='gallery-icon portrait'>\n\t\t\t\t<a href='https:\/\/patsosescape.com\/wp-content\/uploads\/2015\/02\/28.jpg'><img loading=\"lazy\" decoding=\"async\" width=\"218\" height=\"160\" src=\"https:\/\/patsosescape.com\/wp-content\/uploads\/2015\/02\/28-218x160.jpg\" class=\"attachment-thumbnail size-thumbnail\" alt=\"\" aria-describedby=\"gallery-1-855\" \/><\/a>\n\t\t\t<\/dt>\n\t\t\t\t<dd class='wp-caption-text gallery-caption' id='gallery-1-855'>\n\t\t\t\tEleftherios Charokopos\n\t\t\t\t<\/dd><\/dl><dl class='gallery-item'>\n\t\t\t<dt class='gallery-icon landscape'>\n\t\t\t\t<a href='https:\/\/patsosescape.com\/wp-content\/uploads\/2015\/02\/32.png'><img loading=\"lazy\" decoding=\"async\" width=\"218\" height=\"160\" src=\"https:\/\/patsosescape.com\/wp-content\/uploads\/2015\/02\/32-218x160.png\" class=\"attachment-thumbnail size-thumbnail\" alt=\"\" aria-describedby=\"gallery-1-856\" \/><\/a>\n\t\t\t<\/dt>\n\t\t\t\t<dd class='wp-caption-text gallery-caption' id='gallery-1-856'>\n\t\t\t\tEleftherios i Daglis Alexakis (bracia)\n\t\t\t\t<\/dd><\/dl><dl class='gallery-item'>\n\t\t\t<dt class='gallery-icon portrait'>\n\t\t\t\t<a href='https:\/\/patsosescape.com\/wp-content\/uploads\/2015\/02\/42.png'><img loading=\"lazy\" decoding=\"async\" width=\"218\" height=\"160\" src=\"https:\/\/patsosescape.com\/wp-content\/uploads\/2015\/02\/42-218x160.png\" class=\"attachment-thumbnail size-thumbnail\" alt=\"\" aria-describedby=\"gallery-1-857\" \/><\/a>\n\t\t\t<\/dt>\n\t\t\t\t<dd class='wp-caption-text gallery-caption' id='gallery-1-857'>\n\t\t\t\tKonstantinos Savvakis\n\t\t\t\t<\/dd><\/dl><br style=\"clear: both\" \/>\n\t\t<\/div>\n\n<p>Wkr\u00f3tce dodamy kr\u00f3tkie CV i zdj\u0119cia innych os\u00f3b z Patsos.<\/p>","protected":false},"excerpt":{"rendered":"<p>Many of our ancestors participated in liberation wars of our nation. We feel proud and grateful for them because they gave us high morale, courage and determination. They identify, motivate and unite us. As we know, our resistance is our memory and a photo is the link between memory and oblivion. So, we present some photos as a minimum indication of honor and gratitude. Brief CVs and photos of other people from Patsos, will be added soon.<\/p>","protected":false},"author":3,"featured_media":0,"parent":0,"menu_order":4,"comment_status":"closed","ping_status":"closed","template":"","meta":{"ngg_post_thumbnail":0,"_glsr_average":0,"_glsr_ranking":0,"_glsr_reviews":0,"footnotes":""},"class_list":["post-757","page","type-page","status-publish","hentry"],"aioseo_notices":[],"_links":{"self":[{"href":"https:\/\/patsosescape.com\/pl\/wp-json\/wp\/v2\/pages\/757","targetHints":{"allow":["GET"]}}],"collection":[{"href":"https:\/\/patsosescape.com\/pl\/wp-json\/wp\/v2\/pages"}],"about":[{"href":"https:\/\/patsosescape.com\/pl\/wp-json\/wp\/v2\/types\/page"}],"author":[{"embeddable":true,"href":"https:\/\/patsosescape.com\/pl\/wp-json\/wp\/v2\/users\/3"}],"replies":[{"embeddable":true,"href":"https:\/\/patsosescape.com\/pl\/wp-json\/wp\/v2\/comments?post=757"}],"version-history":[{"count":0,"href":"https:\/\/patsosescape.com\/pl\/wp-json\/wp\/v2\/pages\/757\/revisions"}],"wp:attachment":[{"href":"https:\/\/patsosescape.com\/pl\/wp-json\/wp\/v2\/media?parent=757"}],"curies":[{"name":"wp","href":"https:\/\/api.w.org\/{rel}","templated":true}]}}