{"id":773,"date":"2015-02-26T01:19:20","date_gmt":"2015-02-12T22:45:34","guid":{"rendered":"http:\/\/patsosescape.com\/newsite\/?page_id=773"},"modified":"2021-04-28T00:17:13","modified_gmt":"2021-04-27T21:17:13","slug":"herbs","status":"publish","type":"page","link":"https:\/\/patsosescape.com\/pl\/herbs\/","title":{"rendered":"Zio\u0142a Krety"},"content":{"rendered":"<p>Charakter Patsos, z wyj\u0105tkiem&nbsp;<span class=\"Apple-converted-space\">&nbsp;<\/span>dzikie pi\u0119kno, naturalne \u017ar\u00f3d\u0142a i dziedzictwo kulturowe&nbsp;<span class=\"Apple-converted-space\">&nbsp;<\/span>to tak\u017ce du\u017ca apteka. Jej flora skrywa tajemnice<span class=\"Apple-converted-space\">&nbsp;<\/span>&nbsp;uroda i zdrowie.<\/p>\n<p><span lang=\"EN-US\">Sekret zdrowia i urody jest dobrze skrywany w zio\u0142ach, zw\u0142aszcza w ro\u015blinach rodzimych, zw\u0142aszcza tych rosn\u0105cych w g\u00f3rach i stosowanych jako lekarstwa na r\u00f3\u017cne choroby. W przyrodzie Patsos kwitnie rzesze zi\u00f3\u0142, takich jak dyktamus, sza\u0142wia, tymianek, rumianek i wiele innych, wykorzystywanych do przyrz\u0105dzania smacznych i tradycyjnych potraw oraz ze wzgl\u0119du na ich w\u0142a\u015bciwo\u015bci lecznicze. Przedstawiamy niekt\u00f3re z nich<\/span>:<\/p>\n<h2><strong>DIKTAMOS<\/strong><\/h2>\n<p>Diktamo (erontas = mi\u0142o\u015b\u0107) to rodzima ro\u015blina wyst\u0119puj\u0105ca na Krecie i u\u017cywana jako nap\u00f3j. By\u0142a to jedna z najwa\u017cniejszych ro\u015blin leczniczych. Hipokrates stosowany w chorobach \u017co\u0142\u0105dka i uk\u0142adu pokarmowego, reumatyzmie, artretyzmie, przeciwzapalnie, pobudzaj\u0105co i przeciwskurczowo. Ro\u015bnie tylko na stromych zboczach i klifach, wi\u0119c kolekcja jest niebezpieczna. Kwitnie i zbiera si\u0119 w miesi\u0105cach letnich.<\/p>\n<p><a href=\"http:\/\/patsosescape.com\/newsite\/wp-content\/uploads\/2015\/02\/16.jpg\"><img loading=\"lazy\" decoding=\"async\" class=\"alignnone size-full wp-image-672\" src=\"http:\/\/patsosescape.com\/newsite\/wp-content\/uploads\/2015\/02\/16.jpg\" alt=\"\u0394\u0399\u039a\u03a4\u0391\u039c\u039f\u03a3\" width=\"273\" height=\"184\" srcset=\"https:\/\/patsosescape.com\/wp-content\/uploads\/2015\/02\/16.jpg 273w, https:\/\/patsosescape.com\/wp-content\/uploads\/2015\/02\/16-195x131.jpg 195w\" sizes=\"auto, (max-width: 273px) 100vw, 273px\" \/><\/a><\/p>\n<h2><strong>OREGANO<\/strong><\/h2>\n<p><span lang=\"EN\">Plik<\/span><span lang=\"EN\">&nbsp;<span class=\"Apple-converted-space\">&nbsp;<\/span>Oregano<span class=\"Apple-converted-space\">&nbsp;<\/span>kwitnie<span class=\"Apple-converted-space\">&nbsp;<\/span>i zebrane<span class=\"Apple-converted-space\">&nbsp;<\/span>w czerwcu<span class=\"Apple-converted-space\">&nbsp;<\/span>i lipiec.<span class=\"Apple-converted-space\">&nbsp;<\/span>Kwiaty<span class=\"Apple-converted-space\">&nbsp;<\/span>s\u0105<span class=\"Apple-converted-space\">&nbsp;<\/span>w kolorze bia\u0142ym<span class=\"Apple-converted-space\">&nbsp;<\/span>ze s\u0142odycz\u0105<span class=\"Apple-converted-space\">&nbsp;<\/span>pieprzny<span class=\"Apple-converted-space\">&nbsp;<\/span>zapach.<br \/>\nJest znalezione<span class=\"Apple-converted-space\">&nbsp;<\/span>w skalistym<span class=\"Apple-converted-space\">&nbsp;<\/span>i<span class=\"Apple-converted-space\">&nbsp;<\/span>s\u0142oneczne miejsca.<span class=\"Apple-converted-space\">&nbsp;<\/span>To jest<span class=\"Apple-converted-space\">&nbsp;<\/span>aromatyczny<span class=\"Apple-converted-space\">&nbsp;<\/span>Kuchnia \u015br\u00f3dziemnomorska<span class=\"Apple-converted-space\">&nbsp;<\/span>ingrilled<span class=\"Apple-converted-space\">&nbsp;<\/span>ryba i<span class=\"Apple-converted-space\">&nbsp;<\/span>mi\u0119sa. Poprzednio<span class=\"Apple-converted-space\">&nbsp;<\/span>the<span class=\"Apple-converted-space\">&nbsp;<\/span>kolekcja<span class=\"Apple-converted-space\">&nbsp;<\/span>by\u0142 wa\u017cny<span class=\"Apple-converted-space\">&nbsp;<\/span>doch\u00f3d<span class=\"Apple-converted-space\">&nbsp;<\/span>dla ludzi Patsosa. <\/span><span lang=\"EN-US\">To jest<\/span><span lang=\"EN-US\"><span class=\"Apple-converted-space\">&nbsp;<\/span><\/span><span lang=\"EN\">u\u017cywany<\/span><span lang=\"EN\"><span class=\"Apple-converted-space\">&nbsp;<\/span>tak jak<span class=\"Apple-converted-space\">&nbsp;<\/span>antyseptyczny, koj\u0105cy<span class=\"Apple-converted-space\">&nbsp;<\/span>do<span class=\"Apple-converted-space\">&nbsp;<\/span>b\u00f3le z\u0119b\u00f3w<span class=\"Apple-converted-space\">&nbsp;<\/span>i<span class=\"Apple-converted-space\">&nbsp;<\/span>b\u00f3l brzucha.<\/span><\/p>\n<p><a href=\"http:\/\/patsosescape.com\/newsite\/wp-content\/uploads\/2015\/02\/26.jpg\"><img loading=\"lazy\" decoding=\"async\" class=\"alignnone wp-image-673 size-medium\" src=\"http:\/\/patsosescape.com\/newsite\/wp-content\/uploads\/2015\/02\/26-210x300.jpg\" alt=\"P\u0399\u0393\u0391\u039d\u0397\" width=\"210\" height=\"300\" srcset=\"https:\/\/patsosescape.com\/wp-content\/uploads\/2015\/02\/26-210x300.jpg 210w, https:\/\/patsosescape.com\/wp-content\/uploads\/2015\/02\/26-137x195.jpg 137w, https:\/\/patsosescape.com\/wp-content\/uploads\/2015\/02\/26.jpg 420w\" sizes=\"auto, (max-width: 210px) 100vw, 210px\" \/><\/a><\/p>\n<h2><strong>TYMIANEK<\/strong><\/h2>\n<p><span lang=\"EN\">Kwitnie<\/span><span lang=\"EN\"><span class=\"Apple-converted-space\">&nbsp;<\/span>w czerwcu<span class=\"Apple-converted-space\">&nbsp;<\/span>i lipiec<span class=\"Apple-converted-space\">&nbsp;<\/span>i<span class=\"Apple-converted-space\">&nbsp;<\/span>ma<span class=\"Apple-converted-space\">&nbsp;<\/span>niebieski<span class=\"Apple-converted-space\">&nbsp;<\/span>kwiaty.<span class=\"Apple-converted-space\">&nbsp;<\/span>Plik<span class=\"Apple-converted-space\">&nbsp;<\/span>kochanie<span class=\"Apple-converted-space\">&nbsp;<\/span>tymianek<span class=\"Apple-converted-space\">&nbsp;<\/span>jest uwa\u017cany za<span class=\"Apple-converted-space\">&nbsp;<\/span>najlepsza. tymianek<span class=\"Apple-converted-space\">&nbsp;<\/span>dzia\u0142a antyseptycznie,<span class=\"Apple-converted-space\">&nbsp;<\/span>moczop\u0119dny, przeciwpaso\u017cytniczy<span class=\"Apple-converted-space\">&nbsp;<\/span>i<span class=\"Apple-converted-space\">&nbsp;<\/span>w\u0142a\u015bciwo\u015bci przeciwgor\u0105czkowe.<\/span><\/p>\n<p><a href=\"http:\/\/patsosescape.com\/newsite\/wp-content\/uploads\/2015\/02\/36.jpg\"><img loading=\"lazy\" decoding=\"async\" class=\"alignnone size-full wp-image-674\" src=\"http:\/\/patsosescape.com\/newsite\/wp-content\/uploads\/2015\/02\/36.jpg\" alt=\"\u0398\u03a5\u039cA\u03a1\u0399\" width=\"375\" height=\"210\" srcset=\"https:\/\/patsosescape.com\/wp-content\/uploads\/2015\/02\/36.jpg 375w, https:\/\/patsosescape.com\/wp-content\/uploads\/2015\/02\/36-300x168.jpg 300w, https:\/\/patsosescape.com\/wp-content\/uploads\/2015\/02\/36-195x109.jpg 195w\" sizes=\"auto, (max-width: 375px) 100vw, 375px\" \/><\/a><\/p>\n<h2><strong>RUMIANEK<\/strong><\/h2>\n<p><span lang=\"EN\">Zebrane<\/span><span lang=\"EN\"><span class=\"Apple-converted-space\">&nbsp;<\/span>mi\u0119dzy kwietniem<span class=\"Apple-converted-space\">&nbsp;<\/span>i czerwiec. Jest r\u00f3wnie\u017c suszony&nbsp;<span class=\"Apple-converted-space\">&nbsp;<\/span>u\u017cywany<span class=\"Apple-converted-space\">&nbsp;<\/span>przez rok. W Patsos<span class=\"Apple-converted-space\">&nbsp;<\/span>jest<span class=\"Apple-converted-space\">&nbsp;<\/span>wsz\u0119dzie<span class=\"Apple-converted-space\">&nbsp;<\/span>szczeg\u00f3lnie w<span class=\"Apple-converted-space\">&nbsp;<\/span><\/span><span lang=\"EN-US\">pola nieuprawiane<\/span><span lang=\"EN-US\"><span class=\"Apple-converted-space\">&nbsp;<\/span><\/span><span lang=\"EN\">witryn. <\/span><span lang=\"EN\">To jest<\/span><span lang=\"EN\"><span class=\"Apple-converted-space\">&nbsp;<\/span><\/span><span lang=\"EN\">scharakteryzowany jako<\/span><span lang=\"EN\"><span class=\"Apple-converted-space\">&nbsp;<\/span>zapalny,<span class=\"Apple-converted-space\">&nbsp;<\/span>antyalergiczne, koj\u0105ce<span class=\"Apple-converted-space\">&nbsp;<\/span>i<span class=\"Apple-converted-space\">&nbsp;<\/span>najwy\u017cszej jako\u015bci antyseptyk<span class=\"Apple-converted-space\">&nbsp;<\/span>pos\u0142ugiwa\u0107 si\u0119.<span class=\"Apple-converted-space\">&nbsp;<\/span>Zazwyczaj<span class=\"Apple-converted-space\">&nbsp;<\/span>pijemy to jako nap\u00f3j w po\u0142\u0105czeniu<span class=\"Apple-converted-space\">&nbsp;<\/span>z<span class=\"Apple-converted-space\">&nbsp;<\/span>inne krete\u0144skie zio\u0142a, \u0142\u0105cz\u0105c<span class=\"Apple-converted-space\">&nbsp;<\/span>the<span class=\"Apple-converted-space\">&nbsp;<\/span>idealny<span class=\"Apple-converted-space\">&nbsp;<\/span>relaks<span class=\"Apple-converted-space\">&nbsp;<\/span>i zwalczanie<span class=\"Apple-converted-space\">&nbsp;<\/span>bezsenno\u015b\u0107.<\/span><\/p>\n<p><a href=\"http:\/\/patsosescape.com\/newsite\/wp-content\/uploads\/2015\/02\/44.jpg\"><img loading=\"lazy\" decoding=\"async\" class=\"alignnone size-full wp-image-675\" src=\"http:\/\/patsosescape.com\/newsite\/wp-content\/uploads\/2015\/02\/44.jpg\" alt=\"XAMOM\u0397\u039b\u0399\" width=\"259\" height=\"194\" srcset=\"https:\/\/patsosescape.com\/wp-content\/uploads\/2015\/02\/44.jpg 259w, https:\/\/patsosescape.com\/wp-content\/uploads\/2015\/02\/44-195x146.jpg 195w\" sizes=\"auto, (max-width: 259px) 100vw, 259px\" \/><\/a><\/p>\n<h2><strong>SZA\u0141WIA<\/strong><\/h2>\n<p><span lang=\"EN\">Jeden z najbardziej<\/span><span lang=\"EN\"><span class=\"Apple-converted-space\">&nbsp;<\/span>popularne zio\u0142a<span class=\"Apple-converted-space\">&nbsp;<\/span>Krety z<span class=\"Apple-converted-space\">&nbsp;<\/span>doskona\u0142y smak.<span class=\"Apple-converted-space\">&nbsp;<\/span>Kwitnie<span class=\"Apple-converted-space\">&nbsp;<\/span>w maju i czerwcu<span class=\"Apple-converted-space\">&nbsp;<\/span>pocz\u0105tek pola<span class=\"Apple-converted-space\">&nbsp;<\/span>fioletowo-niebieski<span class=\"Apple-converted-space\">&nbsp;<\/span>kwiaty. Jest znane<span class=\"Apple-converted-space\">&nbsp;<\/span>od lat staro\u017cytnych<span class=\"Apple-converted-space\">&nbsp;<\/span>jego tonik<span class=\"Apple-converted-space\">&nbsp;<\/span>nieruchomo\u015bci.<span class=\"Apple-converted-space\">&nbsp;<\/span>U\u017cywany<span class=\"Apple-converted-space\">&nbsp;<\/span>w gotowaniu<span class=\"Apple-converted-space\">&nbsp;<\/span>do aromatyzowania r\u00f3\u017cnych potraw.<\/span><\/p>\n<p><a href=\"http:\/\/patsosescape.com\/newsite\/wp-content\/uploads\/2015\/02\/51.jpg\"><img loading=\"lazy\" decoding=\"async\" class=\"alignnone size-full wp-image-676\" src=\"http:\/\/patsosescape.com\/newsite\/wp-content\/uploads\/2015\/02\/51.jpg\" alt=\"\u03a6\u0391\u03a3\u039a\u039f\u039c\u0397\u039b\u039f\" width=\"259\" height=\"194\" srcset=\"https:\/\/patsosescape.com\/wp-content\/uploads\/2015\/02\/51.jpg 259w, https:\/\/patsosescape.com\/wp-content\/uploads\/2015\/02\/51-195x146.jpg 195w\" sizes=\"auto, (max-width: 259px) 100vw, 259px\" \/><\/a><\/p>\n<h2><strong>MAJERANEK<\/strong><\/h2>\n<p><span lang=\"EN\">Kwitnie<\/span><span lang=\"EN\"><span class=\"Apple-converted-space\">&nbsp;<\/span>w lipcu i<span class=\"Apple-converted-space\">&nbsp;<\/span>Sierpnia i<span class=\"Apple-converted-space\">&nbsp;<\/span>jest zbierany<span class=\"Apple-converted-space\">&nbsp;<\/span>w tym samym okresie.<span class=\"Apple-converted-space\">&nbsp;<\/span>U\u017cywany w farmacji, kuchni,<span class=\"Apple-converted-space\">&nbsp;<\/span>i<span class=\"Apple-converted-space\">&nbsp;<\/span>perfumeria.<\/span> <span lang=\"EN\">To ma<span class=\"Apple-converted-space\">&nbsp;<\/span>podobne w\u0142a\u015bciwo\u015bci<span class=\"Apple-converted-space\">&nbsp;<\/span>z<span class=\"Apple-converted-space\">&nbsp;<\/span>tymianek<span class=\"Apple-converted-space\">&nbsp;<\/span>i<span class=\"Apple-converted-space\">&nbsp;<\/span>od staro\u017cytno\u015bci<span class=\"Apple-converted-space\">&nbsp;<\/span>by\u0142o u\u017cyte<span class=\"Apple-converted-space\">&nbsp;<\/span>w wielu<span class=\"Apple-converted-space\">&nbsp;<\/span>przypadkach<span class=\"Apple-converted-space\">&nbsp;<\/span>nerw\u00f3w<span class=\"Apple-converted-space\">&nbsp;<\/span>zaburzenia,<span class=\"Apple-converted-space\">&nbsp;<\/span>idealny do zabiegu<span class=\"Apple-converted-space\">&nbsp;<\/span>przezi\u0119bienia.<\/span><\/p>\n<p><a href=\"http:\/\/patsosescape.com\/newsite\/wp-content\/uploads\/2015\/02\/61.jpg\"><img loading=\"lazy\" decoding=\"async\" class=\"alignnone size-full wp-image-677\" src=\"http:\/\/patsosescape.com\/newsite\/wp-content\/uploads\/2015\/02\/61.jpg\" alt=\"\u039c\u0391\u03a4\u0396\u039f\u03a5\u03a1\u0391\u039d\u0391\" width=\"194\" height=\"259\" srcset=\"https:\/\/patsosescape.com\/wp-content\/uploads\/2015\/02\/61.jpg 194w, https:\/\/patsosescape.com\/wp-content\/uploads\/2015\/02\/61-146x195.jpg 146w\" sizes=\"auto, (max-width: 194px) 100vw, 194px\" \/><\/a><\/p>\n<p><span lang=\"EN\">Opr\u00f3cz powy\u017cszego<\/span><span lang=\"EN\">, tam s\u0105<span class=\"Apple-converted-space\">&nbsp;<\/span>wiele zi\u00f3\u0142<span class=\"Apple-converted-space\">&nbsp;<\/span>\u017ce si\u0119 rozwijaj\u0105<span class=\"Apple-converted-space\">&nbsp;<\/span><\/span><span lang=\"EN-US\">w Patsos<\/span>.<\/p>","protected":false},"excerpt":{"rendered":"<p>The nature of Patsos, except the&nbsp;&nbsp;wild beauty, the natural springs and cultural heritage&nbsp;&nbsp;is also a big pharmacy. Its flora hides the secrets of&nbsp;&nbsp;beauty and health. The secret of health and beauty is well hidden in herbs, native plants&nbsp;particularly those that grow in mountains and used as medicines for various diseases. In Patsos nature thrive herbs crowd, such dictamus, sage, thyme, camomile, and much more, used for the preparation of tasty and traditional dishes and for their healing properties. We present some of them: DIKTAMOS The&nbsp;diktamo&nbsp;(the&nbsp;erontas =love)&nbsp;&nbsp;is&nbsp;a&nbsp;native plant&nbsp;that is found&nbsp;in Crete&nbsp;and&hellip; <a class=\"read-more-link\" href=\"https:\/\/patsosescape.com\/pl\/herbs\/\">Czytaj wi\u0119cej<\/a><\/p>","protected":false},"author":3,"featured_media":0,"parent":0,"menu_order":8,"comment_status":"closed","ping_status":"closed","template":"","meta":{"ngg_post_thumbnail":0,"_glsr_average":0,"_glsr_ranking":0,"_glsr_reviews":0,"footnotes":""},"class_list":["post-773","page","type-page","status-publish","hentry"],"aioseo_notices":[],"_links":{"self":[{"href":"https:\/\/patsosescape.com\/pl\/wp-json\/wp\/v2\/pages\/773","targetHints":{"allow":["GET"]}}],"collection":[{"href":"https:\/\/patsosescape.com\/pl\/wp-json\/wp\/v2\/pages"}],"about":[{"href":"https:\/\/patsosescape.com\/pl\/wp-json\/wp\/v2\/types\/page"}],"author":[{"embeddable":true,"href":"https:\/\/patsosescape.com\/pl\/wp-json\/wp\/v2\/users\/3"}],"replies":[{"embeddable":true,"href":"https:\/\/patsosescape.com\/pl\/wp-json\/wp\/v2\/comments?post=773"}],"version-history":[{"count":0,"href":"https:\/\/patsosescape.com\/pl\/wp-json\/wp\/v2\/pages\/773\/revisions"}],"wp:attachment":[{"href":"https:\/\/patsosescape.com\/pl\/wp-json\/wp\/v2\/media?parent=773"}],"curies":[{"name":"wp","href":"https:\/\/api.w.org\/{rel}","templated":true}]}}