{"id":776,"date":"2015-02-26T01:20:50","date_gmt":"2015-02-25T23:20:50","guid":{"rendered":"http:\/\/patsosescape.com\/newsite\/?page_id=776"},"modified":"2018-03-30T22:54:50","modified_gmt":"2018-03-30T19:54:50","slug":"traditional-cuisine","status":"publish","type":"page","link":"https:\/\/patsosescape.com\/pl\/traditional-cuisine\/","title":{"rendered":"Kuchnia tradycyjna"},"content":{"rendered":"<p style=\"text-align: center;\">&nbsp;<\/p>\n<p style=\"text-align: left;\"><span lang=\"EN\">Gdy<\/span><span lang=\"EN\"><span class=\"Apple-converted-space\">&nbsp;<\/span>jeste\u015b w<span class=\"Apple-converted-space\">&nbsp;<\/span>Patso<\/span><span lang=\"EN-US\">s<\/span><span lang=\"EN-GB\">,<\/span><span lang=\"EN-GB\"><span class=\"Apple-converted-space\">&nbsp;<\/span><\/span><span lang=\"EN\">po<\/span><span lang=\"EN\"><span class=\"Apple-converted-space\">&nbsp;<\/span>eksplorowa\u0107<\/span><span lang=\"EN-US\">ing<\/span><span lang=\"EN-US\"><span class=\"Apple-converted-space\">&nbsp;<\/span><\/span><span lang=\"EN\">&nbsp;the<\/span><span lang=\"EN\"><span class=\"Apple-converted-space\">&nbsp;<\/span>dziki<span class=\"Apple-converted-space\">&nbsp;<\/span>pi\u0119kno<span class=\"Apple-converted-space\">&nbsp;<\/span>natury, nie zapomnij<span class=\"Apple-converted-space\">&nbsp;<\/span>smak<span class=\"Apple-converted-space\">&nbsp;<\/span><\/span>\u03c4<span lang=\"EN-US\">on<\/span><span lang=\"EN\"><span class=\"Apple-converted-space\">&nbsp;<\/span>autentyczny<\/span><span lang=\"EN\"><span class=\"Apple-converted-space\">&nbsp;<\/span>i<span class=\"Apple-converted-space\">&nbsp;<\/span>tradycyjny<span class=\"Apple-converted-space\">&nbsp;<\/span>przepisy kulinarne<span class=\"Apple-converted-space\">&nbsp;<\/span>\u017ce<\/span><span lang=\"EN\"><span class=\"Apple-converted-space\">&nbsp;<\/span><\/span>\u039c<span lang=\"EN-US\">rs Maria<\/span><span lang=\"EN\"><span class=\"Apple-converted-space\">&nbsp;<\/span>kontynuowa\u0107 <\/span><span lang=\"EN\">zachowaj, jak ona<span class=\"Apple-converted-space\">&nbsp;<\/span>nauczyli\u015bmy<span class=\"Apple-converted-space\"> od niej<\/span> dzieci\u0144stwo. <\/span><span lang=\"EN\">Jej farma<\/span> &nbsp;jest \u017ar\u00f3d\u0142em czystych produkt\u00f3w u\u017cywanych w kuchni. W tym uprawiano wszystkie warzywa, a tak\u017ce hodowano kury i kozy. Ze \u015bwie\u017cymi warzywami i mi\u0119sem, jajami, oliw\u0105 z oliwek z pierwszego t\u0142oczenia i tradycyjnymi przepisami, delektuj si\u0119 pysznym, autentycznym tradycyjnym posi\u0142kiem.<\/p>\n<p style=\"text-align: center;\"><em>\n\t\t<!-- MasterSlider -->\n\t\t<div id=\"P_MS69f3beba9ace8\" class=\"master-slider-parent msl ms-parent-id-13\" style=\"max-width:1000px;\">\n\n\t\t\t\n\t\t\t<!-- MasterSlider Main -->\n\t\t\t<div id=\"MS69f3beba9ace8\" class=\"master-slider ms-skin-default\" >\n\t\t\t\t \t\t\t\t \n\t\t\t\t<div  class=\"ms-slide\" data-delay=\"3.5\" data-fill-mode=\"fill\"  >\n\t\t\t\t\t<img decoding=\"async\" src=\"https:\/\/patsosescape.com\/wp-content\/plugins\/master-slider\/public\/assets\/css\/blank.gif\" alt=\"\" title=\"\" data-src=\"https:\/\/patsosescape.com\/wp-content\/uploads\/2018\/03\/IMG_20171009_141806_resized_20171009_024956071.jpg\" \/>\n\n\n\t<div class=\"ms-thumb\" ><div class=\"ms-tab-context\"><div class=\"&quot;ms-tab-context&quot;\"><\/div><\/div>\n<\/div>\n\t\t\t\t<\/div>\n\t\t\t\t<div  class=\"ms-slide\" data-delay=\"3\" data-fill-mode=\"fill\"  >\n\t\t\t\t\t<img decoding=\"async\" src=\"https:\/\/patsosescape.com\/wp-content\/plugins\/master-slider\/public\/assets\/css\/blank.gif\" alt=\"\" title=\"\" data-src=\"https:\/\/patsosescape.com\/wp-content\/uploads\/2018\/03\/IMG_2671.jpg\" \/>\n\n\n\t<div class=\"ms-thumb\" ><div class=\"ms-tab-context\"><div class=\"&quot;ms-tab-context&quot;\"><\/div><\/div>\n<\/div>\n\t\t\t\t<\/div>\n\t\t\t\t<div  class=\"ms-slide\" data-delay=\"3\" data-fill-mode=\"fill\"  >\n\t\t\t\t\t<img decoding=\"async\" src=\"https:\/\/patsosescape.com\/wp-content\/plugins\/master-slider\/public\/assets\/css\/blank.gif\" alt=\"\" title=\"\" data-src=\"https:\/\/patsosescape.com\/wp-content\/uploads\/2018\/03\/079.jpg\" \/>\n\n\n\t<div class=\"ms-thumb\" ><div class=\"ms-tab-context\"><div class=\"&quot;ms-tab-context&quot;\"><\/div><\/div>\n<\/div>\n\t\t\t\t<\/div>\n\t\t\t\t<div  class=\"ms-slide\" data-delay=\"3\" data-fill-mode=\"fill\"  >\n\t\t\t\t\t<img decoding=\"async\" src=\"https:\/\/patsosescape.com\/wp-content\/plugins\/master-slider\/public\/assets\/css\/blank.gif\" alt=\"\" title=\"\" data-src=\"https:\/\/patsosescape.com\/wp-content\/uploads\/2018\/03\/28378106_1901531419918687_9060565417394700288_n.jpg\" \/>\n\n\n\t<div class=\"ms-thumb\" ><div class=\"ms-tab-context\"><div class=\"&quot;ms-tab-context&quot;\"><\/div><\/div>\n<\/div>\n\t\t\t\t<\/div>\n\t\t\t\t<div  class=\"ms-slide\" data-delay=\"3\" data-fill-mode=\"fill\"  >\n\t\t\t\t\t<img decoding=\"async\" src=\"https:\/\/patsosescape.com\/wp-content\/plugins\/master-slider\/public\/assets\/css\/blank.gif\" alt=\"\" title=\"\" data-src=\"https:\/\/patsosescape.com\/wp-content\/uploads\/2018\/03\/082-1.jpg\" \/>\n\n\n\t<div class=\"ms-thumb\" ><div class=\"ms-tab-context\"><div class=\"&quot;ms-tab-context&quot;\"><\/div><\/div>\n<\/div>\n\t\t\t\t<\/div>\n\n\t\t\t<\/div>\n\t\t\t<!-- END MasterSlider Main -->\n\n\t\t\t \n\t\t<\/div>\n\t\t<!-- END MasterSlider -->\n\n\t\t<script>\n\t\t(function ( $ ) {\n\t\t\t\"use strict\";\n\n\t\t\t$(function () {\n\t\t\t\tvar masterslider_ace8 = new MasterSlider();\n\n\t\t\t\t\/\/ slider controls\n\t\t\t\tmasterslider_ace8.control('arrows'     ,{ autohide:true, overVideo:true  });\n\t\t\t\t\/\/ slider setup\n\t\t\t\tmasterslider_ace8.setup(\"MS69f3beba9ace8\", {\n\t\t\t\t\t\twidth           : 1000,\n\t\t\t\t\t\theight          : 500,\n\t\t\t\t\t\tminHeight       : 0,\n\t\t\t\t\t\tspace           : 0,\n\t\t\t\t\t\tstart           : 3,\n\t\t\t\t\t\tgrabCursor      : true,\n\t\t\t\t\t\tswipe           : true,\n\t\t\t\t\t\tmouse           : true,\n\t\t\t\t\t\tlayout          : \"boxed\",\n\t\t\t\t\t\twheel           : false,\n\t\t\t\t\t\tautoplay        : true,\n\t\t\t\t\t\tinstantStartLayers:false,\n\t\t\t\t\t\tloop            : false,\n\t\t\t\t\t\tshuffle         : false,\n\t\t\t\t\t\tpreload         : 0,\n\t\t\t\t\t\theightLimit     : true,\n\t\t\t\t\t\tautoHeight      : false,\n\t\t\t\t\t\tsmoothHeight    : true,\n\t\t\t\t\t\tendPause        : false,\n\t\t\t\t\t\toverPause       : false,\n\t\t\t\t\t\tfillMode        : \"fill\",\n\t\t\t\t\t\tcenterControls  : true,\n\t\t\t\t\t\tstartOnAppear   : false,\n\t\t\t\t\t\tlayersMode      : \"center\",\n\t\t\t\t\t\thideLayers      : false,\n\t\t\t\t\t\tfullscreenMargin: 0,\n\t\t\t\t\t\tspeed           : 20,\n\t\t\t\t\t\tdir             : \"h\",\n\t\t\t\t\t\tparallaxMode    : 'swipe',\n\t\t\t\t\t\tview            : \"basic\"\n\t\t\t\t});\n\n\t\t\t\t\n\t\t\t\twindow.masterslider_instances = window.masterslider_instances || [];\n\t\t\t\twindow.masterslider_instances.push( masterslider_ace8 );\n\t\t\t });\n\n\t\t})(jQuery);\n\t\t<\/script>\n\n<\/em><\/p>\n<p>&nbsp;<\/p>\n\r\n<div class=\"column grid_6\"><\/div>\r\n<div class=\"column grid_6 last\"><\/div><div class=\"clear\"><\/div>\r\n<div id='gallery-1' class='gallery galleryid-776 gallery-columns-3 gallery-size-thumbnail'><dl class='gallery-item'>\n\t\t\t<dt class='gallery-icon portrait'>\n\t\t\t\t<a href='https:\/\/patsosescape.com\/wp-content\/uploads\/2015\/02\/112.jpg'><img loading=\"lazy\" decoding=\"async\" width=\"218\" height=\"160\" src=\"https:\/\/patsosescape.com\/wp-content\/uploads\/2015\/02\/112-218x160.jpg\" class=\"attachment-thumbnail size-thumbnail\" alt=\"\" \/><\/a>\n\t\t\t<\/dt><\/dl><dl class='gallery-item'>\n\t\t\t<dt class='gallery-icon portrait'>\n\t\t\t\t<a href='https:\/\/patsosescape.com\/wp-content\/uploads\/2015\/02\/210.jpg'><img loading=\"lazy\" decoding=\"async\" width=\"218\" height=\"160\" src=\"https:\/\/patsosescape.com\/wp-content\/uploads\/2015\/02\/210-218x160.jpg\" class=\"attachment-thumbnail size-thumbnail\" alt=\"\" \/><\/a>\n\t\t\t<\/dt><\/dl><dl class='gallery-item'>\n\t\t\t<dt class='gallery-icon portrait'>\n\t\t\t\t<a href='https:\/\/patsosescape.com\/wp-content\/uploads\/2015\/02\/37.jpg'><img loading=\"lazy\" decoding=\"async\" width=\"218\" height=\"160\" src=\"https:\/\/patsosescape.com\/wp-content\/uploads\/2015\/02\/37-218x160.jpg\" class=\"attachment-thumbnail size-thumbnail\" alt=\"przygotowywanie tradycyjnych wega\u0144skich ciast krete\u0144skich - Patsos Rethymnon Crete\" \/><\/a>\n\t\t\t<\/dt><\/dl><br style=\"clear: both\" \/><dl class='gallery-item'>\n\t\t\t<dt class='gallery-icon portrait'>\n\t\t\t\t<a href='https:\/\/patsosescape.com\/wp-content\/uploads\/2015\/02\/45.jpg'><img loading=\"lazy\" decoding=\"async\" width=\"218\" height=\"160\" src=\"https:\/\/patsosescape.com\/wp-content\/uploads\/2015\/02\/45-218x160.jpg\" class=\"attachment-thumbnail size-thumbnail\" alt=\"zbieranie \u015bwie\u017cych warzyw w wiosce Patsos - \u015bwie\u017ce organiczne warzywa na potrzeby naszych krete\u0144skich przepis\u00f3w kulinarnych\" \/><\/a>\n\t\t\t<\/dt><\/dl><dl class='gallery-item'>\n\t\t\t<dt class='gallery-icon portrait'>\n\t\t\t\t<a href='https:\/\/patsosescape.com\/wp-content\/uploads\/2015\/02\/52.jpg'><img loading=\"lazy\" decoding=\"async\" width=\"218\" height=\"160\" src=\"https:\/\/patsosescape.com\/wp-content\/uploads\/2015\/02\/52-218x160.jpg\" class=\"attachment-thumbnail size-thumbnail\" alt=\"nasza ma\u0142a ferma kurczak\u00f3w w wiosce Patsos - \u015bwie\u017ce organiczne jajka do naszych krete\u0144skich przepis\u00f3w kulinarnych\" \/><\/a>\n\t\t\t<\/dt><\/dl><dl class='gallery-item'>\n\t\t\t<dt class='gallery-icon portrait'>\n\t\t\t\t<a href='https:\/\/patsosescape.com\/wp-content\/uploads\/2015\/02\/62.jpg'><img loading=\"lazy\" decoding=\"async\" width=\"218\" height=\"160\" src=\"https:\/\/patsosescape.com\/wp-content\/uploads\/2015\/02\/62-218x160.jpg\" class=\"attachment-thumbnail size-thumbnail\" alt=\"\" \/><\/a>\n\t\t\t<\/dt><\/dl><br style=\"clear: both\" \/>\n\t\t<\/div>","protected":false},"excerpt":{"rendered":"<p>&nbsp; B\u0119d\u0105c w Patsos, po odkrywaniu dzikiego pi\u0119kna przyrody, nie zapomnij skosztowa\u0107 autentycznych i tradycyjnych przepis\u00f3w, kt\u00f3rych \u039crs Maria kontynuuje, czego uczy\u0142a si\u0119 od dzieci\u0144stwa. Jej gospodarstwo jest \u017ar\u00f3d\u0142em czystych produkt\u00f3w u\u017cywanych do gotowania. W tym uprawiano wszystkie warzywa, a tak\u017ce hodowano kury i kozy. Ze \u015bwie\u017cymi warzywami i mi\u0119sem, jajami, oliw\u0105 z oliwek z pierwszego t\u0142oczenia i tradycyjnymi przepisami, skosztuj pysznego, autentycznego tradycyjnego posi\u0142ku. &nbsp;<\/p>","protected":false},"author":3,"featured_media":0,"parent":0,"menu_order":9,"comment_status":"closed","ping_status":"closed","template":"","meta":{"ngg_post_thumbnail":0,"_glsr_average":0,"_glsr_ranking":0,"_glsr_reviews":0,"footnotes":""},"class_list":["post-776","page","type-page","status-publish","hentry"],"aioseo_notices":[],"_links":{"self":[{"href":"https:\/\/patsosescape.com\/pl\/wp-json\/wp\/v2\/pages\/776","targetHints":{"allow":["GET"]}}],"collection":[{"href":"https:\/\/patsosescape.com\/pl\/wp-json\/wp\/v2\/pages"}],"about":[{"href":"https:\/\/patsosescape.com\/pl\/wp-json\/wp\/v2\/types\/page"}],"author":[{"embeddable":true,"href":"https:\/\/patsosescape.com\/pl\/wp-json\/wp\/v2\/users\/3"}],"replies":[{"embeddable":true,"href":"https:\/\/patsosescape.com\/pl\/wp-json\/wp\/v2\/comments?post=776"}],"version-history":[{"count":0,"href":"https:\/\/patsosescape.com\/pl\/wp-json\/wp\/v2\/pages\/776\/revisions"}],"wp:attachment":[{"href":"https:\/\/patsosescape.com\/pl\/wp-json\/wp\/v2\/media?parent=776"}],"curies":[{"name":"wp","href":"https:\/\/api.w.org\/{rel}","templated":true}]}}