{"id":789,"date":"2015-02-26T01:27:19","date_gmt":"2015-02-25T23:27:19","guid":{"rendered":"http:\/\/patsosescape.com\/newsite\/?page_id=789"},"modified":"2018-03-29T12:00:45","modified_gmt":"2018-03-29T09:00:45","slug":"coffeehouse","status":"publish","type":"page","link":"https:\/\/patsosescape.com\/pl\/coffeehouse\/","title":{"rendered":"Ma\u0142a tradycyjna tawerna"},"content":{"rendered":"<blockquote>\n<p style=\"text-align: center;\"><strong>&nbsp;<\/strong><\/p>\n<p style=\"text-align: center;\">&nbsp;<\/p>\n<\/blockquote>\n<p>Plik<span class=\"Apple-converted-space\">&nbsp;<\/span>znajduje si\u0119 tradycyjna tawerna \u201ePATSOS\u201d<span class=\"Apple-converted-space\">&nbsp;<\/span>w centrum wsi<span class=\"Apple-converted-space\">&nbsp;<\/span>i dzia\u0142a od tego czasu<span class=\"Apple-converted-space\">&nbsp;<\/span>1933. Jego historia<span class=\"Apple-converted-space\">&nbsp;<\/span><span class=\"Apple-converted-space\"> jest bezpo\u015brednio powi\u0105zany z<\/span> the<span class=\"Apple-converted-space\">&nbsp;<\/span>historia wsi, synonim tradycji, kultury, jako\u015bci i autentyczno\u015bci, bo nie podda\u0142a si\u0119 masowej turystyce i wyrobom produkcyjnym. Odegra\u0142a wa\u017cn\u0105 rol\u0119 w \u017cyciu spo\u0142ecznym naszej wsi. Nie by\u0142oby przesad\u0105 stwierdzenie, \u017ce by\u0142o to \u201eforum\u201d w staro\u017cytnym znaczeniu tego s\u0142owa.<span class=\"Apple-converted-space\">&nbsp;<\/span>To jest to miejsce<span class=\"Apple-converted-space\">&nbsp;<\/span>\u017ce<span class=\"Apple-converted-space\">&nbsp;<\/span>spodoba ci si\u0119<span class=\"Apple-converted-space\">&nbsp;<\/span>wspania\u0142y tradycyjny<span class=\"Apple-converted-space\">&nbsp;<\/span>gotowany<span class=\"Apple-converted-space\">&nbsp;<\/span>posi\u0142ki,<span class=\"Apple-converted-space\">&nbsp;<\/span>twoja kawa, twoja<span class=\"Apple-converted-space\">&nbsp;<\/span>domowej roboty<span class=\"Apple-converted-space\">&nbsp;<\/span>\u015bniadanie,<span class=\"Apple-converted-space\">&nbsp;<\/span>raki<span class=\"Apple-converted-space\">&nbsp;<\/span>lub wino.<span class=\"Apple-converted-space\">&nbsp;<\/span>Plik<span class=\"Apple-converted-space\">&nbsp;<\/span>rustykalny<span class=\"Apple-converted-space\">&nbsp;<\/span>przepisy kulinarne<span class=\"Apple-converted-space\">&nbsp;<\/span>z<span class=\"Apple-converted-space\">&nbsp;<\/span>lokalne sk\u0142adniki<span class=\"Apple-converted-space\">&nbsp;<\/span>i mi\u0119sa<span class=\"Apple-converted-space\">&nbsp;<\/span>we wszystkich produktach spo\u017cywczych<span class=\"Apple-converted-space\">&nbsp;<\/span>Wola<span class=\"Apple-converted-space\">&nbsp;<\/span>by\u0107 niezapomnianym.<span class=\"Apple-converted-space\">&nbsp;<\/span>I to wszystko<span class=\"Apple-converted-space\">&nbsp;<\/span>w idyllicznym \u015brodowisku<span class=\"Apple-converted-space\">&nbsp;<\/span>d\u017awi\u0119ki i<span class=\"Apple-converted-space\">&nbsp;<\/span>pi\u0119kno<span class=\"Apple-converted-space\">&nbsp;<\/span>natury.<span class=\"Apple-converted-space\">&nbsp;<\/span>Usytuowany<span class=\"Apple-converted-space\">&nbsp;<\/span>na g\u0142\u00f3wnym placu<span class=\"Apple-converted-space\">&nbsp;<\/span>wsi,<span class=\"Apple-converted-space\">&nbsp;<\/span>obok<span class=\"Apple-converted-space\">&nbsp;<\/span>ch\u0142odny,<span class=\"Apple-converted-space\">&nbsp;<\/span>czyste wody<span class=\"Apple-converted-space\">&nbsp;<\/span>naturalnego<span class=\"Apple-converted-space\">&nbsp;<\/span>\u017ar\u00f3d\u0142o i<span class=\"Apple-converted-space\">&nbsp;<\/span>cie\u0144 starych platan\u00f3w, czyli<span class=\"Apple-converted-space\">&nbsp;<\/span>odniesienie<span class=\"Apple-converted-space\">&nbsp;<\/span>punkt<span class=\"Apple-converted-space\">&nbsp;<\/span>i<span class=\"Apple-converted-space\">&nbsp;<\/span>znak rozpoznawczy<span class=\"Apple-converted-space\">&nbsp;<\/span>wsi. Pani.<span class=\"Apple-converted-space\">&nbsp;<\/span>Maria<span class=\"Apple-converted-space\">&nbsp;<\/span>kontynuowa\u0107<span class=\"Apple-converted-space\">&nbsp;<\/span>dzia\u0142a\u0107 i<span class=\"Apple-converted-space\">&nbsp;<\/span>trzyma\u0107<span class=\"Apple-converted-space\">&nbsp;<\/span>tradycja,<span class=\"Apple-converted-space\">&nbsp;<\/span>nauczy\u0142a si\u0119<span class=\"Apple-converted-space\">&nbsp;<\/span>jako dziecko. jest<span class=\"Apple-converted-space\">&nbsp;<\/span>twoja osoba,<span class=\"Apple-converted-space\">&nbsp;<\/span>nie tylko<span class=\"Apple-converted-space\">&nbsp;<\/span>dla<span class=\"Apple-converted-space\">&nbsp;<\/span>jest ciep\u0142o<span class=\"Apple-converted-space\">&nbsp;<\/span>go\u015bcinno\u015b\u0107<span class=\"Apple-converted-space\">&nbsp;<\/span>i tradycyjne<span class=\"Apple-converted-space\">&nbsp;<\/span>potrawy, ale te\u017c dla informacji<span class=\"Apple-converted-space\">&nbsp;<\/span>to ci da<span class=\"Apple-converted-space\">&nbsp;<\/span>tawerna ma darmowe WI FI i do\u015bwiadczonego przewodnika, kt\u00f3ry m\u00f3wi bardzo dobrze po angielsku, co wraz z jego \u017cywym zainteresowaniem i znajomo\u015bci\u0105 wydarze\u0144 historycznych i kulturowych, jego wielk\u0105 mi\u0142o\u015bci\u0105 i do\u015bwiadczeniem w w\u0119dr\u00f3wkach i og\u00f3lnie przyrodzie mo\u017ce dostarczy\u0107 cennych us\u0142ugi, z uwzgl\u0119dnieniem szczeg\u00f3\u0142owego zapoznania si\u0119 z kultur\u0105, tradycj\u0105 i histori\u0105 wioski oraz w bezpiecznym przewodniku<\/p>\n<p>W tym<span class=\"Apple-converted-space\">&nbsp;<\/span>kawiarenka wysz\u0142a<span class=\"Apple-converted-space\">&nbsp;<\/span>ich znak<span class=\"Apple-converted-space\">&nbsp;<\/span>osobowo\u015bci<span class=\"Apple-converted-space\">&nbsp;<\/span>ducha,<span class=\"Apple-converted-space\">&nbsp;<\/span>akcja i<span class=\"Apple-converted-space\">&nbsp;<\/span>kreacja,<span class=\"Apple-converted-space\">&nbsp;<\/span>kt\u00f3ry<span class=\"Apple-converted-space\">&nbsp;<\/span>to jest g\u0142\u00f3wne<span class=\"Apple-converted-space\">&nbsp;<\/span>pow\u00f3d<span class=\"Apple-converted-space\">&nbsp;<\/span>r\u00f3\u017cnorodno\u015b\u0107<span class=\"Apple-converted-space\">&nbsp;<\/span>swojej wyj\u0105tkowo\u015bci<span class=\"Apple-converted-space\">&nbsp;<\/span>do dzisiaj. Doceniaj\u0105c cenny wk\u0142ad<span class=\"Apple-converted-space\">&nbsp;<\/span>i<span class=\"Apple-converted-space\">&nbsp;<\/span>dziedzictwo, jako dow\u00f3d honoru<span class=\"Apple-converted-space\">&nbsp;<\/span>i wdzi\u0119czno\u015b\u0107,<span class=\"Apple-converted-space\">&nbsp;<\/span>Prezentujemy<span class=\"Apple-converted-space\">&nbsp;<\/span>zdj\u0119cia<span class=\"Apple-converted-space\">&nbsp;<\/span>proste<span class=\"Apple-converted-space\">&nbsp;<\/span>\u017cycie codzienne<span class=\"Apple-converted-space\">&nbsp;<\/span>w tym,<span class=\"Apple-converted-space\">&nbsp;<\/span>zainspirowany przez<span class=\"Apple-converted-space\">&nbsp;<\/span>im<\/p>\n<div id='gallery-1' class='gallery galleryid-789 gallery-columns-5 gallery-size-thumbnail'><dl class='gallery-item'>\n\t\t\t<dt class='gallery-icon landscape'>\n\t\t\t\t<a href='https:\/\/patsosescape.com\/wp-content\/uploads\/2015\/02\/12.png'><img loading=\"lazy\" decoding=\"async\" width=\"218\" height=\"160\" src=\"https:\/\/patsosescape.com\/wp-content\/uploads\/2015\/02\/12-218x160.png\" class=\"attachment-thumbnail size-thumbnail\" alt=\"\" aria-describedby=\"gallery-1-898\" \/><\/a>\n\t\t\t<\/dt>\n\t\t\t\t<dd class='wp-caption-text gallery-caption' id='gallery-1-898'>\n\t\t\t\tStare tradycyjne \u015bwi\u0119to na \u015bwie\u017cym powietrzu w kawiarni. Pierwszy od prawej to za\u0142o\u017cyciel kawiarni Vasilis Michalakis (Chantrovasilis). W laouto Titus Alexakis.\n\t\t\t\t<\/dd><\/dl><dl class='gallery-item'>\n\t\t\t<dt class='gallery-icon landscape'>\n\t\t\t\t<a href='https:\/\/patsosescape.com\/wp-content\/uploads\/2015\/02\/212.jpg'><img loading=\"lazy\" decoding=\"async\" width=\"218\" height=\"160\" src=\"https:\/\/patsosescape.com\/wp-content\/uploads\/2015\/02\/212-218x160.jpg\" class=\"attachment-thumbnail size-thumbnail\" alt=\"\" aria-describedby=\"gallery-1-895\" \/><\/a>\n\t\t\t<\/dt>\n\t\t\t\t<dd class='wp-caption-text gallery-caption' id='gallery-1-895'>\n\t\t\t\tOd lewej: Maria Psycharaki, Stratis Psycharakis (m\u0105\u017c Mary), Napoleon Koumendakis.\n\t\t\t\t<\/dd><\/dl><dl class='gallery-item'>\n\t\t\t<dt class='gallery-icon landscape'>\n\t\t\t\t<a href='https:\/\/patsosescape.com\/wp-content\/uploads\/2015\/02\/39.jpg'><img loading=\"lazy\" decoding=\"async\" width=\"218\" height=\"160\" src=\"https:\/\/patsosescape.com\/wp-content\/uploads\/2015\/02\/39-218x160.jpg\" class=\"attachment-thumbnail size-thumbnail\" alt=\"\" aria-describedby=\"gallery-1-896\" \/><\/a>\n\t\t\t<\/dt>\n\t\t\t\t<dd class='wp-caption-text gallery-caption' id='gallery-1-896'>\n\t\t\t\tOd prawej do lewej: George Tzourmpakis, Pantinakis George Matthew, Vassilis Michalakis, Dimitrios Pattakos, Psycharokostas.\n\t\t\t\t<\/dd><\/dl><dl class='gallery-item'>\n\t\t\t<dt class='gallery-icon landscape'>\n\t\t\t\t<a href='https:\/\/patsosescape.com\/wp-content\/uploads\/2015\/02\/44.png'><img loading=\"lazy\" decoding=\"async\" width=\"218\" height=\"160\" src=\"https:\/\/patsosescape.com\/wp-content\/uploads\/2015\/02\/44-218x160.png\" class=\"attachment-thumbnail size-thumbnail\" alt=\"\" aria-describedby=\"gallery-1-899\" srcset=\"https:\/\/patsosescape.com\/wp-content\/uploads\/2015\/02\/44-218x160.png 218w, https:\/\/patsosescape.com\/wp-content\/uploads\/2015\/02\/44-300x219.png 300w, https:\/\/patsosescape.com\/wp-content\/uploads\/2015\/02\/44-195x142.png 195w, https:\/\/patsosescape.com\/wp-content\/uploads\/2015\/02\/44.png 607w\" sizes=\"auto, (max-width: 218px) 100vw, 218px\" \/><\/a>\n\t\t\t<\/dt>\n\t\t\t\t<dd class='wp-caption-text gallery-caption' id='gallery-1-899'>\n\t\t\t\tCafe Psycharaki Stratis. Od lewej: Maria Psycharaki, Michael Vasilis (Chantrovasilis), Joseph Vavourakis, Stratis Akoumianakis, Socrates Psycharakis, Alekos Alexakis, Emmanuel Tsiledakis.\n\t\t\t\t<\/dd><\/dl><dl class='gallery-item'>\n\t\t\t<dt class='gallery-icon landscape'>\n\t\t\t\t<a href='https:\/\/patsosescape.com\/wp-content\/uploads\/2015\/02\/53.jpg'><img loading=\"lazy\" decoding=\"async\" width=\"218\" height=\"160\" src=\"https:\/\/patsosescape.com\/wp-content\/uploads\/2015\/02\/53-218x160.jpg\" class=\"attachment-thumbnail size-thumbnail\" alt=\"\" aria-describedby=\"gallery-1-897\" \/><\/a>\n\t\t\t<\/dt>\n\t\t\t\t<dd class='wp-caption-text gallery-caption' id='gallery-1-897'>\n\t\t\t\tOd lewej: Stratis Psycharakis, George Pantinakis, Socrates Psycharakis, Savvakis Constantinos.\n\t\t\t\t<\/dd><\/dl><br style=\"clear: both\" \/>\n\t\t<\/div>\n\n<div class=\"themeblvd-video-wrapper\">\n<div class=\"video-inner\"><iframe loading=\"lazy\" width=\"940\" height=\"705\" src=\"http:\/\/www.youtube.com\/embed\/EIsbb7XGPzo?feature=oembed&#038;wmode=transparent\" frameborder=\"0\" allowfullscreen><\/iframe><\/div>\n<\/div>","protected":false},"excerpt":{"rendered":"<p>&nbsp; &nbsp; Tradycyjna tawerna \u201ePATSOS\u201d znajduje si\u0119 w centrum wsi i dzia\u0142a od 1933 roku. Jej historia jest bezpo\u015brednio zwi\u0105zana z histori\u0105 miejscowo\u015bci. Synonim tradycji, kultury, jako\u015bci i autentyczno\u015bci, poniewa\u017c nie podda\u0142a si\u0119 masowej turystyce i wytwarzane produkty, kt\u00f3re odegra\u0142y wa\u017cn\u0105 rol\u0119 w \u017cyciu spo\u0142ecznym naszej wsi. Nie by\u0142oby przesad\u0105 stwierdzenie, \u017ce by\u0142o to \u201eforum\u201d w staro\u017cytnym znaczeniu tego s\u0142owa. To miejsce, w kt\u00f3rym b\u0119dziesz cieszy\u0107 si\u0119 wspania\u0142ymi tradycyjnymi gotowanymi posi\u0142kami, kaw\u0105, domowym \u015bniadaniem, raki lub winem. Rustykalne przepisy z lokalnymi sk\u0142adnikami i mi\u0119sami we wszystkich potrawach b\u0119d\u0105 niezapomniane. A wszystko to w\u2026 <a class=\"read-more-link\" href=\"https:\/\/patsosescape.com\/pl\/coffeehouse\/\">Czytaj wi\u0119cej<\/a><\/p>","protected":false},"author":3,"featured_media":0,"parent":0,"menu_order":11,"comment_status":"closed","ping_status":"closed","template":"","meta":{"ngg_post_thumbnail":0,"_glsr_average":0,"_glsr_ranking":0,"_glsr_reviews":0,"footnotes":""},"class_list":["post-789","page","type-page","status-publish","hentry"],"aioseo_notices":[],"_links":{"self":[{"href":"https:\/\/patsosescape.com\/pl\/wp-json\/wp\/v2\/pages\/789","targetHints":{"allow":["GET"]}}],"collection":[{"href":"https:\/\/patsosescape.com\/pl\/wp-json\/wp\/v2\/pages"}],"about":[{"href":"https:\/\/patsosescape.com\/pl\/wp-json\/wp\/v2\/types\/page"}],"author":[{"embeddable":true,"href":"https:\/\/patsosescape.com\/pl\/wp-json\/wp\/v2\/users\/3"}],"replies":[{"embeddable":true,"href":"https:\/\/patsosescape.com\/pl\/wp-json\/wp\/v2\/comments?post=789"}],"version-history":[{"count":0,"href":"https:\/\/patsosescape.com\/pl\/wp-json\/wp\/v2\/pages\/789\/revisions"}],"wp:attachment":[{"href":"https:\/\/patsosescape.com\/pl\/wp-json\/wp\/v2\/media?parent=789"}],"curies":[{"name":"wp","href":"https:\/\/api.w.org\/{rel}","templated":true}]}}