{"id":792,"date":"2015-02-26T01:28:13","date_gmt":"2015-02-25T23:28:13","guid":{"rendered":"http:\/\/patsosescape.com\/newsite\/?page_id=792"},"modified":"2022-09-20T22:53:32","modified_gmt":"2022-09-20T19:53:32","slug":"contact-us","status":"publish","type":"page","link":"https:\/\/patsosescape.com\/pl\/contact-us\/","title":{"rendered":"Skontaktuj si\u0119 z nami"},"content":{"rendered":"<figure class=\"wp-block-image size-large\"><img loading=\"lazy\" decoding=\"async\" width=\"908\" height=\"488\" src=\"https:\/\/patsosescape.com\/wp-content\/uploads\/2021\/04\/About-Patsos-Outdoor-activities-Rethymno-Crete.jpg\" alt=\"Wypoczynek na \u015bwie\u017cym powietrzu w Retimno na Krecie - Patsos Escape\" class=\"wp-image-2551\" srcset=\"https:\/\/patsosescape.com\/wp-content\/uploads\/2021\/04\/About-Patsos-Outdoor-activities-Rethymno-Crete.jpg 908w, https:\/\/patsosescape.com\/wp-content\/uploads\/2021\/04\/About-Patsos-Outdoor-activities-Rethymno-Crete-300x161.jpg 300w, https:\/\/patsosescape.com\/wp-content\/uploads\/2021\/04\/About-Patsos-Outdoor-activities-Rethymno-Crete-768x413.jpg 768w, https:\/\/patsosescape.com\/wp-content\/uploads\/2021\/04\/About-Patsos-Outdoor-activities-Rethymno-Crete-16x9.jpg 16w, https:\/\/patsosescape.com\/wp-content\/uploads\/2021\/04\/About-Patsos-Outdoor-activities-Rethymno-Crete-620x333.jpg 620w, https:\/\/patsosescape.com\/wp-content\/uploads\/2021\/04\/About-Patsos-Outdoor-activities-Rethymno-Crete-195x105.jpg 195w, https:\/\/patsosescape.com\/wp-content\/uploads\/2021\/04\/About-Patsos-Outdoor-activities-Rethymno-Crete-542x292.jpg 542w\" sizes=\"auto, (max-width: 908px) 100vw, 908px\" \/><\/figure>\n<p>&nbsp;<\/p>\n<p>Aby uzyska\u0107 wi\u0119cej informacji, skontaktuj si\u0119 z nami pod adresem <strong>telefon (+30) 6977614695<\/strong><br \/>Mo\u017cesz r\u00f3wnie\u017c wys\u0142a\u0107 nam plik <strong>e-mail pod adresem <a href=\"mailto:info@patsosescape.com\">info@patsosescape.com<\/a><\/strong><\/p>\n<p>lub po prostu wype\u0142nij poni\u017cszy formularz kontaktowy\u2026<\/p>\n<h3>&nbsp;<\/h3>\n<h3><span style=\"color: #3366ff;\"><strong>SKONTAKTUJ SI\u0118 Z NAMI<\/strong><\/span><\/h3>\n\n<div class=\"wpcf7 no-js\" id=\"wpcf7-f830-o1\" lang=\"en-US\" dir=\"ltr\" data-wpcf7-id=\"830\">\n<div class=\"screen-reader-response\"><p role=\"status\" aria-live=\"polite\" aria-atomic=\"true\"><\/p> <ul><\/ul><\/div>\n<form action=\"\/pl\/wp-json\/wp\/v2\/pages\/792#wpcf7-f830-o1\" method=\"post\" class=\"wpcf7-form init\" aria-label=\"Contact form\" novalidate=\"novalidate\" data-status=\"init\" data-trp-original-action=\"\/pl\/wp-json\/wp\/v2\/pages\/792#wpcf7-f830-o1\">\n<fieldset class=\"hidden-fields-container\"><input type=\"hidden\" name=\"_wpcf7\" value=\"830\" \/><input type=\"hidden\" name=\"_wpcf7_version\" value=\"6.1.5\" \/><input type=\"hidden\" name=\"_wpcf7_locale\" value=\"en_US\" \/><input type=\"hidden\" name=\"_wpcf7_unit_tag\" value=\"wpcf7-f830-o1\" \/><input type=\"hidden\" name=\"_wpcf7_container_post\" value=\"0\" \/><input type=\"hidden\" name=\"_wpcf7_posted_data_hash\" value=\"\" \/>\n<\/fieldset>\n<p>Twoje Imi\u0119 (wymagane)\n<\/p>\n<p><span class=\"wpcf7-form-control-wrap\" data-name=\"your-name\"><input size=\"40\" maxlength=\"400\" class=\"wpcf7-form-control wpcf7-text wpcf7-validates-as-required\" aria-required=\"true\" aria-invalid=\"false\" value=\"\" type=\"text\" name=\"your-name\" \/><\/span>\n<\/p>\n<p>Tw\u00f3j Email (wymagane)\n<\/p>\n<p><span class=\"wpcf7-form-control-wrap\" data-name=\"your-email\"><input size=\"40\" maxlength=\"400\" class=\"wpcf7-form-control wpcf7-email wpcf7-validates-as-required wpcf7-text wpcf7-validates-as-email\" aria-required=\"true\" aria-invalid=\"false\" value=\"\" type=\"email\" name=\"your-email\" \/><\/span>\n<\/p>\n<p>Przedmiot\n<\/p>\n<p><span class=\"wpcf7-form-control-wrap\" data-name=\"your-subject\"><input size=\"40\" maxlength=\"400\" class=\"wpcf7-form-control wpcf7-text\" aria-invalid=\"false\" value=\"\" type=\"text\" name=\"your-subject\" \/><\/span>\n<\/p>\n<p>Twoja wiadomo\u015b\u0107\n<\/p>\n<p><span class=\"wpcf7-form-control-wrap\" data-name=\"your-message\"><textarea cols=\"40\" rows=\"10\" maxlength=\"2000\" class=\"wpcf7-form-control wpcf7-textarea\" aria-invalid=\"false\" name=\"your-message\"><\/textarea><\/span>\n<\/p>\n<p>Prosz\u0119 wprowadzi\u0107 kod weryfikacyjny: <input type=\"hidden\" name=\"_wpcf7_captcha_challenge_captcha-735\" value=\"559081217\" \/><img loading=\"lazy\" decoding=\"async\" class=\"wpcf7-form-control wpcf7-captchac wpcf7-captcha-captcha-735\" width=\"60\" height=\"20\" alt=\"captcha\" src=\"https:\/\/patsosescape.com\/wp-content\/uploads\/wpcf7_captcha\/559081217.png\" \/><span class=\"wpcf7-form-control-wrap\" data-name=\"captcha-735\"><input size=\"40\" class=\"wpcf7-form-control wpcf7-captchar\" autocomplete=\"off\" aria-invalid=\"false\" value=\"\" type=\"text\" name=\"captcha-735\" \/><\/span>\n<\/p>\n<p><input class=\"wpcf7-form-control wpcf7-submit has-spinner\" type=\"submit\" value=\"Wys\u0142a\u0107\" \/>\n<\/p><div class=\"wpcf7-response-output\" aria-hidden=\"true\"><\/div>\n<input type=\"hidden\" name=\"trp-form-language\" value=\"pl\"\/><\/form>\n<\/div>\n\n<p>&nbsp;<\/p>\n<hr>\n<hr>\n<hr>\n<h3>&nbsp;<\/h3>\n<h3><span style=\"color: #339966;\"><strong>REZERWUJ TERAZ! - FORMULARZ ZAPYTANIA REZERWACJI<\/strong><\/span><\/h3>\n<p><span style=\"color: #339966;\">\n<div class=\"wpcf7 no-js\" id=\"wpcf7-f3188-o2\" lang=\"en-US\" dir=\"ltr\" data-wpcf7-id=\"3188\">\n<div class=\"screen-reader-response\"><p role=\"status\" aria-live=\"polite\" aria-atomic=\"true\"><\/p> <ul><\/ul><\/div>\n<form action=\"\/pl\/wp-json\/wp\/v2\/pages\/792#wpcf7-f3188-o2\" method=\"post\" class=\"wpcf7-form init\" aria-label=\"Contact form\" novalidate=\"novalidate\" data-status=\"init\" data-trp-original-action=\"\/pl\/wp-json\/wp\/v2\/pages\/792#wpcf7-f3188-o2\">\n<fieldset class=\"hidden-fields-container\"><input type=\"hidden\" name=\"_wpcf7\" value=\"3188\" \/><input type=\"hidden\" name=\"_wpcf7_version\" value=\"6.1.5\" \/><input type=\"hidden\" name=\"_wpcf7_locale\" value=\"en_US\" \/><input type=\"hidden\" name=\"_wpcf7_unit_tag\" value=\"wpcf7-f3188-o2\" \/><input type=\"hidden\" name=\"_wpcf7_container_post\" value=\"0\" \/><input type=\"hidden\" name=\"_wpcf7_posted_data_hash\" value=\"\" \/>\n<\/fieldset>\n<p>Twoje Imi\u0119 (wymagane)\n<\/p>\n<p><span class=\"wpcf7-form-control-wrap\" data-name=\"your-name\"><input size=\"40\" maxlength=\"400\" class=\"wpcf7-form-control wpcf7-text wpcf7-validates-as-required\" aria-required=\"true\" aria-invalid=\"false\" value=\"\" type=\"text\" name=\"your-name\" \/><\/span>\n<\/p>\n<p>Tw\u00f3j Email (wymagane)\n<\/p>\n<p><span class=\"wpcf7-form-control-wrap\" data-name=\"your-email\"><input size=\"40\" maxlength=\"400\" class=\"wpcf7-form-control wpcf7-email wpcf7-validates-as-required wpcf7-text wpcf7-validates-as-email\" aria-required=\"true\" aria-invalid=\"false\" value=\"\" type=\"email\" name=\"your-email\" \/><\/span>\n<\/p>\n<p>Przedmiot\n<\/p>\n<p><span class=\"wpcf7-form-control-wrap\" data-name=\"your-subject\"><input size=\"40\" maxlength=\"400\" class=\"wpcf7-form-control wpcf7-text\" aria-invalid=\"false\" value=\"\" type=\"text\" name=\"your-subject\" \/><\/span>\n<\/p>\n<p>WYBIERZ US\u0141UG\u0118 (nie wymagane), ps: mo\u017cesz wybra\u0107 wi\u0119cej ni\u017c jedn\u0105 opcj\u0119 ...\n<\/p>\n<p><span class=\"wpcf7-form-control-wrap\" data-name=\"checkbox-98\"><span class=\"wpcf7-form-control wpcf7-checkbox che119yx\" id=\"yx119che\"><span class=\"wpcf7-list-item first\"><label><input type=\"checkbox\" name=\"checkbox-98[]\" value=\"Tour \/ Excursion\" \/><span class=\"wpcf7-list-item-label\">Wycieczka \/ wycieczka<\/span><\/label><\/span><span class=\"wpcf7-list-item\"><label><input type=\"checkbox\" name=\"checkbox-98[]\" value=\"Book a Table (local food)\" \/><span class=\"wpcf7-list-item-label\">Zarezerwuj stolik (lokalne jedzenie)<\/span><\/label><\/span><span class=\"wpcf7-list-item last\"><label><input type=\"checkbox\" name=\"checkbox-98[]\" value=\"Accommodation\" \/><span class=\"wpcf7-list-item-label\">Nocleg<\/span><\/label><\/span><\/span><\/span>\n<\/p>\n<p>masz KOD ZNI\u017bKOWY? napisz to poni\u017cej, prosz\u0119 ...\n<\/p>\n<p><span class=\"wpcf7-form-control-wrap\" data-name=\"vouchercode1\"><input size=\"40\" maxlength=\"35\" class=\"wpcf7-form-control wpcf7-text vouc119yx\" id=\"yx119vouc\" aria-invalid=\"false\" value=\"Discount voucher code here...\" type=\"text\" name=\"vouchercode1\" \/><\/span>\n<\/p>\n<p>Data (nie wymagana)\n<\/p>\n<p><span class=\"wpcf7-form-control-wrap\" data-name=\"date-932\"><input class=\"wpcf7-form-control wpcf7-date wpcf7-validates-as-date 119yx\" id=\"yx119\" aria-invalid=\"false\" value=\"\" type=\"date\" name=\"date-932\" \/><\/span>\n<\/p>\n<p>Twoja wiadomo\u015b\u0107\n<\/p>\n<p><span class=\"wpcf7-form-control-wrap\" data-name=\"your-message\"><textarea cols=\"40\" rows=\"10\" maxlength=\"2000\" class=\"wpcf7-form-control wpcf7-textarea\" aria-invalid=\"false\" placeholder=\"napisz do nas wi\u0119cej informacji na temat us\u0142ug \/ us\u0142ug, kt\u00f3rymi jeste\u015b zainteresowany ... - list\u0119 naszych lokalnych wycieczek \/ wycieczek \/ zaj\u0119\u0107 i cen mo\u017cna znale\u017a\u0107 tutaj: https:\/\/patsosescape.com\/outdoor-activities\/-THANK WAS za zainteresowanie naszymi us\u0142ugami - jeste\u015bmy zobowi\u0105zani zapewni\u0107 Ci niezapomniane wra\u017cenia i czekamy na spotkanie z nami i witamy w PATSOS, RETHYMNO, CRETE !!\" name=\"your-message\"><\/textarea><\/span>\n<\/p>\n<p>Prosz\u0119 wprowadzi\u0107 kod weryfikacyjny: <input type=\"hidden\" name=\"_wpcf7_captcha_challenge_captcha-735\" value=\"1398659504\" \/><img loading=\"lazy\" decoding=\"async\" class=\"wpcf7-form-control wpcf7-captchac wpcf7-captcha-captcha-735\" width=\"60\" height=\"20\" alt=\"captcha\" src=\"https:\/\/patsosescape.com\/wp-content\/uploads\/wpcf7_captcha\/1398659504.png\" \/><span class=\"wpcf7-form-control-wrap\" data-name=\"captcha-735\"><input size=\"40\" class=\"wpcf7-form-control wpcf7-captchar\" autocomplete=\"off\" aria-invalid=\"false\" value=\"\" type=\"text\" name=\"captcha-735\" \/><\/span>\n<\/p>\n<p><input class=\"wpcf7-form-control wpcf7-submit has-spinner\" type=\"submit\" value=\"Wys\u0142a\u0107\" \/>\n<\/p><div class=\"wpcf7-response-output\" aria-hidden=\"true\"><\/div>\n<input type=\"hidden\" name=\"trp-form-language\" value=\"pl\"\/><\/form>\n<\/div>\n<\/span><\/p>","protected":false},"excerpt":{"rendered":"<p>&nbsp; For more information, please contact us on the phone (+30) 6977614695You may also send us an email at info@patsosescape.com or just fill out the contact form below&#8230; &nbsp; CONTACT US &nbsp; &nbsp; BOOK NOW! &#8211; RESERVATION REQUEST FORM<\/p>","protected":false},"author":3,"featured_media":0,"parent":0,"menu_order":12,"comment_status":"closed","ping_status":"closed","template":"","meta":{"ngg_post_thumbnail":0,"_glsr_average":0,"_glsr_ranking":0,"_glsr_reviews":0,"footnotes":""},"class_list":["post-792","page","type-page","status-publish","hentry"],"aioseo_notices":[],"_links":{"self":[{"href":"https:\/\/patsosescape.com\/pl\/wp-json\/wp\/v2\/pages\/792","targetHints":{"allow":["GET"]}}],"collection":[{"href":"https:\/\/patsosescape.com\/pl\/wp-json\/wp\/v2\/pages"}],"about":[{"href":"https:\/\/patsosescape.com\/pl\/wp-json\/wp\/v2\/types\/page"}],"author":[{"embeddable":true,"href":"https:\/\/patsosescape.com\/pl\/wp-json\/wp\/v2\/users\/3"}],"replies":[{"embeddable":true,"href":"https:\/\/patsosescape.com\/pl\/wp-json\/wp\/v2\/comments?post=792"}],"version-history":[{"count":0,"href":"https:\/\/patsosescape.com\/pl\/wp-json\/wp\/v2\/pages\/792\/revisions"}],"wp:attachment":[{"href":"https:\/\/patsosescape.com\/pl\/wp-json\/wp\/v2\/media?parent=792"}],"curies":[{"name":"wp","href":"https:\/\/api.w.org\/{rel}","templated":true}]}}