{"id":950,"date":"2015-02-26T21:34:51","date_gmt":"2015-02-26T19:34:51","guid":{"rendered":"http:\/\/patsosescape.com\/newsite\/?page_id=950"},"modified":"2021-04-30T18:02:07","modified_gmt":"2021-04-30T15:02:07","slug":"testimonials","status":"publish","type":"page","link":"https:\/\/patsosescape.com\/pl\/testimonials\/","title":{"rendered":"Referencje"},"content":{"rendered":"<h1 style=\"text-align: center;\">Referencje i recenzje<br \/>\nna PATSOS ESCAPE - Rethymno CRETE:<\/h1>\n<h2>ucieczka od ruchliwego \u017cycia do wiejskiej, tradycyjnej, prawdziwej krete\u0144skiej wioski Patsos, aby prze\u017cy\u0107 relaksuj\u0105ce do\u015bwiadczenie w naturze Amari na wyspie CRETE!<\/h2>\n<ol>\n<li><a href=\"https:\/\/patsosescape.com\/pl\/accom\/\"><strong>Zakwaterowanie ekoturystyczne - Patsos (AMARI, Rethymno, CRETE)<\/strong><\/a><\/li>\n<li><a href=\"https:\/\/patsosescape.com\/pl\/traditional-cuisine\/\"><strong>Tradycyjne potrawy krete\u0144skie<\/strong><\/a><\/li>\n<li><a href=\"https:\/\/patsosescape.com\/pl\/outdoor-activities\/\"><strong>Zaj\u0119cia na \u015bwie\u017cym powietrzu i do\u015bwiadczenia w okolicy PATSOS (AMARI - Rethymno, CRETE)<\/strong><\/a><\/li>\n<\/ol>\n<p><strong>PRZECZYTAJ NASZYCH ODWIEDZAJ\u0104CYCH RECENZJE I OPINIE<\/strong><\/p>\n<p><code><div class=\"strong-rating-wrapper average\"><span class=\"strong-rating-title\">\u015arednia ocen:<\/span> \t\t<span class=\"strong-rating\">\n\t\t\t<span class=\"star0 star\"><\/span>\n\t\t\t<span class=\"star\" style=\"display: inline-block\"><svg class=\"star_solid\" aria-hidden=\"true\" role=\"img\" xmlns=\"http:\/\/www.w3.org\/2000\/svg\" viewbox=\"-8 -8 584 520\"><path d=\"M259.3 17.8L194 150.2 47.9 171.5c-26.2 3.8-36.7 36.1-17.7 54.6l105.7 103-25 145.5c-4.5 26.3 23.2 46 46.4 33.7L288 439.6l130.7 68.7c23.2 12.2 50.9-7.4 46.4-33.7l-25-145.5 105.7-103c19-18.5 8.5-50.8-17.7-54.6L382 150.2 316.7 17.8c-11.7-23.6-45.6-23.9-57.4 0z\"><\/path><\/svg><\/span><span class=\"star\" style=\"display: inline-block\"><svg class=\"star_solid\" aria-hidden=\"true\" role=\"img\" xmlns=\"http:\/\/www.w3.org\/2000\/svg\" viewbox=\"-8 -8 584 520\"><path d=\"M259.3 17.8L194 150.2 47.9 171.5c-26.2 3.8-36.7 36.1-17.7 54.6l105.7 103-25 145.5c-4.5 26.3 23.2 46 46.4 33.7L288 439.6l130.7 68.7c23.2 12.2 50.9-7.4 46.4-33.7l-25-145.5 105.7-103c19-18.5 8.5-50.8-17.7-54.6L382 150.2 316.7 17.8c-11.7-23.6-45.6-23.9-57.4 0z\"><\/path><\/svg><\/span><span class=\"star\" style=\"display: inline-block\"><svg class=\"star_solid\" aria-hidden=\"true\" role=\"img\" xmlns=\"http:\/\/www.w3.org\/2000\/svg\" viewbox=\"-8 -8 584 520\"><path d=\"M259.3 17.8L194 150.2 47.9 171.5c-26.2 3.8-36.7 36.1-17.7 54.6l105.7 103-25 145.5c-4.5 26.3 23.2 46 46.4 33.7L288 439.6l130.7 68.7c23.2 12.2 50.9-7.4 46.4-33.7l-25-145.5 105.7-103c19-18.5 8.5-50.8-17.7-54.6L382 150.2 316.7 17.8c-11.7-23.6-45.6-23.9-57.4 0z\"><\/path><\/svg><\/span><span class=\"star\" style=\"display: inline-block\"><svg class=\"star_solid\" aria-hidden=\"true\" role=\"img\" xmlns=\"http:\/\/www.w3.org\/2000\/svg\" viewbox=\"-8 -8 584 520\"><path d=\"M259.3 17.8L194 150.2 47.9 171.5c-26.2 3.8-36.7 36.1-17.7 54.6l105.7 103-25 145.5c-4.5 26.3 23.2 46 46.4 33.7L288 439.6l130.7 68.7c23.2 12.2 50.9-7.4 46.4-33.7l-25-145.5 105.7-103c19-18.5 8.5-50.8-17.7-54.6L382 150.2 316.7 17.8c-11.7-23.6-45.6-23.9-57.4 0z\"><\/path><\/svg><\/span><span class=\"star\" style=\"display: inline-block\"><svg class=\"star_solid\" aria-hidden=\"true\" role=\"img\" xmlns=\"http:\/\/www.w3.org\/2000\/svg\" viewbox=\"-8 -8 584 520\"><path d=\"M259.3 17.8L194 150.2 47.9 171.5c-26.2 3.8-36.7 36.1-17.7 54.6l105.7 103-25 145.5c-4.5 26.3 23.2 46 46.4 33.7L288 439.6l130.7 68.7c23.2 12.2 50.9-7.4 46.4-33.7l-25-145.5 105.7-103c19-18.5 8.5-50.8-17.7-54.6L382 150.2 316.7 17.8c-11.7-23.6-45.6-23.9-57.4 0z\"><\/path><\/svg><\/span>\t\t<\/span>\n\t\t <span class=\"strong-rating-summary\">5.0 gwiazdek (oparte na 8 ocenach)<\/span><\/div><\/code><\/p>\n<div class=\"strong-view strong-view-id-1 default wpmtst-default slider-container slider-mode-horizontal slider-adaptive controls-style-buttons nav-position-outside\" data-count=\"8\" data-slider-var=\"strong_slider_id_1\" data-state=\"idle\"><div class=\"strong-content wpmslider-content\"><div class=\"wpmtst-testimonial testimonial t-slide post-2664\"><div class=\"wpmtst-testimonial-inner testimonial-inner\"><div data-infinite-loop=\"true\"   class=\"wpmtst-testimonial-content testimonial-content\"><div class=\"maybe-clear\"><\/div><p><span style=\"color: #ffffff;\">bobbydip<\/span><\/p><p><span style=\"color: #ffffff;\">Eastbourne - 11 czerwca 2019 r<\/span><\/p><p><span style=\"color: #ffffff;\">To moja druga recenzja tradycyjnej tawerny Vasilisa i Marii. Natkn\u0119li\u015bmy si\u0119 na t\u0119 urocz\u0105 przyjazn\u0105 rodzinn\u0105 tawern\u0119 12 miesi\u0119cy temu i byli\u015bmy pod takim wra\u017ceniem szczerego powitania Vasilisa, \u017ce wr\u00f3cili\u015bmy we wrze\u015bniu zesz\u0142ego roku na jedn\u0105 noc, aby przej\u015b\u0107 si\u0119 w\u0105wozem Patsos (poprzednia recenzja). W czerwcu (2019) wezwali\u015bmy Vasilisa, kt\u00f3ry odwiedzi\u0142 poblisk\u0105 zapor\u0119 Potami. Spakowali\u015bmy torb\u0119 na jedn\u0105 noc, na wypadek gdyby\u015bmy zdecydowali si\u0119 zosta\u0107 na jedn\u0105 noc. Wasilis i Maria byli zadowoleni, \u017ce nas widz\u0105 i znale\u017ali nam nocleg w pobli\u017cu. By\u0142 to nowy, luksusowy, w pe\u0142ni wyposa\u017cony apartament na pierwszym pi\u0119trze z widokiem na spokojn\u0105 i pi\u0119kn\u0105 dolin\u0119 (45 euro). Pod\u0105\u017caj\u0105c za jedn\u0105 z r\u0119cznie rysowanych map Vasilisa (musisz wiedzie\u0107, jak wygl\u0105da drzewo figowe!), Odwiedzili\u015bmy kryj\u00f3wk\u0119 `` Harakas &#039;&#039; (oznacza ogromn\u0105 i wysok\u0105 ska\u0142\u0119), gdzie ruch oporu na Krecie trzyma\u0142 schwytanego niemieckiego genera\u0142a Kreipe, zanim zosta\u0142 przemycony. z Krety i przewieziony do Kairu w 1944 roku.<\/span><\/p><p><span style=\"color: #ffffff;\">Wieczorem Maria ugotowa\u0142a nam jedn\u0105 ze swoich specjalno\u015bci. To by\u0142o mi\u0119so jednej z jej w\u0142asnych prosi\u0105t (szkoda, ale smaczne!) Z warzywami, kt\u00f3re powoli gotowa\u0142o si\u0119 przez ca\u0142y dzie\u0144\u2026 .. absolutnie pyszne. Towarzyszy\u0142a temu sa\u0142atka grecka i domathes (domowe nadziewane li\u015bcie winoro\u015bli Marii) oraz lokalne wino.<\/span><\/p><p><span style=\"color: #ffffff;\">Aby odwiedzi\u0107 ten `` ma\u0142y klejnot &#039;&#039;, potrzebujesz samochodu, ale warto. Miejmy nadziej\u0119, \u017ce moja \u017cona i ja b\u0119dziemy mie\u0107 nadziej\u0119, \u017ce we wrze\u015bniu 2019 roku z\u0142o\u017cymy Vasilisowi i Marii kolejn\u0105 wizyt\u0119, aby prze\u017cy\u0107 kolejn\u0105 wypraw\u0119 w g\u00f3ry, i oczywi\u015bcie Vasilis i Maria s\u0105 znakomici. go\u015bcinno\u015b\u0107.<\/span><\/p><\/div><div class=\"wpmtst-testimonial-field testimonial-field testimonial-name\">bobbydip<\/div><div class=\"wpmtst-testimonial-field testimonial-field testimonial-company\"><a href=\"https:\/\/www.tripadvisor.com.gr\/Restaurant_Review-g8391638-d7155689-Reviews-Patsos_Traditional_Taverna-Patsos_Rethymnon_Prefecture_Crete.html\" target=\"_blank\" rel=\"nofollow  \">www.tripadvisor.com.gr\/Restaurant_Review-g8391638-d7155689-Reviews-Patsos_Traditional_Taverna-Patsos_Rethymnon_Prefecture_Crete.html<\/a><\/div><div class=\"clear\"><\/div><\/div><\/div><div class=\"wpmtst-testimonial testimonial t-slide post-2669\"><div class=\"wpmtst-testimonial-inner testimonial-inner\"><div data-infinite-loop=\"true\"   class=\"wpmtst-testimonial-content testimonial-content\"><div class=\"maybe-clear\"><\/div><p><span style=\"color: #ffffff;\">KWIECIE\u0143 2019 - Lola L - FRANCJA,<\/span><\/p><p><span style=\"color: #ffffff;\">Posi\u0142ek przygotowa\u0142a przed nami Maria un, \u015bwie\u017ce mi\u0119so i warzywa!<\/span><br \/><span style=\"color: #ffffff;\">Kupili\u015bmy oliw\u0119 z oliwek (z okolic wioski)<\/span><\/p><p><span style=\"color: #ffffff;\">Syn Marii przekazuje informacje o wizycie i drodze (zobacz kaplic\u0119 w jaskini)<\/span><\/p><p><span style=\"color: #ffffff;\">To by\u0142 najlepszy moment z mieszka\u0144cami Cr\u00e8te !!!!!<\/span><\/p><\/div><div class=\"wpmtst-testimonial-field testimonial-field testimonial-name\">Lola L<\/div><div class=\"wpmtst-testimonial-field testimonial-field testimonial-company\"><a href=\"https:\/\/www.tripadvisor.com.gr\/Restaurant_Review-g8391638-d7155689-Reviews-Patsos_Traditional_Taverna-Patsos_Rethymnon_Prefecture_Crete.html\" target=\"_blank\" rel=\"nofollow  \">www.tripadvisor.com.gr\/Restaurant_Review-g8391638-d7155689-Reviews-Patsos_Traditional_Taverna-Patsos_Rethymnon_Prefecture_Crete.html<\/a><\/div><div class=\"clear\"><\/div><\/div><\/div><div class=\"wpmtst-testimonial testimonial t-slide post-2668\"><div class=\"wpmtst-testimonial-inner testimonial-inner\"><div data-infinite-loop=\"true\"   class=\"wpmtst-testimonial-content testimonial-content\"><div class=\"maybe-clear\"><\/div><p><span style=\"color: #ffffff;\">Matt s - Clacton-on-Sea, Wielka Brytania -<\/span><\/p><p><span style=\"color: #ffffff;\">Kwiecie\u0144 2020<\/span><\/p><p><span style=\"color: #ffffff;\">Ciep\u0142e i szczere, tradycyjne jedzenie otoczone autentyczn\u0105 Kret\u0105. Lokalne spacery widokowe pomagaj\u0105 budowa\u0107 apetyt na obiady, kt\u00f3rych nie chce si\u0119 sko\u0144czy\u0107.<\/span><\/p><\/div><div class=\"wpmtst-testimonial-field testimonial-field testimonial-name\">Matt s, Clacton-on-Sea, Wielka Brytania<\/div><div class=\"wpmtst-testimonial-field testimonial-field testimonial-company\"><a href=\"https:\/\/www.tripadvisor.com.gr\/Restaurant_Review-g8391638-d7155689-Reviews-Patsos_Traditional_Taverna-Patsos_Rethymnon_Prefecture_Crete.html\" target=\"_blank\" rel=\"nofollow  \">www.tripadvisor.com.gr\/Restaurant_Review-g8391638-d7155689-Reviews-Patsos_Traditional_Taverna-Patsos_Rethymnon_Prefecture_Crete.html<\/a><\/div><div class=\"clear\"><\/div><\/div><\/div><div class=\"wpmtst-testimonial testimonial t-slide post-2666\"><div class=\"wpmtst-testimonial-inner testimonial-inner\"><div data-infinite-loop=\"true\"   class=\"wpmtst-testimonial-content testimonial-content\"><div class=\"maybe-clear\"><\/div><p><span style=\"color: #ffffff;\">22 maja 2019 - perh682 - Nasz post\u00f3j w tawernie Patsos by\u0142 na naszej drodze. Sko\u0144czy\u0142o si\u0119 to niezapomnianym lunchem podczas naszego pobytu na Krecie. Pyszne jedzenie ugotowane przez Mari\u0119 i bardzo pomocne i przyjazne podane przez jej s\u0142o\u0144ce Vassilis.<\/span><br \/><span style=\"color: #ffffff;\">Po drodze absolutnie warto si\u0119 zatrzyma\u0107. Vassilis ma r\u00f3wnie\u017c urocz\u0105 broszur\u0119 o okolicy, a kaplica \u015bw. Antoniego w pobliskim w\u0105wozie jest konieczno\u015bci\u0105\u2026<\/span><\/p><\/div><div class=\"wpmtst-testimonial-field testimonial-field testimonial-name\">perh682<\/div><div class=\"wpmtst-testimonial-field testimonial-field testimonial-company\"><a href=\"https:\/\/www.tripadvisor.com.gr\/Restaurant_Review-g8391638-d7155689-Reviews-Patsos_Traditional_Taverna-Patsos_Rethymnon_Prefecture_Crete.html\" target=\"_blank\" rel=\"nofollow  \">www.tripadvisor.com.gr\/Restaurant_Review-g8391638-d7155689-Reviews-Patsos_Traditional_Taverna-Patsos_Rethymnon_Prefecture_Crete.html<\/a><\/div><div class=\"clear\"><\/div><\/div><\/div><div class=\"wpmtst-testimonial testimonial t-slide post-2671\"><div class=\"wpmtst-testimonial-inner testimonial-inner\"><div data-infinite-loop=\"true\"   class=\"wpmtst-testimonial-content testimonial-content\"><div class=\"maybe-clear\"><\/div><p><span style=\"color: #ffffff;\">16 pa\u017adziernika 2018 - Zatrzymali\u015bmy si\u0119 w tej tawernie podczas jazdy po okolicy wiosn\u0105 2018 roku. Vassilis, w\u0142a\u015bciciel, przedstawi\u0142 si\u0119 nam i opowiedzia\u0142 nam o okolicy i w\u0105wozie Patsos. Kiedy jesieni\u0105 wr\u00f3cili\u015bmy na Kret\u0119, skontaktowa\u0142em si\u0119 z Vassili i um\u00f3wi\u0142em si\u0119 na jedn\u0105 noc w jego doskona\u0142ym miejscu. wi\u0119c mogli\u015bmy przej\u015b\u0107 si\u0119 w\u0105wozem Patsos i sp\u0119dzi\u0107 wiecz\u00f3r w jego tawernie, delektuj\u0105c si\u0119 kuchni\u0105 jego 80-letniej matki (Marii). Po przyje\u017adzie rano podano nam \u015bniadanie przed przej\u015bciem przez w\u0105w\u00f3z. Vassilis wyja\u015bni\u0142 nam tras\u0119 i dostarczy\u0142 nam mapy i wskaz\u00f3wki. Upar\u0142 si\u0119, \u017ce zabierze nas z ko\u0144ca w\u0105wozu. W\u0105w\u00f3z by\u0142 genialny i nie przypomina\u0142 innych, kt\u00f3rymi chodzili\u015bmy na Krecie. To by\u0142 kurs szturmowy; trzymaj\u0105c si\u0119 lin, gdy wspinali\u015bmy si\u0119 po ska\u0142ach i wzd\u0142u\u017c w\u0105skich \u015bcie\u017cek wzd\u0142u\u017c boku w\u0105wozu. Vassilis dotrzyma\u0142 obietnicy i zabra\u0142 nas. Tego wieczoru Maria gotowa\u0142a wy\u0142\u0105cznie dla nas. Podoba\u0142o nam si\u0119 jego lokalne kotlety jagni\u0119ce ze wszystkimi dodatkami, lokalnym winem i podzielili\u015bmy si\u0119 najlepsz\u0105 cz\u0119\u015bci\u0105 butelki raki! Vassilis jest bardzo dumnym Krete\u0144czykiem i opowiedzia\u0142 nam histori\u0119 tego regionu. Na pewno zatrzymamy si\u0119 tam ponownie i odkryjemy inne w\u0119dr\u00f3wki w okolicy. Dzi\u0119kuj\u0119 Vassilis i Maria.<\/span><\/p><\/div><div class=\"wpmtst-testimonial-field testimonial-field testimonial-name\">Bod - Eastbourne - Wielka Brytania<\/div><div class=\"wpmtst-testimonial-field testimonial-field testimonial-company\"><a href=\"https:\/\/www.tripadvisor.com.gr\/Restaurant_Review-g8391638-d7155689-Reviews-Patsos_Traditional_Taverna-Patsos_Rethymnon_Prefecture_Crete.html\" target=\"_blank\" rel=\"nofollow  \">www.tripadvisor.com.gr\/Restaurant_Review-g8391638-d7155689-Reviews-Patsos_Traditional_Taverna-Patsos_Rethymnon_Prefecture_Crete.html<\/a><\/div><div class=\"clear\"><\/div><\/div><\/div><div class=\"wpmtst-testimonial testimonial t-slide post-2665\"><div class=\"wpmtst-testimonial-inner testimonial-inner\"><div data-infinite-loop=\"true\"   class=\"wpmtst-testimonial-content testimonial-content\"><div class=\"maybe-clear\"><\/div><p><span style=\"color: #ffffff;\">26 maja 2019 - AnsgarAbroad - Eppstein, Niemcy<\/span><\/p><p><span style=\"color: #ffffff;\">Wasilij wydaje si\u0119 \u201epo prostu to mie\u0107\u201d, a jego mama gotuje wspania\u0142e krete\u0144skie potrawy. Id\u017a tam na pyszny posi\u0142ek, zbyt przypadkowo spotkaj si\u0119 z lud\u017ami (atmosfera polega na interakcji i wymianie) i uzyskaj porady dotycz\u0105ce szlak\u00f3w, rzeczy do zrobienia itp. Id\u017a z codzienn\u0105 specjalno\u015bci\u0105, butelk\u0105 lokalnego wina i przynie\u015b troch\u0119 czasu\u2026<\/span><\/p><\/div><div class=\"wpmtst-testimonial-field testimonial-field testimonial-name\">Ansgar Abroad, Eppstein, Niemcy<\/div><div class=\"wpmtst-testimonial-field testimonial-field testimonial-company\"><a href=\"https:\/\/www.tripadvisor.com.gr\/Restaurant_Review-g8391638-d7155689-Reviews-Patsos_Traditional_Taverna-Patsos_Rethymnon_Prefecture_Crete.html\" target=\"_blank\" rel=\"nofollow  \">www.tripadvisor.com.gr\/Restaurant_Review-g8391638-d7155689-Reviews-Patsos_Traditional_Taverna-Patsos_Rethymnon_Prefecture_Crete.html<\/a><\/div><div class=\"clear\"><\/div><\/div><\/div><div class=\"wpmtst-testimonial testimonial t-slide post-2663\"><div class=\"wpmtst-testimonial-inner testimonial-inner\"><div data-infinite-loop=\"true\"   class=\"wpmtst-testimonial-content testimonial-content\"><div class=\"maybe-clear\"><\/div><p><span style=\"color: #ffffff;\">25 sty 2020 - dainl102 -<\/span><\/p><p><span style=\"color: #ffffff;\">Jedno z NAJLEPSZYCH i najbardziej autentycznych do\u015bwiadcze\u0144, jakie kiedykolwiek mieli\u015bmy. Tawern\u0119 prowadzi Vassilis, kt\u00f3ry przenosi krete\u0144sk\u0105 go\u015bcinno\u015b\u0107 na zupe\u0142nie nowy poziom. Jest tak hojny w swoim czasie, do\u015bwiadczeniu i wiedzy - jego pasja do Patsos i ludu Krete\u0144skiego jest zara\u017aliwa. Jego matka zajmuje si\u0119 gotowaniem, wi\u0119c nie tylko do\u015bwiadczysz autentycznej lokalnej kultury, ale b\u0119dziesz cieszy\u0107 si\u0119 tradycyjnymi domowymi potrawami krete\u0144skimi\u2026 to by\u0142y zdecydowanie najlepsze posi\u0142ki, jakie jedli\u015bmy na Krecie (po pi\u0119ciu tygodniach na Krecie). Odejdziesz czuj\u0105c si\u0119 jak rodzina. Patsos to klejnot okolicy, z natur\u0105 tu\u017c za progiem, dzi\u0119ki czemu mo\u017cesz poczu\u0107 si\u0119 w pe\u0142ni zanurzony w krete\u0144skich g\u00f3rach. Jest r\u00f3wnie\u017c centralnie po\u0142o\u017cony i stosunkowo blisko Rethymno, co umo\u017cliwia \u0142atwy dost\u0119p i jednodniowe wycieczki do wielu innych cz\u0119\u015bci wyspy. Ponadto, je\u015bli jeste\u015b mi\u0142o\u015bnikiem historii, by\u0142 to jeden z przystank\u00f3w podczas II wojny \u015bwiatowej, gdzie schwytany niemiecki genera\u0142 Kriepe by\u0142 ukrywany przez dwie noce (ksi\u0105\u017cka Christophera McDougalla Natural Born Heroes). Nie po\u017ca\u0142ujesz zej\u015bcia z utartej \u015bcie\u017cki, aby tu przyjecha\u0107 - ci\u0119\u017cko b\u0119dzie si\u0119 po\u017cegna\u0107 po zako\u0144czeniu wycieczki!<\/span><\/p><\/div><div class=\"wpmtst-testimonial-field testimonial-field testimonial-name\">Dain L.<\/div><div class=\"wpmtst-testimonial-field testimonial-field testimonial-company\"><a href=\"https:\/\/www.tripadvisor.com.gr\/Restaurant_Review-g8391638-d7155689-Reviews-Patsos_Traditional_Taverna-Patsos_Rethymnon_Prefecture_Crete.html\" target=\"_blank\" rel=\"nofollow  \">www.tripadvisor.com.gr\/Restaurant_Review-g8391638-d7155689-Reviews-Patsos_Traditional_Taverna-Patsos_Rethymnon_Prefecture_Crete.html<\/a><\/div><div class=\"clear\"><\/div><\/div><\/div><div class=\"wpmtst-testimonial testimonial t-slide post-2670\"><div class=\"wpmtst-testimonial-inner testimonial-inner\"><div data-infinite-loop=\"true\"   class=\"wpmtst-testimonial-content testimonial-content\"><div class=\"maybe-clear\"><\/div><p><span style=\"color: #ffffff;\">Brigitte i Hans (Johannes)<\/span><\/p><p><span style=\"color: #ffffff;\">Dzie\u0144 dobry Vasilisie, wczoraj wieczorem dotarli\u015bmy do naszego hotelu po spacerze do Agios Antonios. Nie mogli\u015bmy tego wieczoru co\u015b zje\u015b\u0107. Obiad, ugotowany przez twoj\u0105 matk\u0119, by\u0142 taki dobry i tak du\u017co! Bardzo dzi\u0119kujemy za wszystko, co nam da\u0142e\u015b. Rozmowa by\u0142a bardzo interesuj\u0105ca. Sp\u0119dzili\u015bmy wspania\u0142y dzie\u0144 \u2026\u2026 ..<\/span><\/p><\/div><div class=\"wpmtst-testimonial-field testimonial-field testimonial-name\">Brigitte i Hans (Johannes)<\/div><div class=\"wpmtst-testimonial-field testimonial-field testimonial-company\"><a href=\"https:\/\/www.tripadvisor.com.gr\/Restaurant_Review-g8391638-d7155689-Reviews-Patsos_Traditional_Taverna-Patsos_Rethymnon_Prefecture_Crete.html\" target=\"_blank\" rel=\"nofollow  \">www.tripadvisor.com.gr\/Restaurant_Review-g8391638-d7155689-Reviews-Patsos_Traditional_Taverna-Patsos_Rethymnon_Prefecture_Crete.html<\/a><\/div><div class=\"clear\"><\/div><\/div><\/div><\/div><\/div>\n<p>&nbsp;<\/p>\n<p>&nbsp;<\/p>\n<p><span class=\"hqzQac\" data-ved=\"2ahUKEwj14YXuvJzwAhV2wAIHHVCfC80QiCswEXoECCYQBQ\"><span id=\"ow50\"><a title=\"Opinie Google na temat Patsos Escape\" role=\"button\" href=\"https:\/\/www.google.com\/search?q=patsos+escape#\" target=\"_blank\" rel=\"noopener\" data-fid=\"0x149b0daa68fee8bf:0xa02eac20b70c0101\" data-is_owner=\"false\" data-nohref=\"1\" data-sort_by=\"qualityScore\" data-async-trigger=\"reviewDialog\" data-ved=\"2ahUKEwj14YXuvJzwAhV2wAIHHVCfC80Q8mswEXoECCYQBg\"><strong>Opinie GOOGLE na temat Patsos Escape<\/strong><\/a><\/span><\/span><\/p>\n<p><a title=\"Opinie FACEBOOK na Patsos Escpae\" href=\"https:\/\/www.facebook.com\/patsosescape\/reviews\/?ref=page_internal\" target=\"_blank\" rel=\"noopener\"><strong>Opinie FACEBOOK na temat Patsos Escape<\/strong><\/a><\/p>\n<p><strong><span class=\"hqzQac\" data-ved=\"2ahUKEwj14YXuvJzwAhV2wAIHHVCfC80QiCswEXoECCYQBQ\"><span id=\"ow50\"><a title=\"Recenzje TripAdvisor na temat Patsos Escape\" role=\"button\" href=\"https:\/\/www.tripadvisor.com\/Restaurant_Review-g8391638-d7155689-Reviews-Patsos_Traditional_Taverna-Patsos_Rethymnon_Prefecture_Crete.html\" target=\"_blank\" rel=\"noopener\" data-fid=\"0x149b0daa68fee8bf:0xa02eac20b70c0101\" data-is_owner=\"false\" data-nohref=\"1\" data-sort_by=\"qualityScore\" data-async-trigger=\"reviewDialog\" data-ved=\"2ahUKEwj14YXuvJzwAhV2wAIHHVCfC80Q8mswEXoECCYQBg\">Recenzje TRIPADVISOR na temat Patsos Escape<\/a><\/span><\/span><\/strong><\/p>\n<p>&nbsp;<\/p>\n<p>&nbsp;<\/p>","protected":false},"excerpt":{"rendered":"<p>Testimonials&nbsp; and Reviews on PATSOS ESCAPE &#8211; Rethymno CRETE: escape from a busy life to Patsos rural, traditional, genuine Cretan village for a relaxed experience in the nature of Amari on the island of CRETE! Ecotourism Accommodation &#8211; Patsos (AMARI, Rethymno, CRETE) Traditional Cretan Food Outdoor Activities &amp; Experiences in PATSOS area (AMARI &#8211; Rethymno, CRETE) READ OUR VISITORS REVIEWS &amp; TESTIMONIALS &nbsp; &nbsp; GOOGLE reviews on Patsos Escape FACEBOOK reviews on Patsos Escape TRIPADVISOR reviews on Patsos Escape &nbsp; &nbsp;<\/p>","protected":false},"author":3,"featured_media":0,"parent":0,"menu_order":0,"comment_status":"closed","ping_status":"closed","template":"","meta":{"ngg_post_thumbnail":0,"_glsr_average":0,"_glsr_ranking":0,"_glsr_reviews":0,"footnotes":""},"class_list":["post-950","page","type-page","status-publish","hentry"],"aioseo_notices":[],"_links":{"self":[{"href":"https:\/\/patsosescape.com\/pl\/wp-json\/wp\/v2\/pages\/950","targetHints":{"allow":["GET"]}}],"collection":[{"href":"https:\/\/patsosescape.com\/pl\/wp-json\/wp\/v2\/pages"}],"about":[{"href":"https:\/\/patsosescape.com\/pl\/wp-json\/wp\/v2\/types\/page"}],"author":[{"embeddable":true,"href":"https:\/\/patsosescape.com\/pl\/wp-json\/wp\/v2\/users\/3"}],"replies":[{"embeddable":true,"href":"https:\/\/patsosescape.com\/pl\/wp-json\/wp\/v2\/comments?post=950"}],"version-history":[{"count":0,"href":"https:\/\/patsosescape.com\/pl\/wp-json\/wp\/v2\/pages\/950\/revisions"}],"wp:attachment":[{"href":"https:\/\/patsosescape.com\/pl\/wp-json\/wp\/v2\/media?parent=950"}],"curies":[{"name":"wp","href":"https:\/\/api.w.org\/{rel}","templated":true}]}}